{"id":2375,"date":"2019-07-02T15:00:06","date_gmt":"2019-07-02T15:00:06","guid":{"rendered":"http:\/\/kinderapia.com\/tractaments\/logopedia"},"modified":"2020-01-02T11:45:48","modified_gmt":"2020-01-02T11:45:48","slug":"logopedia","status":"publish","type":"page","link":"https:\/\/kinderapia.com\/ca\/tractaments\/logopedia","title":{"rendered":"Logop\u00e8dia"},"content":{"rendered":"<p>[et_pb_section fb_built=&#8221;1&#8243; admin_label=&#8221;Hero&#8221; _builder_version=&#8221;3.23.3&#8243; custom_padding=&#8221;0px|0px|0px|0px&#8221; animation_style=&#8221;zoom&#8221; animation_intensity_zoom=&#8221;4%&#8221; z_index_tablet=&#8221;500&#8243; box_shadow_horizontal_tablet=&#8221;0px&#8221; box_shadow_vertical_tablet=&#8221;0px&#8221; box_shadow_blur_tablet=&#8221;40px&#8221; box_shadow_spread_tablet=&#8221;0px&#8221;][et_pb_row column_structure=&#8221;1_2,1_2&#8243; use_custom_gutter=&#8221;on&#8221; gutter_width=&#8221;1&#8243; make_equal=&#8221;on&#8221; custom_padding_last_edited=&#8221;on|phone&#8221; module_class=&#8221; et_pb_row_fullwidth et_pb_row_fullwidth&#8221; _builder_version=&#8221;3.26.2&#8243; background_color=&#8221;#58bec8&#8243; background_image=&#8221;http:\/\/kinderapia.com\/wp-content\/uploads\/2019\/06\/circle-background-pattern.png&#8221; background_size=&#8221;initial&#8221; width=&#8221;100%&#8221; width_tablet=&#8221;100%&#8221; width_phone=&#8221;&#8221; width_last_edited=&#8221;on|desktop&#8221; max_width=&#8221;100%&#8221; max_width_tablet=&#8221;100%&#8221; max_width_phone=&#8221;&#8221; max_width_last_edited=&#8221;on|desktop&#8221; custom_padding=&#8221;0px||0px|||&#8221; custom_padding_tablet=&#8221;&#8221; custom_padding_phone=&#8221;50px||||false|false&#8221; animation_style=&#8221;slide&#8221; animation_direction=&#8221;top&#8221; animation_intensity_slide=&#8221;3%&#8221; make_fullwidth=&#8221;on&#8221;][et_pb_column type=&#8221;1_2&#8243; _builder_version=&#8221;3.25&#8243; custom_padding=&#8221;10%|8%|10%|8%&#8221; custom_padding__hover=&#8221;|||&#8221;][et_pb_text _builder_version=&#8221;4.0.9&#8243; text_font=&#8221;||||||||&#8221; header_font=&#8221;Roboto Slab|700|||||||&#8221; header_text_color=&#8221;#FFFFFF&#8221; header_font_size=&#8221;45px&#8221; header_2_font=&#8221;Fredoka One||||||||&#8221; header_2_text_color=&#8221;#262f71&#8243; header_2_font_size=&#8221;46px&#8221; header_2_line_height=&#8221;1.3em&#8221; header_4_font=&#8221;Roboto Slab|700|||||||&#8221; header_4_font_size=&#8221;35px&#8221; custom_margin=&#8221;-71px|||||&#8221; animation_style=&#8221;slide&#8221; animation_direction=&#8221;top&#8221; animation_intensity_slide=&#8221;5%&#8221; animation_starting_opacity=&#8221;100%&#8221; hover_enabled=&#8221;0&#8243;]<\/p>\n<h1>Logop\u00e8dia<\/h1>\n<p>[\/et_pb_text][et_pb_text _builder_version=&#8221;4.0.9&#8243; text_font=&#8221;Roboto Slab||||||||&#8221; text_text_color=&#8221;#FFFFFF&#8221; text_font_size=&#8221;25px&#8221; header_font=&#8221;|700|||||||&#8221; custom_margin=&#8221;37px|||||&#8221; custom_padding=&#8221;||17px|||&#8221; hover_enabled=&#8221;0&#8243;]<\/p>\n<p>El llenguatge \u00e9s l\u2019eina de les eines.<\/p>\n<p>[\/et_pb_text][et_pb_text _builder_version=&#8221;4.0.9&#8243; text_font=&#8221;Roboto|300|||||||&#8221; text_text_color=&#8221;#FFFFFF&#8221; text_font_size=&#8221;17px&#8221; text_line_height=&#8221;1.5em&#8221; header_font=&#8221;|700|||||||&#8221; animation_style=&#8221;slide&#8221; animation_direction=&#8221;top&#8221; animation_intensity_slide=&#8221;5%&#8221; animation_starting_opacity=&#8221;100%&#8221; hover_enabled=&#8221;0&#8243;]<\/p>\n<p>La logop\u00e8dia \u00e9s una disciplina basada en l\u2019educaci\u00f3, rehabilitaci\u00f3, tractament del llenguatge i la comunicaci\u00f3 en els nens i nenes i els adults.<\/p>\n<p>[\/et_pb_text][\/et_pb_column][et_pb_column type=&#8221;1_2&#8243; _builder_version=&#8221;3.25&#8243; background_image=&#8221;http:\/\/kinderapia.com\/wp-content\/uploads\/2019\/07\/Kinderapia-logopedia.jpg&#8221; custom_padding=&#8221;|||&#8221; custom_padding__hover=&#8221;|||&#8221;][\/et_pb_column][\/et_pb_row][\/et_pb_section][et_pb_section fb_built=&#8221;1&#8243; admin_label=&#8221;Feature&#8221; _builder_version=&#8221;3.23.3&#8243; background_image=&#8221;http:\/\/kinderapia.com\/wp-content\/uploads\/2019\/07\/Fondo-Kinderapia-centro-de-psicologia.png&#8221; parallax=&#8221;on&#8221; parallax_method=&#8221;off&#8221; custom_padding=&#8221;0px|||||&#8221;][et_pb_row column_structure=&#8221;1_2,1_2&#8243; use_custom_gutter=&#8221;on&#8221; _builder_version=&#8221;3.25&#8243; custom_padding=&#8221;41px||0px|||&#8221;][et_pb_column type=&#8221;1_2&#8243; _builder_version=&#8221;3.25&#8243; custom_padding=&#8221;|||&#8221; custom_padding__hover=&#8221;|||&#8221;][et_pb_image src=&#8221;http:\/\/kinderapia.com\/wp-content\/uploads\/2019\/07\/Kinderapia-logopedia.jpg&#8221; disabled_on=&#8221;off|on|on&#8221; _builder_version=&#8221;3.26.2&#8243;][\/et_pb_image][et_pb_text _builder_version=&#8221;4.0.9&#8243; text_font=&#8221;Roboto|300|||||||&#8221; text_text_color=&#8221;#757575&#8243; text_font_size=&#8221;17px&#8221; text_line_height=&#8221;1.5em&#8221; hover_enabled=&#8221;0&#8243;]<\/p>\n<p>El logopeda \u00e9s el professional que pot avaluar si el nivell de llenguatge d\u2019un nen o nena \u00e9s correcte o no, si nom\u00e9s t\u00e9 problemes quan parla o quan parla i escriu (com en la disl\u00e8xia) o amb altres aspectes com les matem\u00e0tiques (discalculia), l\u2019orientaci\u00f3 espacial, l\u2019atenci\u00f3, tartamudesa, veu ronca&#8230;<\/p>\n<p>\u00c9s important acudir a un logopeda per poder diferenciar si estem parlant de problemes causats per un desenvolupament general del nen o nena, que va m\u00e9s lent, o b\u00e9 perqu\u00e8 t\u00e9 certes dificultats i estaria b\u00e9 que se l\u2019ajud\u00e9s.<\/p>\n<p>[\/et_pb_text][\/et_pb_column][et_pb_column type=&#8221;1_2&#8243; _builder_version=&#8221;3.25&#8243; custom_padding=&#8221;|||&#8221; custom_padding__hover=&#8221;|||&#8221;][et_pb_text _builder_version=&#8221;4.0.9&#8243; text_font=&#8221;Roboto|300|||||||&#8221; text_text_color=&#8221;#757575&#8243; text_font_size=&#8221;17px&#8221; text_line_height=&#8221;1.5em&#8221; hover_enabled=&#8221;0&#8243;]<\/p>\n<p>El logopeda tamb\u00e9 pot treballar en casos on el llenguatge \u00e9s nom\u00e9s un dels problemes que pot presentar el nen o nena com pot ser en l\u2019autisme, s\u00edndrome de Down, hipoac\u00fasies, problemes dentals, malformacions bocals&#8230;<\/p>\n<p>Sempre es t\u00e9 tend\u00e8ncia a pensar que la logop\u00e8dia \u00e9s per nens, i tot i que aix\u00f2 \u00e9s correcte, tamb\u00e9 s\u2019interv\u00e9 amb els adults que tenen problemes de ronquera, que han patit una emb\u00f2lia i com a conseq\u00fc\u00e8ncia no poden parlar, que pateixen algunes malalties neurol\u00f2giques com el Parkinson, ELA&#8230;<\/p>\n<p>[\/et_pb_text][\/et_pb_column][\/et_pb_row][\/et_pb_section][et_pb_section fb_built=&#8221;1&#8243; admin_label=&#8221;Call to Action&#8221; _builder_version=&#8221;3.23.3&#8243; background_color=&#8221;#58bec8&#8243; background_color_gradient_direction=&#8221;75deg&#8221; background_image=&#8221;http:\/\/kinderapia.com\/wp-content\/uploads\/2019\/06\/day_care_bg_02.png&#8221; background_size=&#8221;initial&#8221; max_width=&#8221;90%&#8221; module_alignment=&#8221;center&#8221; custom_margin=&#8221;-18px||62px|||&#8221; custom_margin_tablet=&#8221;40px||||false&#8221; custom_margin_phone=&#8221;&#8221; custom_margin_last_edited=&#8221;on|phone&#8221; custom_padding=&#8221;0vw||0vw||true|false&#8221; border_radii=&#8221;on|38px|38px|38px|38px&#8221; box_shadow_style=&#8221;preset3&#8243; box_shadow_vertical=&#8221;10px&#8221; box_shadow_color=&#8221;rgba(0,0,0,0.22)&#8221;][et_pb_row _builder_version=&#8221;3.25&#8243; custom_padding=&#8221;||19px|||&#8221;][et_pb_column type=&#8221;4_4&#8243; _builder_version=&#8221;3.25&#8243; custom_padding=&#8221;|||&#8221; custom_padding__hover=&#8221;|||&#8221;][et_pb_text _builder_version=&#8221;4.0.9&#8243; text_font=&#8221;||||||||&#8221; header_font=&#8221;||||||||&#8221; header_2_font=&#8221;Fredoka One||||||||&#8221; header_2_font_size=&#8221;60px&#8221; header_2_line_height=&#8221;1.2em&#8221; header_5_font=&#8221;Roboto Slab|700|||||||&#8221; header_5_font_size=&#8221;35px&#8221; text_orientation=&#8221;center&#8221; background_layout=&#8221;dark&#8221; custom_margin=&#8221;15px||16px|||&#8221; hover_enabled=&#8221;0&#8243; header_2_font_size_tablet=&#8221;50px&#8221; header_2_font_size_phone=&#8221;30px&#8221; header_2_font_size_last_edited=&#8221;on|phone&#8221;]<\/p>\n<h5>Ter\u00e0pies logop\u00e8diques<\/h5>\n<p>[\/et_pb_text][et_pb_text _builder_version=&#8221;4.0.9&#8243; text_font=&#8221;Roboto|300|||||||&#8221; text_font_size=&#8221;19px&#8221; text_line_height=&#8221;1.8em&#8221; header_font=&#8221;||||||||&#8221; header_6_font=&#8221;Muli|600|||||||&#8221; header_6_font_size=&#8221;22px&#8221; header_6_line_height=&#8221;1.8em&#8221; text_orientation=&#8221;center&#8221; background_layout=&#8221;dark&#8221; max_width=&#8221;800px&#8221; module_alignment=&#8221;center&#8221; hover_enabled=&#8221;0&#8243; text_font_size_tablet=&#8221;&#8221; text_font_size_phone=&#8221;14px&#8221; text_font_size_last_edited=&#8221;on|phone&#8221;]<\/p>\n<p>En Kinderapia, oferim, tamb\u00e9, 2 tipus de ter\u00e0pies logop\u00e8diques:<\/p>\n<p>[\/et_pb_text][\/et_pb_column][\/et_pb_row][et_pb_row column_structure=&#8221;1_2,1_2&#8243; make_equal=&#8221;on&#8221; _builder_version=&#8221;3.25&#8243; width=&#8221;100%&#8221; max_width=&#8221;90%&#8221; custom_margin=&#8221;30px|||&#8221; custom_padding=&#8221;0px|||||&#8221;][et_pb_column type=&#8221;1_2&#8243; _builder_version=&#8221;3.25&#8243; custom_padding=&#8221;|||&#8221; custom_padding__hover=&#8221;|||&#8221;][et_pb_blurb title=&#8221;Ter\u00e0pia Miofuncional&#8221; use_icon=&#8221;on&#8221; _builder_version=&#8221;4.0.9&#8243; header_level=&#8221;h3&#8243; header_font=&#8221;Roboto Slab|700|||||||&#8221; header_font_size=&#8221;22px&#8221; header_line_height=&#8221;1.3em&#8221; body_font=&#8221;Roboto|300|||||||&#8221; body_font_size=&#8221;18px&#8221; text_orientation=&#8221;center&#8221; background_layout=&#8221;dark&#8221; animation_style=&#8221;fade&#8221; animation=&#8221;off&#8221; z_index_tablet=&#8221;500&#8243; hover_enabled=&#8221;0&#8243; header_text_shadow_horizontal_length_tablet=&#8221;0px&#8221; header_text_shadow_vertical_length_tablet=&#8221;0px&#8221; header_text_shadow_blur_strength_tablet=&#8221;1px&#8221; body_text_shadow_horizontal_length_tablet=&#8221;0px&#8221; body_text_shadow_vertical_length_tablet=&#8221;0px&#8221; body_text_shadow_blur_strength_tablet=&#8221;1px&#8221; body_link_text_shadow_horizontal_length_tablet=&#8221;0px&#8221; body_link_text_shadow_vertical_length_tablet=&#8221;0px&#8221; body_link_text_shadow_blur_strength_tablet=&#8221;1px&#8221; body_ul_text_shadow_horizontal_length_tablet=&#8221;0px&#8221; body_ul_text_shadow_vertical_length_tablet=&#8221;0px&#8221; body_ul_text_shadow_blur_strength_tablet=&#8221;1px&#8221; body_ol_text_shadow_horizontal_length_tablet=&#8221;0px&#8221; body_ol_text_shadow_vertical_length_tablet=&#8221;0px&#8221; body_ol_text_shadow_blur_strength_tablet=&#8221;1px&#8221; body_quote_text_shadow_horizontal_length_tablet=&#8221;0px&#8221; body_quote_text_shadow_vertical_length_tablet=&#8221;0px&#8221; body_quote_text_shadow_blur_strength_tablet=&#8221;1px&#8221; border_width_all_image=&#8221;14px&#8221; border_color_all_image=&#8221;#ffffff&#8221; box_shadow_horizontal_tablet=&#8221;0px&#8221; box_shadow_vertical_tablet=&#8221;0px&#8221; box_shadow_blur_tablet=&#8221;40px&#8221; box_shadow_spread_tablet=&#8221;0px&#8221; text_shadow_horizontal_length_tablet=&#8221;0px&#8221; text_shadow_vertical_length_tablet=&#8221;0px&#8221; text_shadow_blur_strength_tablet=&#8221;1px&#8221;]<\/p>\n<p>La Ter\u00e0pia Miofuncional es considera una de les eines&#8230;<\/p>\n<p>[\/et_pb_blurb][et_pb_button button_url=&#8221;http:\/\/kinderapia.com\/tratamientos\/logopedia\/terapia-miofuncional&#8221; button_text=&#8221;M\u00e9s informaci\u00f3&#8221; button_alignment=&#8221;center&#8221; _builder_version=&#8221;4.0.9&#8243; custom_button=&#8221;on&#8221; button_text_size=&#8221;16px&#8221; button_text_color=&#8221;#58bec8&#8243; button_bg_color=&#8221;#FFFFFF&#8221; button_border_width=&#8221;0px&#8221; button_border_radius=&#8221;30px&#8221; button_font=&#8221;Roboto Slab|700|||||||&#8221; button_use_icon=&#8221;off&#8221; custom_margin=&#8221;-21px|||||&#8221; custom_padding=&#8221;14px|24px|14px|24px&#8221; z_index_tablet=&#8221;500&#8243; hover_enabled=&#8221;0&#8243; button_text_shadow_horizontal_length_tablet=&#8221;0px&#8221; button_text_shadow_vertical_length_tablet=&#8221;0px&#8221; button_text_shadow_blur_strength_tablet=&#8221;1px&#8221; box_shadow_horizontal_tablet=&#8221;0px&#8221; box_shadow_vertical_tablet=&#8221;0px&#8221; box_shadow_blur_tablet=&#8221;40px&#8221; box_shadow_spread_tablet=&#8221;0px&#8221; saved_tabs=&#8221;all&#8221; button_text_size__hover_enabled=&#8221;off&#8221; button_one_text_size__hover_enabled=&#8221;off&#8221; button_two_text_size__hover_enabled=&#8221;off&#8221; button_text_color__hover_enabled=&#8221;on&#8221; button_one_text_color__hover_enabled=&#8221;off&#8221; button_two_text_color__hover_enabled=&#8221;off&#8221; button_border_width__hover_enabled=&#8221;off&#8221; button_one_border_width__hover_enabled=&#8221;off&#8221; button_two_border_width__hover_enabled=&#8221;off&#8221; button_border_color__hover_enabled=&#8221;off&#8221; button_one_border_color__hover_enabled=&#8221;off&#8221; button_two_border_color__hover_enabled=&#8221;off&#8221; button_border_radius__hover_enabled=&#8221;off&#8221; button_one_border_radius__hover_enabled=&#8221;off&#8221; button_two_border_radius__hover_enabled=&#8221;off&#8221; button_letter_spacing__hover_enabled=&#8221;off&#8221; button_one_letter_spacing__hover_enabled=&#8221;off&#8221; button_two_letter_spacing__hover_enabled=&#8221;off&#8221; button_bg_color__hover_enabled=&#8221;on&#8221; button_one_bg_color__hover_enabled=&#8221;off&#8221; button_two_bg_color__hover_enabled=&#8221;off&#8221; button_bg_color__hover=&#8221;#ffb24f&#8221; button_text_color__hover=&#8221;#FFFFFF&#8221;][\/et_pb_button][\/et_pb_column][et_pb_column type=&#8221;1_2&#8243; _builder_version=&#8221;3.25&#8243; custom_padding=&#8221;|||&#8221; custom_padding__hover=&#8221;|||&#8221;][et_pb_blurb title=&#8221;Rehabilitaci\u00f3 de la Veu&#8221; use_icon=&#8221;on&#8221; _builder_version=&#8221;4.0.9&#8243; header_level=&#8221;h3&#8243; header_font=&#8221;Roboto Slab|700|||||||&#8221; header_font_size=&#8221;22px&#8221; header_line_height=&#8221;1.3em&#8221; body_font=&#8221;Roboto|300|||||||&#8221; body_font_size=&#8221;18px&#8221; text_orientation=&#8221;center&#8221; background_layout=&#8221;dark&#8221; animation_style=&#8221;fade&#8221; animation=&#8221;off&#8221; z_index_tablet=&#8221;500&#8243; hover_enabled=&#8221;0&#8243; header_text_shadow_horizontal_length_tablet=&#8221;0px&#8221; header_text_shadow_vertical_length_tablet=&#8221;0px&#8221; header_text_shadow_blur_strength_tablet=&#8221;1px&#8221; body_text_shadow_horizontal_length_tablet=&#8221;0px&#8221; body_text_shadow_vertical_length_tablet=&#8221;0px&#8221; body_text_shadow_blur_strength_tablet=&#8221;1px&#8221; body_link_text_shadow_horizontal_length_tablet=&#8221;0px&#8221; body_link_text_shadow_vertical_length_tablet=&#8221;0px&#8221; body_link_text_shadow_blur_strength_tablet=&#8221;1px&#8221; body_ul_text_shadow_horizontal_length_tablet=&#8221;0px&#8221; body_ul_text_shadow_vertical_length_tablet=&#8221;0px&#8221; body_ul_text_shadow_blur_strength_tablet=&#8221;1px&#8221; body_ol_text_shadow_horizontal_length_tablet=&#8221;0px&#8221; body_ol_text_shadow_vertical_length_tablet=&#8221;0px&#8221; body_ol_text_shadow_blur_strength_tablet=&#8221;1px&#8221; body_quote_text_shadow_horizontal_length_tablet=&#8221;0px&#8221; body_quote_text_shadow_vertical_length_tablet=&#8221;0px&#8221; body_quote_text_shadow_blur_strength_tablet=&#8221;1px&#8221; border_width_all_image=&#8221;14px&#8221; border_color_all_image=&#8221;#ffffff&#8221; box_shadow_horizontal_tablet=&#8221;0px&#8221; box_shadow_vertical_tablet=&#8221;0px&#8221; box_shadow_blur_tablet=&#8221;40px&#8221; box_shadow_spread_tablet=&#8221;0px&#8221; text_shadow_horizontal_length_tablet=&#8221;0px&#8221; text_shadow_vertical_length_tablet=&#8221;0px&#8221; text_shadow_blur_strength_tablet=&#8221;1px&#8221;]<\/p>\n<p>La veu \u00e9s una eina de treball utilitzada per molts&#8230;<\/p>\n<p>[\/et_pb_blurb][et_pb_button button_url=&#8221;http:\/\/kinderapia.com\/tratamientos\/logopedia\/rehabilitacion-de-la-voz&#8221; button_text=&#8221;M\u00e9s informaci\u00f3&#8221; button_alignment=&#8221;center&#8221; _builder_version=&#8221;4.0.9&#8243; custom_button=&#8221;on&#8221; button_text_size=&#8221;16px&#8221; button_text_color=&#8221;#58bec8&#8243; button_bg_color=&#8221;#FFFFFF&#8221; button_border_width=&#8221;0px&#8221; button_border_radius=&#8221;30px&#8221; button_font=&#8221;Roboto Slab|700|||||||&#8221; button_use_icon=&#8221;off&#8221; custom_margin=&#8221;-21px|||||&#8221; custom_padding=&#8221;14px|24px|14px|24px&#8221; z_index_tablet=&#8221;500&#8243; hover_enabled=&#8221;0&#8243; button_text_shadow_horizontal_length_tablet=&#8221;0px&#8221; button_text_shadow_vertical_length_tablet=&#8221;0px&#8221; button_text_shadow_blur_strength_tablet=&#8221;1px&#8221; box_shadow_horizontal_tablet=&#8221;0px&#8221; box_shadow_vertical_tablet=&#8221;0px&#8221; box_shadow_blur_tablet=&#8221;40px&#8221; box_shadow_spread_tablet=&#8221;0px&#8221; saved_tabs=&#8221;all&#8221; button_text_size__hover_enabled=&#8221;off&#8221; button_one_text_size__hover_enabled=&#8221;off&#8221; button_two_text_size__hover_enabled=&#8221;off&#8221; button_text_color__hover_enabled=&#8221;on&#8221; button_one_text_color__hover_enabled=&#8221;off&#8221; button_two_text_color__hover_enabled=&#8221;off&#8221; button_border_width__hover_enabled=&#8221;off&#8221; button_one_border_width__hover_enabled=&#8221;off&#8221; button_two_border_width__hover_enabled=&#8221;off&#8221; button_border_color__hover_enabled=&#8221;off&#8221; button_one_border_color__hover_enabled=&#8221;off&#8221; button_two_border_color__hover_enabled=&#8221;off&#8221; button_border_radius__hover_enabled=&#8221;off&#8221; button_one_border_radius__hover_enabled=&#8221;off&#8221; button_two_border_radius__hover_enabled=&#8221;off&#8221; button_letter_spacing__hover_enabled=&#8221;off&#8221; button_one_letter_spacing__hover_enabled=&#8221;off&#8221; button_two_letter_spacing__hover_enabled=&#8221;off&#8221; button_bg_color__hover_enabled=&#8221;on&#8221; button_one_bg_color__hover_enabled=&#8221;off&#8221; button_two_bg_color__hover_enabled=&#8221;off&#8221; button_bg_color__hover=&#8221;#ffb24f&#8221; button_text_color__hover=&#8221;#FFFFFF&#8221;][\/et_pb_button][\/et_pb_column][\/et_pb_row][\/et_pb_section]<\/p>\n","protected":false},"excerpt":{"rendered":"<p>Logop\u00e8dia El llenguatge \u00e9s l\u2019eina de les eines. La logop\u00e8dia \u00e9s una disciplina basada en l\u2019educaci\u00f3, rehabilitaci\u00f3, tractament del llenguatge i la comunicaci\u00f3 en els nens i nenes i els adults. El logopeda \u00e9s el professional que pot avaluar si el nivell de llenguatge d\u2019un nen o nena \u00e9s correcte o no, si nom\u00e9s t\u00e9 [&hellip;]<\/p>\n","protected":false},"author":4,"featured_media":0,"parent":2329,"menu_order":0,"comment_status":"closed","ping_status":"closed","template":"","meta":{"_et_pb_use_builder":"on","_et_pb_old_content":"","_et_gb_content_width":"","inline_featured_image":false,"footnotes":""},"class_list":["post-2375","page","type-page","status-publish","hentry"],"yoast_head":"<!-- This site is optimized with the Yoast SEO plugin v27.2 - https:\/\/yoast.com\/product\/yoast-seo-wordpress\/ -->\n<title>Logop\u00e8dia - Kinderapia<\/title>\n<meta name=\"robots\" content=\"index, follow, max-snippet:-1, max-image-preview:large, max-video-preview:-1\" \/>\n<link rel=\"canonical\" href=\"https:\/\/kinderapia.com\/ca\/tractaments\/logopedia\" \/>\n<meta property=\"og:locale\" content=\"ca_ES\" \/>\n<meta property=\"og:type\" content=\"article\" \/>\n<meta property=\"og:title\" content=\"Logop\u00e8dia - Kinderapia\" \/>\n<meta property=\"og:description\" content=\"Logop\u00e8dia El llenguatge \u00e9s l\u2019eina de les eines. La logop\u00e8dia \u00e9s una disciplina basada en l\u2019educaci\u00f3, rehabilitaci\u00f3, tractament del llenguatge i la comunicaci\u00f3 en els nens i nenes i els adults. El logopeda \u00e9s el professional que pot avaluar si el nivell de llenguatge d\u2019un nen o nena \u00e9s correcte o no, si nom\u00e9s t\u00e9 [&hellip;]\" \/>\n<meta property=\"og:url\" content=\"https:\/\/kinderapia.com\/ca\/tractaments\/logopedia\" \/>\n<meta property=\"og:site_name\" content=\"Kinderapia\" \/>\n<meta property=\"article:modified_time\" content=\"2020-01-02T11:45:48+00:00\" \/>\n<meta name=\"twitter:card\" content=\"summary_large_image\" \/>\n<meta name=\"twitter:label1\" content=\"Temps estimat de lectura\" \/>\n\t<meta name=\"twitter:data1\" content=\"10 minuts\" \/>\n<script type=\"application\/ld+json\" class=\"yoast-schema-graph\">{\"@context\":\"https:\/\/schema.org\",\"@graph\":[{\"@type\":\"WebPage\",\"@id\":\"https:\/\/kinderapia.com\/ca\/tractaments\/logopedia\",\"url\":\"https:\/\/kinderapia.com\/ca\/tractaments\/logopedia\",\"name\":\"Logop\u00e8dia - Kinderapia\",\"isPartOf\":{\"@id\":\"https:\/\/kinderapia.com\/#website\"},\"datePublished\":\"2019-07-02T15:00:06+00:00\",\"dateModified\":\"2020-01-02T11:45:48+00:00\",\"breadcrumb\":{\"@id\":\"https:\/\/kinderapia.com\/ca\/tractaments\/logopedia#breadcrumb\"},\"inLanguage\":\"ca\",\"potentialAction\":[{\"@type\":\"ReadAction\",\"target\":[\"https:\/\/kinderapia.com\/ca\/tractaments\/logopedia\"]}]},{\"@type\":\"BreadcrumbList\",\"@id\":\"https:\/\/kinderapia.com\/ca\/tractaments\/logopedia#breadcrumb\",\"itemListElement\":[{\"@type\":\"ListItem\",\"position\":1,\"name\":\"Home\",\"item\":\"https:\/\/kinderapia.com\/ca\"},{\"@type\":\"ListItem\",\"position\":2,\"name\":\"Tractaments\",\"item\":\"https:\/\/kinderapia.com\/ca\/tractaments\"},{\"@type\":\"ListItem\",\"position\":3,\"name\":\"Logop\u00e8dia\"}]},{\"@type\":\"WebSite\",\"@id\":\"https:\/\/kinderapia.com\/#website\",\"url\":\"https:\/\/kinderapia.com\/\",\"name\":\"Kinderapia\",\"description\":\"Centro de psicolog\u00eda aplicada en Esplugues de Llobregat\",\"publisher\":{\"@id\":\"https:\/\/kinderapia.com\/#organization\"},\"potentialAction\":[{\"@type\":\"SearchAction\",\"target\":{\"@type\":\"EntryPoint\",\"urlTemplate\":\"https:\/\/kinderapia.com\/?s={search_term_string}\"},\"query-input\":{\"@type\":\"PropertyValueSpecification\",\"valueRequired\":true,\"valueName\":\"search_term_string\"}}],\"inLanguage\":\"ca\"},{\"@type\":\"Organization\",\"@id\":\"https:\/\/kinderapia.com\/#organization\",\"name\":\"Kinderapia\",\"url\":\"https:\/\/kinderapia.com\/\",\"logo\":{\"@type\":\"ImageObject\",\"inLanguage\":\"ca\",\"@id\":\"https:\/\/kinderapia.com\/#\/schema\/logo\/image\/\",\"url\":\"http:\/\/kinderapia.com\/wp-content\/uploads\/2019\/06\/Logo-Kinderapia-adultos-1.png\",\"contentUrl\":\"http:\/\/kinderapia.com\/wp-content\/uploads\/2019\/06\/Logo-Kinderapia-adultos-1.png\",\"width\":230,\"height\":75,\"caption\":\"Kinderapia\"},\"image\":{\"@id\":\"https:\/\/kinderapia.com\/#\/schema\/logo\/image\/\"}}]}<\/script>\n<!-- \/ Yoast SEO plugin. -->","yoast_head_json":{"title":"Logop\u00e8dia - Kinderapia","robots":{"index":"index","follow":"follow","max-snippet":"max-snippet:-1","max-image-preview":"max-image-preview:large","max-video-preview":"max-video-preview:-1"},"canonical":"https:\/\/kinderapia.com\/ca\/tractaments\/logopedia","og_locale":"ca_ES","og_type":"article","og_title":"Logop\u00e8dia - Kinderapia","og_description":"Logop\u00e8dia El llenguatge \u00e9s l\u2019eina de les eines. La logop\u00e8dia \u00e9s una disciplina basada en l\u2019educaci\u00f3, rehabilitaci\u00f3, tractament del llenguatge i la comunicaci\u00f3 en els nens i nenes i els adults. El logopeda \u00e9s el professional que pot avaluar si el nivell de llenguatge d\u2019un nen o nena \u00e9s correcte o no, si nom\u00e9s t\u00e9 [&hellip;]","og_url":"https:\/\/kinderapia.com\/ca\/tractaments\/logopedia","og_site_name":"Kinderapia","article_modified_time":"2020-01-02T11:45:48+00:00","twitter_card":"summary_large_image","twitter_misc":{"Temps estimat de lectura":"10 minuts"},"schema":{"@context":"https:\/\/schema.org","@graph":[{"@type":"WebPage","@id":"https:\/\/kinderapia.com\/ca\/tractaments\/logopedia","url":"https:\/\/kinderapia.com\/ca\/tractaments\/logopedia","name":"Logop\u00e8dia - Kinderapia","isPartOf":{"@id":"https:\/\/kinderapia.com\/#website"},"datePublished":"2019-07-02T15:00:06+00:00","dateModified":"2020-01-02T11:45:48+00:00","breadcrumb":{"@id":"https:\/\/kinderapia.com\/ca\/tractaments\/logopedia#breadcrumb"},"inLanguage":"ca","potentialAction":[{"@type":"ReadAction","target":["https:\/\/kinderapia.com\/ca\/tractaments\/logopedia"]}]},{"@type":"BreadcrumbList","@id":"https:\/\/kinderapia.com\/ca\/tractaments\/logopedia#breadcrumb","itemListElement":[{"@type":"ListItem","position":1,"name":"Home","item":"https:\/\/kinderapia.com\/ca"},{"@type":"ListItem","position":2,"name":"Tractaments","item":"https:\/\/kinderapia.com\/ca\/tractaments"},{"@type":"ListItem","position":3,"name":"Logop\u00e8dia"}]},{"@type":"WebSite","@id":"https:\/\/kinderapia.com\/#website","url":"https:\/\/kinderapia.com\/","name":"Kinderapia","description":"Centro de psicolog\u00eda aplicada en Esplugues de Llobregat","publisher":{"@id":"https:\/\/kinderapia.com\/#organization"},"potentialAction":[{"@type":"SearchAction","target":{"@type":"EntryPoint","urlTemplate":"https:\/\/kinderapia.com\/?s={search_term_string}"},"query-input":{"@type":"PropertyValueSpecification","valueRequired":true,"valueName":"search_term_string"}}],"inLanguage":"ca"},{"@type":"Organization","@id":"https:\/\/kinderapia.com\/#organization","name":"Kinderapia","url":"https:\/\/kinderapia.com\/","logo":{"@type":"ImageObject","inLanguage":"ca","@id":"https:\/\/kinderapia.com\/#\/schema\/logo\/image\/","url":"http:\/\/kinderapia.com\/wp-content\/uploads\/2019\/06\/Logo-Kinderapia-adultos-1.png","contentUrl":"http:\/\/kinderapia.com\/wp-content\/uploads\/2019\/06\/Logo-Kinderapia-adultos-1.png","width":230,"height":75,"caption":"Kinderapia"},"image":{"@id":"https:\/\/kinderapia.com\/#\/schema\/logo\/image\/"}}]}},"_links":{"self":[{"href":"https:\/\/kinderapia.com\/ca\/wp-json\/wp\/v2\/pages\/2375","targetHints":{"allow":["GET"]}}],"collection":[{"href":"https:\/\/kinderapia.com\/ca\/wp-json\/wp\/v2\/pages"}],"about":[{"href":"https:\/\/kinderapia.com\/ca\/wp-json\/wp\/v2\/types\/page"}],"author":[{"embeddable":true,"href":"https:\/\/kinderapia.com\/ca\/wp-json\/wp\/v2\/users\/4"}],"replies":[{"embeddable":true,"href":"https:\/\/kinderapia.com\/ca\/wp-json\/wp\/v2\/comments?post=2375"}],"version-history":[{"count":4,"href":"https:\/\/kinderapia.com\/ca\/wp-json\/wp\/v2\/pages\/2375\/revisions"}],"predecessor-version":[{"id":2381,"href":"https:\/\/kinderapia.com\/ca\/wp-json\/wp\/v2\/pages\/2375\/revisions\/2381"}],"up":[{"embeddable":true,"href":"https:\/\/kinderapia.com\/ca\/wp-json\/wp\/v2\/pages\/2329"}],"wp:attachment":[{"href":"https:\/\/kinderapia.com\/ca\/wp-json\/wp\/v2\/media?parent=2375"}],"curies":[{"name":"wp","href":"https:\/\/api.w.org\/{rel}","templated":true}]}}