{"id":2383,"date":"2019-07-02T15:12:49","date_gmt":"2019-07-02T15:12:49","guid":{"rendered":"http:\/\/kinderapia.com\/tractaments\/logopedia\/terapia-miofuncional"},"modified":"2020-01-02T11:50:19","modified_gmt":"2020-01-02T11:50:19","slug":"terapia-miofuncional","status":"publish","type":"page","link":"https:\/\/kinderapia.com\/ca\/tractaments\/logopedia\/terapia-miofuncional","title":{"rendered":"Ter\u00e0pia Miofuncional"},"content":{"rendered":"<p>[et_pb_section fb_built=&#8221;1&#8243; admin_label=&#8221;Hero&#8221; _builder_version=&#8221;3.23.3&#8243; custom_padding=&#8221;0px|0px|0px|0px&#8221; animation_style=&#8221;zoom&#8221; animation_intensity_zoom=&#8221;4%&#8221; z_index_tablet=&#8221;500&#8243; box_shadow_horizontal_tablet=&#8221;0px&#8221; box_shadow_vertical_tablet=&#8221;0px&#8221; box_shadow_blur_tablet=&#8221;40px&#8221; box_shadow_spread_tablet=&#8221;0px&#8221;][et_pb_row column_structure=&#8221;1_2,1_2&#8243; use_custom_gutter=&#8221;on&#8221; gutter_width=&#8221;1&#8243; make_equal=&#8221;on&#8221; custom_padding_last_edited=&#8221;on|phone&#8221; module_class=&#8221; et_pb_row_fullwidth et_pb_row_fullwidth&#8221; _builder_version=&#8221;3.26.2&#8243; background_color=&#8221;#58bec8&#8243; background_image=&#8221;http:\/\/kinderapia.com\/wp-content\/uploads\/2019\/06\/circle-background-pattern.png&#8221; background_size=&#8221;initial&#8221; width=&#8221;100%&#8221; width_tablet=&#8221;100%&#8221; width_phone=&#8221;&#8221; width_last_edited=&#8221;on|desktop&#8221; max_width=&#8221;100%&#8221; max_width_tablet=&#8221;100%&#8221; max_width_phone=&#8221;&#8221; max_width_last_edited=&#8221;on|desktop&#8221; custom_padding=&#8221;0px||0px|||&#8221; custom_padding_tablet=&#8221;&#8221; custom_padding_phone=&#8221;50px||||false|false&#8221; animation_style=&#8221;slide&#8221; animation_direction=&#8221;top&#8221; animation_intensity_slide=&#8221;3%&#8221; make_fullwidth=&#8221;on&#8221;][et_pb_column type=&#8221;1_2&#8243; _builder_version=&#8221;3.25&#8243; custom_padding=&#8221;10%|8%|10%|8%&#8221; custom_padding__hover=&#8221;|||&#8221;][et_pb_text _builder_version=&#8221;4.0.9&#8243; text_font=&#8221;||||||||&#8221; header_font=&#8221;Roboto Slab|700|||||||&#8221; header_text_color=&#8221;#FFFFFF&#8221; header_font_size=&#8221;45px&#8221; header_2_font=&#8221;Roboto Slab|700|||||||&#8221; header_2_text_color=&#8221;#ffffff&#8221; header_2_font_size=&#8221;45px&#8221; header_2_line_height=&#8221;1.3em&#8221; header_4_font=&#8221;Roboto Slab|700|||||||&#8221; header_4_font_size=&#8221;35px&#8221; custom_margin=&#8221;-71px|||||&#8221; animation_style=&#8221;slide&#8221; animation_direction=&#8221;top&#8221; animation_intensity_slide=&#8221;5%&#8221; animation_starting_opacity=&#8221;100%&#8221; hover_enabled=&#8221;0&#8243;]<\/p>\n<h2>Logop\u00e8dia<\/h2>\n<p>[\/et_pb_text][et_pb_text _builder_version=&#8221;4.0.9&#8243; text_font=&#8221;Roboto Slab||||||||&#8221; text_text_color=&#8221;#FFFFFF&#8221; text_font_size=&#8221;25px&#8221; header_font=&#8221;Roboto Slab||||||||&#8221; header_text_color=&#8221;#ffffff&#8221; header_font_size=&#8221;25px&#8221; header_line_height=&#8221;1.5em&#8221; custom_margin=&#8221;37px|||||&#8221; custom_padding=&#8221;||17px|||&#8221; hover_enabled=&#8221;0&#8243;]<\/p>\n<h1>Ter\u00e0pia Miofuncional<\/h1>\n<p>[\/et_pb_text][et_pb_text _builder_version=&#8221;4.0.9&#8243; text_font=&#8221;Roboto|300|||||||&#8221; text_text_color=&#8221;#FFFFFF&#8221; text_font_size=&#8221;17px&#8221; text_line_height=&#8221;1.5em&#8221; header_font=&#8221;|700|||||||&#8221; animation_style=&#8221;slide&#8221; animation_direction=&#8221;top&#8221; animation_intensity_slide=&#8221;5%&#8221; animation_starting_opacity=&#8221;100%&#8221; hover_enabled=&#8221;0&#8243;]<\/p>\n<p>La Ter\u00e0pia Miofuncional es considera una de les eines de rehabilitaci\u00f3 m\u00e9s \u00fatils de la logop\u00e8dia, ja que permet corregir problemes que afecten a la respiraci\u00f3, la masticaci\u00f3, l\u2019articulaci\u00f3 i la degluci\u00f3.<\/p>\n<p>[\/et_pb_text][\/et_pb_column][et_pb_column type=&#8221;1_2&#8243; _builder_version=&#8221;3.25&#8243; background_image=&#8221;http:\/\/kinderapia.com\/wp-content\/uploads\/2019\/07\/Kinderapia-terapia-miofuncional.jpg&#8221; custom_padding=&#8221;|||&#8221; custom_padding__hover=&#8221;|||&#8221;][\/et_pb_column][\/et_pb_row][\/et_pb_section][et_pb_section fb_built=&#8221;1&#8243; admin_label=&#8221;Feature&#8221; _builder_version=&#8221;3.23.3&#8243; background_image=&#8221;http:\/\/kinderapia.com\/wp-content\/uploads\/2019\/07\/Fondo-Kinderapia-centro-de-psicologia.png&#8221; parallax=&#8221;on&#8221; parallax_method=&#8221;off&#8221; custom_padding=&#8221;0px|||||&#8221;][et_pb_row column_structure=&#8221;1_2,1_2&#8243; use_custom_gutter=&#8221;on&#8221; _builder_version=&#8221;3.25&#8243; custom_padding=&#8221;41px||0px|||&#8221;][et_pb_column type=&#8221;1_2&#8243; _builder_version=&#8221;3.25&#8243; custom_padding=&#8221;|||&#8221; custom_padding__hover=&#8221;|||&#8221;][et_pb_image src=&#8221;http:\/\/kinderapia.com\/wp-content\/uploads\/2019\/07\/Kinderapia-terapia-miofuncional.jpg&#8221; disabled_on=&#8221;off|on|on&#8221; _builder_version=&#8221;3.26.2&#8243;][\/et_pb_image][et_pb_blurb use_icon=&#8221;on&#8221; _builder_version=&#8221;4.0.9&#8243; header_level=&#8221;h3&#8243; header_font=&#8221;Roboto Slab|700|||||||&#8221; header_text_align=&#8221;left&#8221; header_text_color=&#8221;#44ccd6&#8243; header_font_size=&#8221;22px&#8221; header_line_height=&#8221;1.3em&#8221; body_font=&#8221;Roboto|300|||||||&#8221; body_text_align=&#8221;left&#8221; body_text_color=&#8221;#757575&#8243; body_font_size=&#8221;17px&#8221; body_line_height=&#8221;1.5em&#8221; text_orientation=&#8221;center&#8221; background_layout=&#8221;dark&#8221; custom_padding=&#8221;||24px|||&#8221; animation_style=&#8221;fade&#8221; animation=&#8221;off&#8221; z_index_tablet=&#8221;500&#8243; hover_enabled=&#8221;0&#8243; header_text_shadow_horizontal_length_tablet=&#8221;0px&#8221; header_text_shadow_vertical_length_tablet=&#8221;0px&#8221; header_text_shadow_blur_strength_tablet=&#8221;1px&#8221; body_text_shadow_horizontal_length_tablet=&#8221;0px&#8221; body_text_shadow_vertical_length_tablet=&#8221;0px&#8221; body_text_shadow_blur_strength_tablet=&#8221;1px&#8221; body_link_text_shadow_horizontal_length_tablet=&#8221;0px&#8221; body_link_text_shadow_vertical_length_tablet=&#8221;0px&#8221; body_link_text_shadow_blur_strength_tablet=&#8221;1px&#8221; body_ul_text_shadow_horizontal_length_tablet=&#8221;0px&#8221; body_ul_text_shadow_vertical_length_tablet=&#8221;0px&#8221; body_ul_text_shadow_blur_strength_tablet=&#8221;1px&#8221; body_ol_text_shadow_horizontal_length_tablet=&#8221;0px&#8221; body_ol_text_shadow_vertical_length_tablet=&#8221;0px&#8221; body_ol_text_shadow_blur_strength_tablet=&#8221;1px&#8221; body_quote_text_shadow_horizontal_length_tablet=&#8221;0px&#8221; body_quote_text_shadow_vertical_length_tablet=&#8221;0px&#8221; body_quote_text_shadow_blur_strength_tablet=&#8221;1px&#8221; border_color_bottom=&#8221;#44ccd6&#8243; border_width_all_image=&#8221;14px&#8221; border_color_all_image=&#8221;#ffffff&#8221; box_shadow_horizontal_tablet=&#8221;0px&#8221; box_shadow_vertical_tablet=&#8221;0px&#8221; box_shadow_blur_tablet=&#8221;40px&#8221; box_shadow_spread_tablet=&#8221;0px&#8221; text_shadow_horizontal_length_tablet=&#8221;0px&#8221; text_shadow_vertical_length_tablet=&#8221;0px&#8221; text_shadow_blur_strength_tablet=&#8221;1px&#8221;]<\/p>\n<p>Aquesta ter\u00e0pia treballa tres zones: l\u2019oral, la bucal i la fonat\u00f2ria. Les seves funcions b\u00e0siques van des de la respiraci\u00f3, masticaci\u00f3, parla, succi\u00f3, degluci\u00f3&#8230; a altres secund\u00e0ries com poden ser badallar, escopir, plorar, bufar, vomitar&#8230; per aquest motiu \u00e9s una eina de rehabilitaci\u00f3 logop\u00e8dica per a treballar problem\u00e0tiques diverses.<\/p>\n<p>[\/et_pb_blurb][\/et_pb_column][et_pb_column type=&#8221;1_2&#8243; _builder_version=&#8221;3.25&#8243; custom_padding=&#8221;|||&#8221; custom_padding__hover=&#8221;|||&#8221;][et_pb_blurb use_icon=&#8221;on&#8221; _builder_version=&#8221;4.0.9&#8243; header_level=&#8221;h3&#8243; header_font=&#8221;Roboto Slab|700|||||||&#8221; header_text_align=&#8221;left&#8221; header_text_color=&#8221;#44ccd6&#8243; header_font_size=&#8221;22px&#8221; header_line_height=&#8221;1.3em&#8221; body_font=&#8221;Roboto|300|||||||&#8221; body_text_align=&#8221;left&#8221; body_text_color=&#8221;#757575&#8243; body_font_size=&#8221;17px&#8221; body_line_height=&#8221;1.5em&#8221; text_orientation=&#8221;center&#8221; background_layout=&#8221;dark&#8221; custom_padding=&#8221;||24px|||&#8221; animation_style=&#8221;fade&#8221; animation=&#8221;off&#8221; z_index_tablet=&#8221;500&#8243; hover_enabled=&#8221;0&#8243; header_text_shadow_horizontal_length_tablet=&#8221;0px&#8221; header_text_shadow_vertical_length_tablet=&#8221;0px&#8221; header_text_shadow_blur_strength_tablet=&#8221;1px&#8221; body_text_shadow_horizontal_length_tablet=&#8221;0px&#8221; body_text_shadow_vertical_length_tablet=&#8221;0px&#8221; body_text_shadow_blur_strength_tablet=&#8221;1px&#8221; body_link_text_shadow_horizontal_length_tablet=&#8221;0px&#8221; body_link_text_shadow_vertical_length_tablet=&#8221;0px&#8221; body_link_text_shadow_blur_strength_tablet=&#8221;1px&#8221; body_ul_text_shadow_horizontal_length_tablet=&#8221;0px&#8221; body_ul_text_shadow_vertical_length_tablet=&#8221;0px&#8221; body_ul_text_shadow_blur_strength_tablet=&#8221;1px&#8221; body_ol_text_shadow_horizontal_length_tablet=&#8221;0px&#8221; body_ol_text_shadow_vertical_length_tablet=&#8221;0px&#8221; body_ol_text_shadow_blur_strength_tablet=&#8221;1px&#8221; body_quote_text_shadow_horizontal_length_tablet=&#8221;0px&#8221; body_quote_text_shadow_vertical_length_tablet=&#8221;0px&#8221; body_quote_text_shadow_blur_strength_tablet=&#8221;1px&#8221; border_color_bottom=&#8221;#44ccd6&#8243; border_width_all_image=&#8221;14px&#8221; border_color_all_image=&#8221;#ffffff&#8221; box_shadow_horizontal_tablet=&#8221;0px&#8221; box_shadow_vertical_tablet=&#8221;0px&#8221; box_shadow_blur_tablet=&#8221;40px&#8221; box_shadow_spread_tablet=&#8221;0px&#8221; text_shadow_horizontal_length_tablet=&#8221;0px&#8221; text_shadow_vertical_length_tablet=&#8221;0px&#8221; text_shadow_blur_strength_tablet=&#8221;1px&#8221;]<\/p>\n<p>A Kinderapia tenim un grup de Ter\u00e0pia Miofuncional per a persones derivades pel dentista o l\u2019otorrinolaring\u00f2leg.<\/p>\n<p>[\/et_pb_blurb][\/et_pb_column][\/et_pb_row][et_pb_row _builder_version=&#8221;3.25&#8243; custom_padding=&#8221;48px||0px|||&#8221;][et_pb_column type=&#8221;4_4&#8243; _builder_version=&#8221;3.25&#8243; custom_padding=&#8221;|||&#8221; custom_padding__hover=&#8221;|||&#8221;][et_pb_text _builder_version=&#8221;4.0.9&#8243; text_font=&#8221;Roboto|300|||||||&#8221; text_font_size=&#8221;19px&#8221; text_line_height=&#8221;1.8em&#8221; header_font=&#8221;||||||||&#8221; header_4_font=&#8221;Roboto Slab||||||||&#8221; header_4_text_color=&#8221;#44ccd6&#8243; header_4_font_size=&#8221;22px&#8221; header_4_line_height=&#8221;1.6em&#8221; header_6_font=&#8221;Muli|600|||||||&#8221; header_6_font_size=&#8221;22px&#8221; header_6_line_height=&#8221;1.8em&#8221; text_orientation=&#8221;center&#8221; background_layout=&#8221;dark&#8221; max_width=&#8221;800px&#8221; module_alignment=&#8221;center&#8221; hover_enabled=&#8221;0&#8243; text_font_size_tablet=&#8221;&#8221; text_font_size_phone=&#8221;14px&#8221; text_font_size_last_edited=&#8221;on|phone&#8221;]<\/p>\n<h4>E<strong><em>s<\/em><\/strong> tracta d\u2019un programa de 10 sessions de 30 minuts cada una en un grup format per un m\u00ednim de 2 persones i un m\u00e0xim de 4.<\/h4>\n<p>[\/et_pb_text][\/et_pb_column][\/et_pb_row][\/et_pb_section]<\/p>\n","protected":false},"excerpt":{"rendered":"<p>Logop\u00e8dia Ter\u00e0pia Miofuncional La Ter\u00e0pia Miofuncional es considera una de les eines de rehabilitaci\u00f3 m\u00e9s \u00fatils de la logop\u00e8dia, ja que permet corregir problemes que afecten a la respiraci\u00f3, la masticaci\u00f3, l\u2019articulaci\u00f3 i la degluci\u00f3. Aquesta ter\u00e0pia treballa tres zones: l\u2019oral, la bucal i la fonat\u00f2ria. Les seves funcions b\u00e0siques van des de la respiraci\u00f3, [&hellip;]<\/p>\n","protected":false},"author":4,"featured_media":0,"parent":2375,"menu_order":0,"comment_status":"closed","ping_status":"closed","template":"","meta":{"_et_pb_use_builder":"on","_et_pb_old_content":"","_et_gb_content_width":"","inline_featured_image":false,"footnotes":""},"class_list":["post-2383","page","type-page","status-publish","hentry"],"yoast_head":"<!-- This site is optimized with the Yoast SEO plugin v27.2 - https:\/\/yoast.com\/product\/yoast-seo-wordpress\/ -->\n<title>Ter\u00e0pia Miofuncional - Kinderapia<\/title>\n<meta name=\"robots\" content=\"index, follow, max-snippet:-1, max-image-preview:large, max-video-preview:-1\" \/>\n<link rel=\"canonical\" href=\"https:\/\/kinderapia.com\/ca\/tractaments\/logopedia\/terapia-miofuncional\" \/>\n<meta property=\"og:locale\" content=\"ca_ES\" \/>\n<meta property=\"og:type\" content=\"article\" \/>\n<meta property=\"og:title\" content=\"Ter\u00e0pia Miofuncional - Kinderapia\" \/>\n<meta property=\"og:description\" content=\"Logop\u00e8dia Ter\u00e0pia Miofuncional La Ter\u00e0pia Miofuncional es considera una de les eines de rehabilitaci\u00f3 m\u00e9s \u00fatils de la logop\u00e8dia, ja que permet corregir problemes que afecten a la respiraci\u00f3, la masticaci\u00f3, l\u2019articulaci\u00f3 i la degluci\u00f3. Aquesta ter\u00e0pia treballa tres zones: l\u2019oral, la bucal i la fonat\u00f2ria. Les seves funcions b\u00e0siques van des de la respiraci\u00f3, [&hellip;]\" \/>\n<meta property=\"og:url\" content=\"https:\/\/kinderapia.com\/ca\/tractaments\/logopedia\/terapia-miofuncional\" \/>\n<meta property=\"og:site_name\" content=\"Kinderapia\" \/>\n<meta property=\"article:modified_time\" content=\"2020-01-02T11:50:19+00:00\" \/>\n<meta name=\"twitter:card\" content=\"summary_large_image\" \/>\n<meta name=\"twitter:label1\" content=\"Temps estimat de lectura\" \/>\n\t<meta name=\"twitter:data1\" content=\"6 minuts\" \/>\n<script type=\"application\/ld+json\" class=\"yoast-schema-graph\">{\"@context\":\"https:\/\/schema.org\",\"@graph\":[{\"@type\":\"WebPage\",\"@id\":\"https:\/\/kinderapia.com\/ca\/tractaments\/logopedia\/terapia-miofuncional\",\"url\":\"https:\/\/kinderapia.com\/ca\/tractaments\/logopedia\/terapia-miofuncional\",\"name\":\"Ter\u00e0pia Miofuncional - Kinderapia\",\"isPartOf\":{\"@id\":\"https:\/\/kinderapia.com\/#website\"},\"datePublished\":\"2019-07-02T15:12:49+00:00\",\"dateModified\":\"2020-01-02T11:50:19+00:00\",\"breadcrumb\":{\"@id\":\"https:\/\/kinderapia.com\/ca\/tractaments\/logopedia\/terapia-miofuncional#breadcrumb\"},\"inLanguage\":\"ca\",\"potentialAction\":[{\"@type\":\"ReadAction\",\"target\":[\"https:\/\/kinderapia.com\/ca\/tractaments\/logopedia\/terapia-miofuncional\"]}]},{\"@type\":\"BreadcrumbList\",\"@id\":\"https:\/\/kinderapia.com\/ca\/tractaments\/logopedia\/terapia-miofuncional#breadcrumb\",\"itemListElement\":[{\"@type\":\"ListItem\",\"position\":1,\"name\":\"Home\",\"item\":\"https:\/\/kinderapia.com\/ca\"},{\"@type\":\"ListItem\",\"position\":2,\"name\":\"Tractaments\",\"item\":\"https:\/\/kinderapia.com\/ca\/tractaments\"},{\"@type\":\"ListItem\",\"position\":3,\"name\":\"Logop\u00e8dia\",\"item\":\"https:\/\/kinderapia.com\/ca\/tractaments\/logopedia\"},{\"@type\":\"ListItem\",\"position\":4,\"name\":\"Ter\u00e0pia Miofuncional\"}]},{\"@type\":\"WebSite\",\"@id\":\"https:\/\/kinderapia.com\/#website\",\"url\":\"https:\/\/kinderapia.com\/\",\"name\":\"Kinderapia\",\"description\":\"Centro de psicolog\u00eda aplicada en Esplugues de Llobregat\",\"publisher\":{\"@id\":\"https:\/\/kinderapia.com\/#organization\"},\"potentialAction\":[{\"@type\":\"SearchAction\",\"target\":{\"@type\":\"EntryPoint\",\"urlTemplate\":\"https:\/\/kinderapia.com\/?s={search_term_string}\"},\"query-input\":{\"@type\":\"PropertyValueSpecification\",\"valueRequired\":true,\"valueName\":\"search_term_string\"}}],\"inLanguage\":\"ca\"},{\"@type\":\"Organization\",\"@id\":\"https:\/\/kinderapia.com\/#organization\",\"name\":\"Kinderapia\",\"url\":\"https:\/\/kinderapia.com\/\",\"logo\":{\"@type\":\"ImageObject\",\"inLanguage\":\"ca\",\"@id\":\"https:\/\/kinderapia.com\/#\/schema\/logo\/image\/\",\"url\":\"http:\/\/kinderapia.com\/wp-content\/uploads\/2019\/06\/Logo-Kinderapia-adultos-1.png\",\"contentUrl\":\"http:\/\/kinderapia.com\/wp-content\/uploads\/2019\/06\/Logo-Kinderapia-adultos-1.png\",\"width\":230,\"height\":75,\"caption\":\"Kinderapia\"},\"image\":{\"@id\":\"https:\/\/kinderapia.com\/#\/schema\/logo\/image\/\"}}]}<\/script>\n<!-- \/ Yoast SEO plugin. -->","yoast_head_json":{"title":"Ter\u00e0pia Miofuncional - Kinderapia","robots":{"index":"index","follow":"follow","max-snippet":"max-snippet:-1","max-image-preview":"max-image-preview:large","max-video-preview":"max-video-preview:-1"},"canonical":"https:\/\/kinderapia.com\/ca\/tractaments\/logopedia\/terapia-miofuncional","og_locale":"ca_ES","og_type":"article","og_title":"Ter\u00e0pia Miofuncional - Kinderapia","og_description":"Logop\u00e8dia Ter\u00e0pia Miofuncional La Ter\u00e0pia Miofuncional es considera una de les eines de rehabilitaci\u00f3 m\u00e9s \u00fatils de la logop\u00e8dia, ja que permet corregir problemes que afecten a la respiraci\u00f3, la masticaci\u00f3, l\u2019articulaci\u00f3 i la degluci\u00f3. Aquesta ter\u00e0pia treballa tres zones: l\u2019oral, la bucal i la fonat\u00f2ria. Les seves funcions b\u00e0siques van des de la respiraci\u00f3, [&hellip;]","og_url":"https:\/\/kinderapia.com\/ca\/tractaments\/logopedia\/terapia-miofuncional","og_site_name":"Kinderapia","article_modified_time":"2020-01-02T11:50:19+00:00","twitter_card":"summary_large_image","twitter_misc":{"Temps estimat de lectura":"6 minuts"},"schema":{"@context":"https:\/\/schema.org","@graph":[{"@type":"WebPage","@id":"https:\/\/kinderapia.com\/ca\/tractaments\/logopedia\/terapia-miofuncional","url":"https:\/\/kinderapia.com\/ca\/tractaments\/logopedia\/terapia-miofuncional","name":"Ter\u00e0pia Miofuncional - Kinderapia","isPartOf":{"@id":"https:\/\/kinderapia.com\/#website"},"datePublished":"2019-07-02T15:12:49+00:00","dateModified":"2020-01-02T11:50:19+00:00","breadcrumb":{"@id":"https:\/\/kinderapia.com\/ca\/tractaments\/logopedia\/terapia-miofuncional#breadcrumb"},"inLanguage":"ca","potentialAction":[{"@type":"ReadAction","target":["https:\/\/kinderapia.com\/ca\/tractaments\/logopedia\/terapia-miofuncional"]}]},{"@type":"BreadcrumbList","@id":"https:\/\/kinderapia.com\/ca\/tractaments\/logopedia\/terapia-miofuncional#breadcrumb","itemListElement":[{"@type":"ListItem","position":1,"name":"Home","item":"https:\/\/kinderapia.com\/ca"},{"@type":"ListItem","position":2,"name":"Tractaments","item":"https:\/\/kinderapia.com\/ca\/tractaments"},{"@type":"ListItem","position":3,"name":"Logop\u00e8dia","item":"https:\/\/kinderapia.com\/ca\/tractaments\/logopedia"},{"@type":"ListItem","position":4,"name":"Ter\u00e0pia Miofuncional"}]},{"@type":"WebSite","@id":"https:\/\/kinderapia.com\/#website","url":"https:\/\/kinderapia.com\/","name":"Kinderapia","description":"Centro de psicolog\u00eda aplicada en Esplugues de Llobregat","publisher":{"@id":"https:\/\/kinderapia.com\/#organization"},"potentialAction":[{"@type":"SearchAction","target":{"@type":"EntryPoint","urlTemplate":"https:\/\/kinderapia.com\/?s={search_term_string}"},"query-input":{"@type":"PropertyValueSpecification","valueRequired":true,"valueName":"search_term_string"}}],"inLanguage":"ca"},{"@type":"Organization","@id":"https:\/\/kinderapia.com\/#organization","name":"Kinderapia","url":"https:\/\/kinderapia.com\/","logo":{"@type":"ImageObject","inLanguage":"ca","@id":"https:\/\/kinderapia.com\/#\/schema\/logo\/image\/","url":"http:\/\/kinderapia.com\/wp-content\/uploads\/2019\/06\/Logo-Kinderapia-adultos-1.png","contentUrl":"http:\/\/kinderapia.com\/wp-content\/uploads\/2019\/06\/Logo-Kinderapia-adultos-1.png","width":230,"height":75,"caption":"Kinderapia"},"image":{"@id":"https:\/\/kinderapia.com\/#\/schema\/logo\/image\/"}}]}},"_links":{"self":[{"href":"https:\/\/kinderapia.com\/ca\/wp-json\/wp\/v2\/pages\/2383","targetHints":{"allow":["GET"]}}],"collection":[{"href":"https:\/\/kinderapia.com\/ca\/wp-json\/wp\/v2\/pages"}],"about":[{"href":"https:\/\/kinderapia.com\/ca\/wp-json\/wp\/v2\/types\/page"}],"author":[{"embeddable":true,"href":"https:\/\/kinderapia.com\/ca\/wp-json\/wp\/v2\/users\/4"}],"replies":[{"embeddable":true,"href":"https:\/\/kinderapia.com\/ca\/wp-json\/wp\/v2\/comments?post=2383"}],"version-history":[{"count":4,"href":"https:\/\/kinderapia.com\/ca\/wp-json\/wp\/v2\/pages\/2383\/revisions"}],"predecessor-version":[{"id":2388,"href":"https:\/\/kinderapia.com\/ca\/wp-json\/wp\/v2\/pages\/2383\/revisions\/2388"}],"up":[{"embeddable":true,"href":"https:\/\/kinderapia.com\/ca\/wp-json\/wp\/v2\/pages\/2375"}],"wp:attachment":[{"href":"https:\/\/kinderapia.com\/ca\/wp-json\/wp\/v2\/media?parent=2383"}],"curies":[{"name":"wp","href":"https:\/\/api.w.org\/{rel}","templated":true}]}}