{"id":2413,"date":"2019-07-02T15:55:48","date_gmt":"2019-07-02T15:55:48","guid":{"rendered":"http:\/\/kinderapia.com\/tractaments\/trastorno-del-espectro-autista"},"modified":"2020-01-02T12:26:06","modified_gmt":"2020-01-02T12:26:06","slug":"trastorn-de-lespectre-autista","status":"publish","type":"page","link":"https:\/\/kinderapia.com\/ca\/tractaments\/trastorn-de-lespectre-autista","title":{"rendered":"Trastorn de l\u2019Espectre Autista"},"content":{"rendered":"<p>[et_pb_section fb_built=&#8221;1&#8243; admin_label=&#8221;Hero&#8221; _builder_version=&#8221;3.23.3&#8243; custom_padding=&#8221;0px|0px|0px|0px&#8221; animation_style=&#8221;zoom&#8221; animation_intensity_zoom=&#8221;4%&#8221; z_index_tablet=&#8221;500&#8243; box_shadow_horizontal_tablet=&#8221;0px&#8221; box_shadow_vertical_tablet=&#8221;0px&#8221; box_shadow_blur_tablet=&#8221;40px&#8221; box_shadow_spread_tablet=&#8221;0px&#8221;][et_pb_row column_structure=&#8221;1_2,1_2&#8243; use_custom_gutter=&#8221;on&#8221; gutter_width=&#8221;1&#8243; make_equal=&#8221;on&#8221; custom_padding_last_edited=&#8221;on|phone&#8221; module_class=&#8221; et_pb_row_fullwidth et_pb_row_fullwidth&#8221; _builder_version=&#8221;3.26.2&#8243; background_color=&#8221;#58bec8&#8243; background_image=&#8221;http:\/\/kinderapia.com\/wp-content\/uploads\/2019\/06\/circle-background-pattern.png&#8221; background_size=&#8221;initial&#8221; width=&#8221;100%&#8221; width_tablet=&#8221;100%&#8221; width_phone=&#8221;&#8221; width_last_edited=&#8221;on|desktop&#8221; max_width=&#8221;100%&#8221; max_width_tablet=&#8221;100%&#8221; max_width_phone=&#8221;&#8221; max_width_last_edited=&#8221;on|desktop&#8221; custom_padding=&#8221;0px||0px|||&#8221; custom_padding_tablet=&#8221;&#8221; custom_padding_phone=&#8221;50px||||false|false&#8221; animation_style=&#8221;slide&#8221; animation_direction=&#8221;top&#8221; animation_intensity_slide=&#8221;3%&#8221; make_fullwidth=&#8221;on&#8221;][et_pb_column type=&#8221;1_2&#8243; _builder_version=&#8221;3.25&#8243; custom_padding=&#8221;10%|8%|10%|8%&#8221; custom_padding__hover=&#8221;|||&#8221;][et_pb_text _builder_version=&#8221;3.27.4&#8243; text_font=&#8221;||||||||&#8221; header_font=&#8221;Roboto Slab|700|||||||&#8221; header_text_color=&#8221;#FFFFFF&#8221; header_font_size=&#8221;45px&#8221; header_2_font=&#8221;Roboto Slab|700|||||||&#8221; header_2_text_color=&#8221;#ffffff&#8221; header_2_font_size=&#8221;45px&#8221; header_2_line_height=&#8221;1.3em&#8221; header_4_font=&#8221;Roboto Slab|700|||||||&#8221; header_4_font_size=&#8221;35px&#8221; custom_margin=&#8221;-71px|||||&#8221; animation_style=&#8221;slide&#8221; animation_direction=&#8221;top&#8221; animation_intensity_slide=&#8221;5%&#8221; animation_starting_opacity=&#8221;100%&#8221;]<\/p>\n<h2>TEA<\/h2>\n<p>[\/et_pb_text][et_pb_text _builder_version=&#8221;4.0.9&#8243; text_font=&#8221;Roboto Slab||||||||&#8221; text_text_color=&#8221;#FFFFFF&#8221; text_font_size=&#8221;25px&#8221; header_font=&#8221;Roboto Slab||||||||&#8221; header_text_color=&#8221;#ffffff&#8221; header_font_size=&#8221;25px&#8221; header_line_height=&#8221;1.3em&#8221; custom_margin=&#8221;37px|||||&#8221; custom_padding=&#8221;||17px|||&#8221; hover_enabled=&#8221;0&#8243;]<\/p>\n<h1>Trastorns de l\u2019Espectre Autista (Autisme i Asperger)<\/h1>\n<p>[\/et_pb_text][et_pb_text _builder_version=&#8221;4.0.9&#8243; text_font=&#8221;Roboto|300|||||||&#8221; text_text_color=&#8221;#FFFFFF&#8221; text_font_size=&#8221;17px&#8221; text_line_height=&#8221;1.5em&#8221; header_font=&#8221;|700|||||||&#8221; animation_style=&#8221;slide&#8221; animation_direction=&#8221;top&#8221; animation_intensity_slide=&#8221;5%&#8221; animation_starting_opacity=&#8221;100%&#8221; hover_enabled=&#8221;0&#8243;]<\/p>\n<p>El Trastorn de l\u2019Espectre Autista (TEA) \u00e9s un trastorn neurobiol\u00f2gic que afecta a aproximadament 1 de cada 100 nens i nenes nascuts a Espanya.<\/p>\n<p>[\/et_pb_text][\/et_pb_column][et_pb_column type=&#8221;1_2&#8243; _builder_version=&#8221;3.25&#8243; background_image=&#8221;http:\/\/kinderapia.com\/wp-content\/uploads\/2019\/07\/Kinderapia-tea.jpg&#8221; custom_padding=&#8221;|||&#8221; custom_padding__hover=&#8221;|||&#8221;][\/et_pb_column][\/et_pb_row][\/et_pb_section][et_pb_section fb_built=&#8221;1&#8243; admin_label=&#8221;Feature&#8221; _builder_version=&#8221;3.23.3&#8243; background_image=&#8221;http:\/\/kinderapia.com\/wp-content\/uploads\/2019\/07\/Fondo-Kinderapia-centro-de-psicologia.png&#8221; parallax=&#8221;on&#8221; parallax_method=&#8221;off&#8221; custom_padding=&#8221;0px||6px|||&#8221;][et_pb_row column_structure=&#8221;1_2,1_2&#8243; use_custom_gutter=&#8221;on&#8221; _builder_version=&#8221;3.25&#8243; custom_padding=&#8221;41px||0px|||&#8221;][et_pb_column type=&#8221;1_2&#8243; _builder_version=&#8221;3.25&#8243; custom_padding=&#8221;|||&#8221; custom_padding__hover=&#8221;|||&#8221;][et_pb_image src=&#8221;http:\/\/kinderapia.com\/wp-content\/uploads\/2019\/07\/Kinderapia-tea.jpg&#8221; disabled_on=&#8221;off|on|on&#8221; _builder_version=&#8221;3.26.2&#8243;][\/et_pb_image][et_pb_text _builder_version=&#8221;4.0.9&#8243; text_font=&#8221;Roboto|300|||||||&#8221; text_text_color=&#8221;#757575&#8243; text_font_size=&#8221;17px&#8221; text_line_height=&#8221;1.5em&#8221; hover_enabled=&#8221;0&#8243;]<\/p>\n<p>El Trastorn de l\u2019Espectre Autista (TEA) \u00e9s un trastorn neurobiol\u00f2gic que afecta a aproximadament 1 de cada 100 nens i nenes nascuts a Espanya.<\/p>\n<p>Encara que no hi hagi estudis actuals sobre la seva incid\u00e8ncia, en els \u00faltims anys han augmentat els casos diagnosticats i tractats gr\u00e0cies a la millor formaci\u00f3 sobre el trastorn i la millora dels instruments de detecci\u00f3. Aquest \u00e9s un fet positiu ja que poder detectar i intervenir en edats primerenques sobre el trastorn millora la qualitat de vida, tant del nen o nena com del seu entorn.<\/p>\n<p>S\u2019ha de tenir en compte que es tracta d\u2019un trastorn amb un ampli espectre i que la variabilitat dels s\u00edmptomes i la intensitat d\u2019aquests varia segons el tipus d\u2019afectaci\u00f3.<\/p>\n<p>Les persones amb Trastorn de l\u2019Espectre Autista en general tenen dificultats amb les relacions socials, mantenint la relaci\u00f3 amb els altres de manera excessivament enganxada, sense saber exactament com relacionar-se; o al contrari, presentant comportament d\u2019a\u00efllament social.<\/p>\n<p>Aix\u00ed mateix, tamb\u00e9 mostren algunes peculiaritats en les habilitats relacionades tant amb la comunicaci\u00f3 verbal com amb la no verbal, passant de l\u2019abs\u00e8ncia de llenguatge oral a la pres\u00e8ncia d\u2019una comunicaci\u00f3 poc flu\u00efda i poc funcional. A m\u00e9s, les seves capacitats per imaginar i entendre les emociones i intencions dels altres s\u00f3n limitades o nul\u00b7les, cosa que dificulta que es desenvolupin adequadament en un entorn social.<\/p>\n<p>[\/et_pb_text][\/et_pb_column][et_pb_column type=&#8221;1_2&#8243; _builder_version=&#8221;3.25&#8243; custom_padding=&#8221;|||&#8221; custom_padding__hover=&#8221;|||&#8221;][et_pb_text _builder_version=&#8221;4.0.9&#8243; text_font=&#8221;Roboto|300|||||||&#8221; text_text_color=&#8221;#757575&#8243; text_font_size=&#8221;17px&#8221; text_line_height=&#8221;1.5em&#8221; hover_enabled=&#8221;0&#8243;]<\/p>\n<p>A m\u00e9s, tendeixen a presentar un repertori limitat d\u2019interessos i conductes, solen tenir comportaments repetitius i tenen dificultats per afrontar els canvis del seu entorn, encara que aquests siguin m\u00ednims.<\/p>\n<p>Malgrat estem parlant que \u00e9s un trastorn que els acompanya durant tota la seva vida, hi ha diferents tractaments que permeten millorar la seva qualitat de vida i la del seu entorn, tot i que no hi ha un consens sobre un tractament est\u00e0ndard.<\/p>\n<p>Quan abans es comenci amb un tractament adequat al nen o nena i al seu entorn, majors seran les probabilitats de tenir m\u00e9s efectes positius sobre els s\u00edmptomes i les aptituds. Els tractaments inclouen ter\u00e0pies de comportament i de comunicaci\u00f3, de desenvolupament d\u2019habilitats i\/o farmacol\u00f2gics per controlar alguns s\u00edmptomes en el cas que sigui necessari.<\/p>\n<p>Un aspecte fonamental \u00e9s el del desenvolupament d\u2019habilitats comunicatives i socials i a Kinderapia ho treballem de forma individual i tamb\u00e9 grupal, amb un grup redu\u00eft de nens i nenes de caracter\u00edstiques semblants per treballar aquestes habilitats d\u2019una forma m\u00e9s completa.<\/p>\n<p>[\/et_pb_text][\/et_pb_column][\/et_pb_row][et_pb_row _builder_version=&#8221;3.25&#8243; custom_padding=&#8221;54px||44px|||&#8221;][et_pb_column type=&#8221;4_4&#8243; _builder_version=&#8221;3.25&#8243; custom_padding=&#8221;|||&#8221; custom_padding__hover=&#8221;|||&#8221;][et_pb_text _builder_version=&#8221;4.0.9&#8243; text_font=&#8221;Roboto|300|||||||&#8221; text_font_size=&#8221;19px&#8221; text_line_height=&#8221;1.8em&#8221; header_font=&#8221;||||||||&#8221; header_4_font=&#8221;Roboto Slab||||||||&#8221; header_4_text_color=&#8221;#44ccd6&#8243; header_4_font_size=&#8221;20px&#8221; header_4_line_height=&#8221;1.5em&#8221; header_6_font=&#8221;Muli|600|||||||&#8221; header_6_font_size=&#8221;22px&#8221; header_6_line_height=&#8221;1.8em&#8221; text_orientation=&#8221;center&#8221; background_layout=&#8221;dark&#8221; max_width=&#8221;800px&#8221; module_alignment=&#8221;center&#8221; hover_enabled=&#8221;0&#8243; text_font_size_tablet=&#8221;&#8221; text_font_size_phone=&#8221;14px&#8221; text_font_size_last_edited=&#8221;on|phone&#8221;]<\/p>\n<h4>A Kinderapia treballem des de diferents perspectives segons el cas en particular, sempre adaptat al pacient i a la seva fam\u00edlia, perqu\u00e8 \u00e9s molt important treballar directament amb el nen o nena per\u00f2 tamb\u00e9 amb la fam\u00edlia i el seu entorn escolar, per anar tots en una mateixa direcci\u00f3 i abastar tots els \u00e0mbits de la seva quotidianitat.<\/h4>\n<p>[\/et_pb_text][\/et_pb_column][\/et_pb_row][\/et_pb_section]<\/p>\n","protected":false},"excerpt":{"rendered":"<p>TEATrastorns de l\u2019Espectre Autista (Autisme i Asperger) El Trastorn de l\u2019Espectre Autista (TEA) \u00e9s un trastorn neurobiol\u00f2gic que afecta a aproximadament 1 de cada 100 nens i nenes nascuts a Espanya. El Trastorn de l\u2019Espectre Autista (TEA) \u00e9s un trastorn neurobiol\u00f2gic que afecta a aproximadament 1 de cada 100 nens i nenes nascuts a Espanya. [&hellip;]<\/p>\n","protected":false},"author":4,"featured_media":0,"parent":2329,"menu_order":0,"comment_status":"closed","ping_status":"closed","template":"","meta":{"_et_pb_use_builder":"on","_et_pb_old_content":"","_et_gb_content_width":"","inline_featured_image":false,"footnotes":""},"class_list":["post-2413","page","type-page","status-publish","hentry"],"yoast_head":"<!-- This site is optimized with the Yoast SEO plugin v27.2 - https:\/\/yoast.com\/product\/yoast-seo-wordpress\/ -->\n<title>Trastorn de l\u2019Espectre Autista - Kinderapia<\/title>\n<meta name=\"robots\" content=\"index, follow, max-snippet:-1, max-image-preview:large, max-video-preview:-1\" \/>\n<link rel=\"canonical\" href=\"https:\/\/kinderapia.com\/ca\/tractaments\/trastorn-de-lespectre-autista\" \/>\n<meta property=\"og:locale\" content=\"ca_ES\" \/>\n<meta property=\"og:type\" content=\"article\" \/>\n<meta property=\"og:title\" content=\"Trastorn de l\u2019Espectre Autista - Kinderapia\" \/>\n<meta property=\"og:description\" content=\"TEATrastorns de l\u2019Espectre Autista (Autisme i Asperger) El Trastorn de l\u2019Espectre Autista (TEA) \u00e9s un trastorn neurobiol\u00f2gic que afecta a aproximadament 1 de cada 100 nens i nenes nascuts a Espanya. El Trastorn de l\u2019Espectre Autista (TEA) \u00e9s un trastorn neurobiol\u00f2gic que afecta a aproximadament 1 de cada 100 nens i nenes nascuts a Espanya. [&hellip;]\" \/>\n<meta property=\"og:url\" content=\"https:\/\/kinderapia.com\/ca\/tractaments\/trastorn-de-lespectre-autista\" \/>\n<meta property=\"og:site_name\" content=\"Kinderapia\" \/>\n<meta property=\"article:modified_time\" content=\"2020-01-02T12:26:06+00:00\" \/>\n<meta name=\"twitter:card\" content=\"summary_large_image\" \/>\n<meta name=\"twitter:label1\" content=\"Temps estimat de lectura\" \/>\n\t<meta name=\"twitter:data1\" content=\"6 minuts\" \/>\n<script type=\"application\/ld+json\" class=\"yoast-schema-graph\">{\"@context\":\"https:\/\/schema.org\",\"@graph\":[{\"@type\":\"WebPage\",\"@id\":\"https:\/\/kinderapia.com\/ca\/tractaments\/trastorn-de-lespectre-autista\",\"url\":\"https:\/\/kinderapia.com\/ca\/tractaments\/trastorn-de-lespectre-autista\",\"name\":\"Trastorn de l\u2019Espectre Autista - Kinderapia\",\"isPartOf\":{\"@id\":\"https:\/\/kinderapia.com\/#website\"},\"datePublished\":\"2019-07-02T15:55:48+00:00\",\"dateModified\":\"2020-01-02T12:26:06+00:00\",\"breadcrumb\":{\"@id\":\"https:\/\/kinderapia.com\/ca\/tractaments\/trastorn-de-lespectre-autista#breadcrumb\"},\"inLanguage\":\"ca\",\"potentialAction\":[{\"@type\":\"ReadAction\",\"target\":[\"https:\/\/kinderapia.com\/ca\/tractaments\/trastorn-de-lespectre-autista\"]}]},{\"@type\":\"BreadcrumbList\",\"@id\":\"https:\/\/kinderapia.com\/ca\/tractaments\/trastorn-de-lespectre-autista#breadcrumb\",\"itemListElement\":[{\"@type\":\"ListItem\",\"position\":1,\"name\":\"Home\",\"item\":\"https:\/\/kinderapia.com\/ca\"},{\"@type\":\"ListItem\",\"position\":2,\"name\":\"Tractaments\",\"item\":\"https:\/\/kinderapia.com\/ca\/tractaments\"},{\"@type\":\"ListItem\",\"position\":3,\"name\":\"Trastorn de l\u2019Espectre Autista\"}]},{\"@type\":\"WebSite\",\"@id\":\"https:\/\/kinderapia.com\/#website\",\"url\":\"https:\/\/kinderapia.com\/\",\"name\":\"Kinderapia\",\"description\":\"Centro de psicolog\u00eda aplicada en Esplugues de Llobregat\",\"publisher\":{\"@id\":\"https:\/\/kinderapia.com\/#organization\"},\"potentialAction\":[{\"@type\":\"SearchAction\",\"target\":{\"@type\":\"EntryPoint\",\"urlTemplate\":\"https:\/\/kinderapia.com\/?s={search_term_string}\"},\"query-input\":{\"@type\":\"PropertyValueSpecification\",\"valueRequired\":true,\"valueName\":\"search_term_string\"}}],\"inLanguage\":\"ca\"},{\"@type\":\"Organization\",\"@id\":\"https:\/\/kinderapia.com\/#organization\",\"name\":\"Kinderapia\",\"url\":\"https:\/\/kinderapia.com\/\",\"logo\":{\"@type\":\"ImageObject\",\"inLanguage\":\"ca\",\"@id\":\"https:\/\/kinderapia.com\/#\/schema\/logo\/image\/\",\"url\":\"http:\/\/kinderapia.com\/wp-content\/uploads\/2019\/06\/Logo-Kinderapia-adultos-1.png\",\"contentUrl\":\"http:\/\/kinderapia.com\/wp-content\/uploads\/2019\/06\/Logo-Kinderapia-adultos-1.png\",\"width\":230,\"height\":75,\"caption\":\"Kinderapia\"},\"image\":{\"@id\":\"https:\/\/kinderapia.com\/#\/schema\/logo\/image\/\"}}]}<\/script>\n<!-- \/ Yoast SEO plugin. -->","yoast_head_json":{"title":"Trastorn de l\u2019Espectre Autista - Kinderapia","robots":{"index":"index","follow":"follow","max-snippet":"max-snippet:-1","max-image-preview":"max-image-preview:large","max-video-preview":"max-video-preview:-1"},"canonical":"https:\/\/kinderapia.com\/ca\/tractaments\/trastorn-de-lespectre-autista","og_locale":"ca_ES","og_type":"article","og_title":"Trastorn de l\u2019Espectre Autista - Kinderapia","og_description":"TEATrastorns de l\u2019Espectre Autista (Autisme i Asperger) El Trastorn de l\u2019Espectre Autista (TEA) \u00e9s un trastorn neurobiol\u00f2gic que afecta a aproximadament 1 de cada 100 nens i nenes nascuts a Espanya. El Trastorn de l\u2019Espectre Autista (TEA) \u00e9s un trastorn neurobiol\u00f2gic que afecta a aproximadament 1 de cada 100 nens i nenes nascuts a Espanya. [&hellip;]","og_url":"https:\/\/kinderapia.com\/ca\/tractaments\/trastorn-de-lespectre-autista","og_site_name":"Kinderapia","article_modified_time":"2020-01-02T12:26:06+00:00","twitter_card":"summary_large_image","twitter_misc":{"Temps estimat de lectura":"6 minuts"},"schema":{"@context":"https:\/\/schema.org","@graph":[{"@type":"WebPage","@id":"https:\/\/kinderapia.com\/ca\/tractaments\/trastorn-de-lespectre-autista","url":"https:\/\/kinderapia.com\/ca\/tractaments\/trastorn-de-lespectre-autista","name":"Trastorn de l\u2019Espectre Autista - Kinderapia","isPartOf":{"@id":"https:\/\/kinderapia.com\/#website"},"datePublished":"2019-07-02T15:55:48+00:00","dateModified":"2020-01-02T12:26:06+00:00","breadcrumb":{"@id":"https:\/\/kinderapia.com\/ca\/tractaments\/trastorn-de-lespectre-autista#breadcrumb"},"inLanguage":"ca","potentialAction":[{"@type":"ReadAction","target":["https:\/\/kinderapia.com\/ca\/tractaments\/trastorn-de-lespectre-autista"]}]},{"@type":"BreadcrumbList","@id":"https:\/\/kinderapia.com\/ca\/tractaments\/trastorn-de-lespectre-autista#breadcrumb","itemListElement":[{"@type":"ListItem","position":1,"name":"Home","item":"https:\/\/kinderapia.com\/ca"},{"@type":"ListItem","position":2,"name":"Tractaments","item":"https:\/\/kinderapia.com\/ca\/tractaments"},{"@type":"ListItem","position":3,"name":"Trastorn de l\u2019Espectre Autista"}]},{"@type":"WebSite","@id":"https:\/\/kinderapia.com\/#website","url":"https:\/\/kinderapia.com\/","name":"Kinderapia","description":"Centro de psicolog\u00eda aplicada en Esplugues de Llobregat","publisher":{"@id":"https:\/\/kinderapia.com\/#organization"},"potentialAction":[{"@type":"SearchAction","target":{"@type":"EntryPoint","urlTemplate":"https:\/\/kinderapia.com\/?s={search_term_string}"},"query-input":{"@type":"PropertyValueSpecification","valueRequired":true,"valueName":"search_term_string"}}],"inLanguage":"ca"},{"@type":"Organization","@id":"https:\/\/kinderapia.com\/#organization","name":"Kinderapia","url":"https:\/\/kinderapia.com\/","logo":{"@type":"ImageObject","inLanguage":"ca","@id":"https:\/\/kinderapia.com\/#\/schema\/logo\/image\/","url":"http:\/\/kinderapia.com\/wp-content\/uploads\/2019\/06\/Logo-Kinderapia-adultos-1.png","contentUrl":"http:\/\/kinderapia.com\/wp-content\/uploads\/2019\/06\/Logo-Kinderapia-adultos-1.png","width":230,"height":75,"caption":"Kinderapia"},"image":{"@id":"https:\/\/kinderapia.com\/#\/schema\/logo\/image\/"}}]}},"_links":{"self":[{"href":"https:\/\/kinderapia.com\/ca\/wp-json\/wp\/v2\/pages\/2413","targetHints":{"allow":["GET"]}}],"collection":[{"href":"https:\/\/kinderapia.com\/ca\/wp-json\/wp\/v2\/pages"}],"about":[{"href":"https:\/\/kinderapia.com\/ca\/wp-json\/wp\/v2\/types\/page"}],"author":[{"embeddable":true,"href":"https:\/\/kinderapia.com\/ca\/wp-json\/wp\/v2\/users\/4"}],"replies":[{"embeddable":true,"href":"https:\/\/kinderapia.com\/ca\/wp-json\/wp\/v2\/comments?post=2413"}],"version-history":[{"count":4,"href":"https:\/\/kinderapia.com\/ca\/wp-json\/wp\/v2\/pages\/2413\/revisions"}],"predecessor-version":[{"id":2419,"href":"https:\/\/kinderapia.com\/ca\/wp-json\/wp\/v2\/pages\/2413\/revisions\/2419"}],"up":[{"embeddable":true,"href":"https:\/\/kinderapia.com\/ca\/wp-json\/wp\/v2\/pages\/2329"}],"wp:attachment":[{"href":"https:\/\/kinderapia.com\/ca\/wp-json\/wp\/v2\/media?parent=2413"}],"curies":[{"name":"wp","href":"https:\/\/api.w.org\/{rel}","templated":true}]}}