{"id":2620,"date":"2019-06-19T13:41:36","date_gmt":"2019-06-19T13:41:36","guid":{"rendered":"https:\/\/kinderapia.com\/equip\/norma-mas"},"modified":"2021-05-21T09:48:55","modified_gmt":"2021-05-21T09:48:55","slug":"norma-mas","status":"publish","type":"page","link":"https:\/\/kinderapia.com\/ca\/equip\/norma-mas","title":{"rendered":"Norma Mas"},"content":{"rendered":"<p>[et_pb_section fb_built=&#8221;1&#8243; next_background_color=&#8221;#ffffff&#8221; admin_label=&#8221;Hero&#8221; _builder_version=&#8221;3.23.3&#8243; background_color=&#8221;#58bec8&#8243; background_color_gradient_direction=&#8221;62deg&#8221; background_image=&#8221;https:\/\/kinderapia.com\/wp-content\/uploads\/2019\/06\/prueba-banner-home-5.png&#8221; background_blend=&#8221;soft-light&#8221; custom_margin=&#8221;|||&#8221; custom_padding=&#8221;47px||40px|||&#8221; bottom_divider_style=&#8221;wave2&#8243; bottom_divider_height=&#8221;150px&#8221;][et_pb_row _builder_version=&#8221;3.25&#8243; background_size=&#8221;initial&#8221; background_position=&#8221;top_left&#8221; background_repeat=&#8221;repeat&#8221; custom_padding=&#8221;0px|||||&#8221;][et_pb_column type=&#8221;4_4&#8243; _builder_version=&#8221;3.25&#8243; custom_padding=&#8221;|||&#8221; custom_padding__hover=&#8221;|||&#8221;][\/et_pb_column][\/et_pb_row][\/et_pb_section][et_pb_section fb_built=&#8221;1&#8243; admin_label=&#8221;About&#8221; _builder_version=&#8221;3.22.3&#8243; custom_padding=&#8221;120px|0px|111px|0px&#8221;][et_pb_row column_structure=&#8221;1_2,1_2&#8243; _builder_version=&#8221;3.25&#8243; custom_margin=&#8221;-133px|auto|-24px|auto||&#8221;][et_pb_column type=&#8221;1_2&#8243; _builder_version=&#8221;3.25&#8243; custom_padding=&#8221;|||&#8221; custom_padding__hover=&#8221;|||&#8221;][et_pb_image src=&#8221;https:\/\/kinderapia.com\/wp-content\/uploads\/2021\/04\/kinderapia-Norma-mas.jpg&#8221; force_fullwidth=&#8221;on&#8221; align_tablet=&#8221;center&#8221; align_phone=&#8221;&#8221; align_last_edited=&#8221;on|desktop&#8221; _builder_version=&#8221;4.9.4&#8243; custom_margin=&#8221;||-22px|||&#8221; custom_padding=&#8221;||3px|||&#8221; animation_style=&#8221;fade&#8221; hover_enabled=&#8221;0&#8243; z_index_tablet=&#8221;500&#8243; border_radii=&#8221;on|8px|8px|8px|8px&#8221; box_shadow_horizontal_tablet=&#8221;0px&#8221; box_shadow_vertical_tablet=&#8221;0px&#8221; box_shadow_blur_tablet=&#8221;40px&#8221; box_shadow_spread_tablet=&#8221;0px&#8221; alt=&#8221;Norma Mas Logopeda&#8221; title_text=&#8221;kinderapia-Norma-mas&#8221; sticky_enabled=&#8221;0&#8243;][\/et_pb_image][\/et_pb_column][et_pb_column type=&#8221;1_2&#8243; _builder_version=&#8221;3.25&#8243; custom_padding=&#8221;|||&#8221; custom_padding__hover=&#8221;|||&#8221;][et_pb_text _builder_version=&#8221;4.0.9&#8243; text_font=&#8221;Roboto|300|||||||&#8221; text_text_color=&#8221;#757575&#8243; text_font_size=&#8221;16px&#8221; text_line_height=&#8221;1.5em&#8221; header_font=&#8221;Roboto Slab|700|||||||&#8221; header_font_size=&#8221;21px&#8221; header_2_font=&#8221;Roboto Slab|700|||||||&#8221; header_2_text_color=&#8221;#58bec8&#8243; header_2_font_size=&#8221;36px&#8221; animation_style=&#8221;slide&#8221; animation_direction=&#8221;top&#8221; animation_intensity_slide=&#8221;5%&#8221; animation_starting_opacity=&#8221;100%&#8221; z_index_tablet=&#8221;500&#8243; text_text_shadow_horizontal_length_tablet=&#8221;0px&#8221; text_text_shadow_vertical_length_tablet=&#8221;0px&#8221; text_text_shadow_blur_strength_tablet=&#8221;1px&#8221; link_text_shadow_horizontal_length_tablet=&#8221;0px&#8221; link_text_shadow_vertical_length_tablet=&#8221;0px&#8221; link_text_shadow_blur_strength_tablet=&#8221;1px&#8221; ul_text_shadow_horizontal_length_tablet=&#8221;0px&#8221; ul_text_shadow_vertical_length_tablet=&#8221;0px&#8221; ul_text_shadow_blur_strength_tablet=&#8221;1px&#8221; ol_text_shadow_horizontal_length_tablet=&#8221;0px&#8221; ol_text_shadow_vertical_length_tablet=&#8221;0px&#8221; ol_text_shadow_blur_strength_tablet=&#8221;1px&#8221; quote_text_shadow_horizontal_length_tablet=&#8221;0px&#8221; quote_text_shadow_vertical_length_tablet=&#8221;0px&#8221; quote_text_shadow_blur_strength_tablet=&#8221;1px&#8221; header_text_shadow_horizontal_length_tablet=&#8221;0px&#8221; header_text_shadow_vertical_length_tablet=&#8221;0px&#8221; header_text_shadow_blur_strength_tablet=&#8221;1px&#8221; header_2_text_shadow_horizontal_length_tablet=&#8221;0px&#8221; header_2_text_shadow_vertical_length_tablet=&#8221;0px&#8221; header_2_text_shadow_blur_strength_tablet=&#8221;1px&#8221; header_3_text_shadow_horizontal_length_tablet=&#8221;0px&#8221; header_3_text_shadow_vertical_length_tablet=&#8221;0px&#8221; header_3_text_shadow_blur_strength_tablet=&#8221;1px&#8221; header_4_text_shadow_horizontal_length_tablet=&#8221;0px&#8221; header_4_text_shadow_vertical_length_tablet=&#8221;0px&#8221; header_4_text_shadow_blur_strength_tablet=&#8221;1px&#8221; header_5_text_shadow_horizontal_length_tablet=&#8221;0px&#8221; header_5_text_shadow_vertical_length_tablet=&#8221;0px&#8221; header_5_text_shadow_blur_strength_tablet=&#8221;1px&#8221; header_6_text_shadow_horizontal_length_tablet=&#8221;0px&#8221; header_6_text_shadow_vertical_length_tablet=&#8221;0px&#8221; header_6_text_shadow_blur_strength_tablet=&#8221;1px&#8221; box_shadow_horizontal_tablet=&#8221;0px&#8221; box_shadow_vertical_tablet=&#8221;0px&#8221; box_shadow_blur_tablet=&#8221;40px&#8221; box_shadow_spread_tablet=&#8221;0px&#8221; locked=&#8221;off&#8221;]<\/p>\n<h2>Norma Mas<\/h2>\n<h1>Logopeda<\/h1>\n<p>&nbsp;<\/p>\n<p>Est\u00e0 exercint com a logopeda des de fa 20 anys amb tota mena de dificultats de llenguatge. Est\u00e0 realitzant la logop\u00e8dia d&#8217;un col\u00b7legi a Barcelona. Treballa tant amb el nen \/ a com amb els pares orientat a com s&#8217;han d&#8217;adre\u00e7ar als infants quan t\u00e9 dificultats d&#8217;expressi\u00f3 i aconseguir que els nens i nenes es comuniquin en tots els seus \u00e0mbits. Tamb\u00e9 treballa conjuntament amb dentistes i digest\u00f2legs per ajudar en el proceo de degluci\u00f3 o amb les dificultats que poden presentar els infants en el proc\u00e9s de masticaci\u00f3 i degluci\u00f3 diari.<\/p>\n<p>[\/et_pb_text][et_pb_button button_url=&#8221;mailto:%20info@kinderapia.com &#8221; button_text=&#8221;Fer una consulta&#8221; _builder_version=&#8221;4.0.9&#8243; custom_button=&#8221;on&#8221; button_text_size=&#8221;15px&#8221; button_text_color=&#8221;#ffffff&#8221; button_bg_color=&#8221;#58bec8&#8243; button_border_width=&#8221;0px&#8221; button_border_radius=&#8221;100px&#8221; button_font=&#8221;Roboto Slab|700|||||||&#8221; button_use_icon=&#8221;off&#8221; custom_margin=&#8221;||-34px|||&#8221; custom_padding=&#8221;14px|24px|14px|24px&#8221; z_index_tablet=&#8221;500&#8243; button_text_shadow_horizontal_length_tablet=&#8221;0px&#8221; button_text_shadow_vertical_length_tablet=&#8221;0px&#8221; button_text_shadow_blur_strength_tablet=&#8221;1px&#8221; box_shadow_horizontal_tablet=&#8221;0px&#8221; box_shadow_vertical_tablet=&#8221;0px&#8221; box_shadow_blur_tablet=&#8221;40px&#8221; box_shadow_spread_tablet=&#8221;0px&#8221; button_bg_color__hover_enabled=&#8221;on&#8221; button_bg_color__hover=&#8221;#ffb24f&#8221;][\/et_pb_button][\/et_pb_column][\/et_pb_row][\/et_pb_section]<\/p>\n","protected":false},"excerpt":{"rendered":"<p>Norma Mas Logopeda &nbsp; Est\u00e0 exercint com a logopeda des de fa 20 anys amb tota mena de dificultats de llenguatge. Est\u00e0 realitzant la logop\u00e8dia d&#8217;un col\u00b7legi a Barcelona. Treballa tant amb el nen \/ a com amb els pares orientat a com s&#8217;han d&#8217;adre\u00e7ar als infants quan t\u00e9 dificultats d&#8217;expressi\u00f3 i aconseguir que els [&hellip;]<\/p>\n","protected":false},"author":4,"featured_media":0,"parent":2562,"menu_order":0,"comment_status":"closed","ping_status":"closed","template":"","meta":{"_et_pb_use_builder":"on","_et_pb_old_content":"","_et_gb_content_width":"","inline_featured_image":false,"footnotes":""},"class_list":["post-2620","page","type-page","status-publish","hentry"],"yoast_head":"<!-- This site is optimized with the Yoast SEO plugin v27.3 - https:\/\/yoast.com\/product\/yoast-seo-wordpress\/ -->\n<title>Norma Mas - Kinderapia<\/title>\n<meta name=\"robots\" content=\"index, follow, max-snippet:-1, max-image-preview:large, max-video-preview:-1\" \/>\n<link rel=\"canonical\" href=\"https:\/\/kinderapia.com\/ca\/equip\/norma-mas\" \/>\n<meta property=\"og:locale\" content=\"ca_ES\" \/>\n<meta property=\"og:type\" content=\"article\" \/>\n<meta property=\"og:title\" content=\"Norma Mas - Kinderapia\" \/>\n<meta property=\"og:description\" content=\"Norma Mas Logopeda &nbsp; Est\u00e0 exercint com a logopeda des de fa 20 anys amb tota mena de dificultats de llenguatge. Est\u00e0 realitzant la logop\u00e8dia d&#039;un col\u00b7legi a Barcelona. Treballa tant amb el nen \/ a com amb els pares orientat a com s&#039;han d&#039;adre\u00e7ar als infants quan t\u00e9 dificultats d&#039;expressi\u00f3 i aconseguir que els [&hellip;]\" \/>\n<meta property=\"og:url\" content=\"https:\/\/kinderapia.com\/ca\/equip\/norma-mas\" \/>\n<meta property=\"og:site_name\" content=\"Kinderapia\" \/>\n<meta property=\"article:modified_time\" content=\"2021-05-21T09:48:55+00:00\" \/>\n<meta name=\"twitter:card\" content=\"summary_large_image\" \/>\n<meta name=\"twitter:label1\" content=\"Temps estimat de lectura\" \/>\n\t<meta name=\"twitter:data1\" content=\"4 minuts\" \/>\n<script type=\"application\/ld+json\" class=\"yoast-schema-graph\">{\"@context\":\"https:\\\/\\\/schema.org\",\"@graph\":[{\"@type\":\"WebPage\",\"@id\":\"https:\\\/\\\/kinderapia.com\\\/ca\\\/equip\\\/norma-mas\",\"url\":\"https:\\\/\\\/kinderapia.com\\\/ca\\\/equip\\\/norma-mas\",\"name\":\"Norma Mas - Kinderapia\",\"isPartOf\":{\"@id\":\"https:\\\/\\\/kinderapia.com\\\/#website\"},\"datePublished\":\"2019-06-19T13:41:36+00:00\",\"dateModified\":\"2021-05-21T09:48:55+00:00\",\"breadcrumb\":{\"@id\":\"https:\\\/\\\/kinderapia.com\\\/ca\\\/equip\\\/norma-mas#breadcrumb\"},\"inLanguage\":\"ca\",\"potentialAction\":[{\"@type\":\"ReadAction\",\"target\":[\"https:\\\/\\\/kinderapia.com\\\/ca\\\/equip\\\/norma-mas\"]}]},{\"@type\":\"BreadcrumbList\",\"@id\":\"https:\\\/\\\/kinderapia.com\\\/ca\\\/equip\\\/norma-mas#breadcrumb\",\"itemListElement\":[{\"@type\":\"ListItem\",\"position\":1,\"name\":\"Home\",\"item\":\"https:\\\/\\\/kinderapia.com\\\/ca\"},{\"@type\":\"ListItem\",\"position\":2,\"name\":\"Equip\",\"item\":\"https:\\\/\\\/kinderapia.com\\\/ca\\\/equip\"},{\"@type\":\"ListItem\",\"position\":3,\"name\":\"Norma Mas\"}]},{\"@type\":\"WebSite\",\"@id\":\"https:\\\/\\\/kinderapia.com\\\/#website\",\"url\":\"https:\\\/\\\/kinderapia.com\\\/\",\"name\":\"Kinderapia\",\"description\":\"Centro de psicolog\u00eda aplicada en Esplugues de Llobregat\",\"publisher\":{\"@id\":\"https:\\\/\\\/kinderapia.com\\\/#organization\"},\"potentialAction\":[{\"@type\":\"SearchAction\",\"target\":{\"@type\":\"EntryPoint\",\"urlTemplate\":\"https:\\\/\\\/kinderapia.com\\\/?s={search_term_string}\"},\"query-input\":{\"@type\":\"PropertyValueSpecification\",\"valueRequired\":true,\"valueName\":\"search_term_string\"}}],\"inLanguage\":\"ca\"},{\"@type\":\"Organization\",\"@id\":\"https:\\\/\\\/kinderapia.com\\\/#organization\",\"name\":\"Kinderapia\",\"url\":\"https:\\\/\\\/kinderapia.com\\\/\",\"logo\":{\"@type\":\"ImageObject\",\"inLanguage\":\"ca\",\"@id\":\"https:\\\/\\\/kinderapia.com\\\/#\\\/schema\\\/logo\\\/image\\\/\",\"url\":\"https:\\\/\\\/kinderapia.com\\\/wp-content\\\/uploads\\\/2019\\\/06\\\/Logo-Kinderapia-adultos-1.png\",\"contentUrl\":\"https:\\\/\\\/kinderapia.com\\\/wp-content\\\/uploads\\\/2019\\\/06\\\/Logo-Kinderapia-adultos-1.png\",\"width\":230,\"height\":75,\"caption\":\"Kinderapia\"},\"image\":{\"@id\":\"https:\\\/\\\/kinderapia.com\\\/#\\\/schema\\\/logo\\\/image\\\/\"}}]}<\/script>\n<!-- \/ Yoast SEO plugin. -->","yoast_head_json":{"title":"Norma Mas - Kinderapia","robots":{"index":"index","follow":"follow","max-snippet":"max-snippet:-1","max-image-preview":"max-image-preview:large","max-video-preview":"max-video-preview:-1"},"canonical":"https:\/\/kinderapia.com\/ca\/equip\/norma-mas","og_locale":"ca_ES","og_type":"article","og_title":"Norma Mas - Kinderapia","og_description":"Norma Mas Logopeda &nbsp; Est\u00e0 exercint com a logopeda des de fa 20 anys amb tota mena de dificultats de llenguatge. Est\u00e0 realitzant la logop\u00e8dia d'un col\u00b7legi a Barcelona. Treballa tant amb el nen \/ a com amb els pares orientat a com s'han d'adre\u00e7ar als infants quan t\u00e9 dificultats d'expressi\u00f3 i aconseguir que els [&hellip;]","og_url":"https:\/\/kinderapia.com\/ca\/equip\/norma-mas","og_site_name":"Kinderapia","article_modified_time":"2021-05-21T09:48:55+00:00","twitter_card":"summary_large_image","twitter_misc":{"Temps estimat de lectura":"4 minuts"},"schema":{"@context":"https:\/\/schema.org","@graph":[{"@type":"WebPage","@id":"https:\/\/kinderapia.com\/ca\/equip\/norma-mas","url":"https:\/\/kinderapia.com\/ca\/equip\/norma-mas","name":"Norma Mas - Kinderapia","isPartOf":{"@id":"https:\/\/kinderapia.com\/#website"},"datePublished":"2019-06-19T13:41:36+00:00","dateModified":"2021-05-21T09:48:55+00:00","breadcrumb":{"@id":"https:\/\/kinderapia.com\/ca\/equip\/norma-mas#breadcrumb"},"inLanguage":"ca","potentialAction":[{"@type":"ReadAction","target":["https:\/\/kinderapia.com\/ca\/equip\/norma-mas"]}]},{"@type":"BreadcrumbList","@id":"https:\/\/kinderapia.com\/ca\/equip\/norma-mas#breadcrumb","itemListElement":[{"@type":"ListItem","position":1,"name":"Home","item":"https:\/\/kinderapia.com\/ca"},{"@type":"ListItem","position":2,"name":"Equip","item":"https:\/\/kinderapia.com\/ca\/equip"},{"@type":"ListItem","position":3,"name":"Norma Mas"}]},{"@type":"WebSite","@id":"https:\/\/kinderapia.com\/#website","url":"https:\/\/kinderapia.com\/","name":"Kinderapia","description":"Centro de psicolog\u00eda aplicada en Esplugues de Llobregat","publisher":{"@id":"https:\/\/kinderapia.com\/#organization"},"potentialAction":[{"@type":"SearchAction","target":{"@type":"EntryPoint","urlTemplate":"https:\/\/kinderapia.com\/?s={search_term_string}"},"query-input":{"@type":"PropertyValueSpecification","valueRequired":true,"valueName":"search_term_string"}}],"inLanguage":"ca"},{"@type":"Organization","@id":"https:\/\/kinderapia.com\/#organization","name":"Kinderapia","url":"https:\/\/kinderapia.com\/","logo":{"@type":"ImageObject","inLanguage":"ca","@id":"https:\/\/kinderapia.com\/#\/schema\/logo\/image\/","url":"https:\/\/kinderapia.com\/wp-content\/uploads\/2019\/06\/Logo-Kinderapia-adultos-1.png","contentUrl":"https:\/\/kinderapia.com\/wp-content\/uploads\/2019\/06\/Logo-Kinderapia-adultos-1.png","width":230,"height":75,"caption":"Kinderapia"},"image":{"@id":"https:\/\/kinderapia.com\/#\/schema\/logo\/image\/"}}]}},"_links":{"self":[{"href":"https:\/\/kinderapia.com\/ca\/wp-json\/wp\/v2\/pages\/2620","targetHints":{"allow":["GET"]}}],"collection":[{"href":"https:\/\/kinderapia.com\/ca\/wp-json\/wp\/v2\/pages"}],"about":[{"href":"https:\/\/kinderapia.com\/ca\/wp-json\/wp\/v2\/types\/page"}],"author":[{"embeddable":true,"href":"https:\/\/kinderapia.com\/ca\/wp-json\/wp\/v2\/users\/4"}],"replies":[{"embeddable":true,"href":"https:\/\/kinderapia.com\/ca\/wp-json\/wp\/v2\/comments?post=2620"}],"version-history":[{"count":3,"href":"https:\/\/kinderapia.com\/ca\/wp-json\/wp\/v2\/pages\/2620\/revisions"}],"predecessor-version":[{"id":3800,"href":"https:\/\/kinderapia.com\/ca\/wp-json\/wp\/v2\/pages\/2620\/revisions\/3800"}],"up":[{"embeddable":true,"href":"https:\/\/kinderapia.com\/ca\/wp-json\/wp\/v2\/pages\/2562"}],"wp:attachment":[{"href":"https:\/\/kinderapia.com\/ca\/wp-json\/wp\/v2\/media?parent=2620"}],"curies":[{"name":"wp","href":"https:\/\/api.w.org\/{rel}","templated":true}]}}