{"id":3952,"date":"2019-07-02T15:22:16","date_gmt":"2019-07-02T15:22:16","guid":{"rendered":"https:\/\/kinderapia.com\/logopedia\/rehabilitacion-de-la-voz"},"modified":"2021-06-15T10:53:36","modified_gmt":"2021-06-15T10:53:36","slug":"stimmrehabilitation","status":"publish","type":"page","link":"https:\/\/kinderapia.com\/de\/sprachtherapie\/stimmrehabilitation","title":{"rendered":"Stimmrehabilitation"},"content":{"rendered":"<p>[et_pb_section fb_built=&#8220;1&#8243; admin_label=&#8220;Hero&#8220; _builder_version=&#8220;3.23.3&#8243; custom_padding=&#8220;0px|0px|0px|0px&#8220; animation_style=&#8220;zoom&#8220; animation_intensity_zoom=&#8220;4%&#8220; z_index_tablet=&#8220;500&#8243; box_shadow_horizontal_tablet=&#8220;0px&#8220; box_shadow_vertical_tablet=&#8220;0px&#8220; box_shadow_blur_tablet=&#8220;40px&#8220; box_shadow_spread_tablet=&#8220;0px&#8220;][et_pb_row column_structure=&#8220;1_2,1_2&#8243; use_custom_gutter=&#8220;on&#8220; gutter_width=&#8220;1&#8243; make_equal=&#8220;on&#8220; custom_padding_last_edited=&#8220;on|phone&#8220; module_class=&#8220; et_pb_row_fullwidth et_pb_row_fullwidth&#8220; _builder_version=&#8220;3.26.2&#8243; background_color=&#8220;#58bec8&#8243; background_image=&#8220;https:\/\/kinderapia.com\/wp-content\/uploads\/2019\/06\/circle-background-pattern.png&#8220; background_size=&#8220;initial&#8220; width=&#8220;100%&#8220; width_tablet=&#8220;100%&#8220; width_phone=&#8220;&#8220; width_last_edited=&#8220;on|desktop&#8220; max_width=&#8220;100%&#8220; max_width_tablet=&#8220;100%&#8220; max_width_phone=&#8220;&#8220; max_width_last_edited=&#8220;on|desktop&#8220; custom_padding=&#8220;0px||0px|||&#8220; custom_padding_tablet=&#8220;&#8220; custom_padding_phone=&#8220;50px||||false|false&#8220; animation_style=&#8220;slide&#8220; animation_direction=&#8220;top&#8220; animation_intensity_slide=&#8220;3%&#8220; make_fullwidth=&#8220;on&#8220;][et_pb_column type=&#8220;1_2&#8243; _builder_version=&#8220;3.25&#8243; custom_padding=&#8220;10%|8%|10%|8%&#8220; custom_padding__hover=&#8220;|||&#8220;][et_pb_text _builder_version=&#8220;4.9.4&#8243; text_font=&#8220;||||||||&#8220; header_font=&#8220;Roboto Slab|700|||||||&#8220; header_text_color=&#8220;#FFFFFF&#8220; header_font_size=&#8220;45px&#8220; header_2_font=&#8220;Roboto Slab|700|||||||&#8220; header_2_text_color=&#8220;#ffffff&#8220; header_2_font_size=&#8220;45px&#8220; header_2_line_height=&#8220;1.3em&#8220; header_4_font=&#8220;Roboto Slab|700|||||||&#8220; header_4_font_size=&#8220;35px&#8220; custom_margin=&#8220;-71px|||||&#8220; animation_style=&#8220;slide&#8220; animation_direction=&#8220;top&#8220; animation_intensity_slide=&#8220;5%&#8220; animation_starting_opacity=&#8220;100%&#8220;]<\/p>\n<h2>Sprachtherapie<\/h2>\n<p>[\/et_pb_text][et_pb_text _builder_version=&#8220;4.9.4&#8243; text_font=&#8220;Roboto Slab||||||||&#8220; text_text_color=&#8220;#FFFFFF&#8220; text_font_size=&#8220;25px&#8220; header_font=&#8220;Roboto Slab||||||||&#8220; header_text_color=&#8220;#ffffff&#8220; header_font_size=&#8220;25px&#8220; header_line_height=&#8220;1.5em&#8220; custom_margin=&#8220;37px|||||&#8220; custom_padding=&#8220;||17px|||&#8220;]<\/p>\n<h1>Stimmrehabilitation<\/h1>\n<p>[\/et_pb_text][et_pb_text _builder_version=&#8220;4.9.4&#8243; text_font=&#8220;Roboto|300|||||||&#8220; text_text_color=&#8220;#FFFFFF&#8220; text_font_size=&#8220;17px&#8220; text_line_height=&#8220;1.5em&#8220; header_font=&#8220;|700|||||||&#8220; animation_style=&#8220;slide&#8220; animation_direction=&#8220;top&#8220; animation_intensity_slide=&#8220;5%&#8220; animation_starting_opacity=&#8220;100%&#8220;]<\/p>\n<p>Bei Kinderapia bieten wir Ihnen eine Therapie an, um die Stimme entweder nach Missbrauch oder wegen anderer neurologischen St\u00f6rungen zu rehabilitieren.<\/p>\n<p>[\/et_pb_text][\/et_pb_column][et_pb_column type=&#8220;1_2&#8243; _builder_version=&#8220;3.25&#8243; background_image=&#8220;https:\/\/kinderapia.com\/wp-content\/uploads\/2019\/07\/Kinderapia-rehabilitacion-de-la-voz.jpg&#8220; custom_padding=&#8220;|||&#8220; custom_padding__hover=&#8220;|||&#8220;][\/et_pb_column][\/et_pb_row][\/et_pb_section][et_pb_section fb_built=&#8220;1&#8243; admin_label=&#8220;Feature&#8220; _builder_version=&#8220;3.23.3&#8243; background_image=&#8220;https:\/\/kinderapia.com\/wp-content\/uploads\/2019\/07\/Fondo-Kinderapia-centro-de-psicologia.png&#8220; parallax=&#8220;on&#8220; parallax_method=&#8220;off&#8220; custom_padding=&#8220;0px|||||&#8220;][et_pb_row column_structure=&#8220;1_2,1_2&#8243; use_custom_gutter=&#8220;on&#8220; _builder_version=&#8220;3.25&#8243; custom_padding=&#8220;41px||0px|||&#8220;][et_pb_column type=&#8220;1_2&#8243; _builder_version=&#8220;3.25&#8243; custom_padding=&#8220;|||&#8220; custom_padding__hover=&#8220;|||&#8220;][et_pb_image src=&#8220;https:\/\/kinderapia.com\/wp-content\/uploads\/2019\/07\/Kinderapia-diagnostico.jpg&#8220; disabled_on=&#8220;off|on|on&#8220; _builder_version=&#8220;3.26.2&#8243;][\/et_pb_image][et_pb_blurb use_icon=&#8220;on&#8220; _builder_version=&#8220;4.9.4&#8243; header_level=&#8220;h3&#8243; header_font=&#8220;Roboto Slab|700|||||||&#8220; header_text_align=&#8220;left&#8220; header_text_color=&#8220;#44ccd6&#8243; header_font_size=&#8220;22px&#8220; header_line_height=&#8220;1.3em&#8220; body_font=&#8220;Roboto|300|||||||&#8220; body_text_align=&#8220;left&#8220; body_text_color=&#8220;#757575&#8243; body_font_size=&#8220;17px&#8220; body_line_height=&#8220;1.5em&#8220; text_orientation=&#8220;center&#8220; background_layout=&#8220;dark&#8220; custom_padding=&#8220;||24px|||&#8220; animation_style=&#8220;fade&#8220; animation=&#8220;off&#8220; z_index_tablet=&#8220;500&#8243; header_text_shadow_horizontal_length_tablet=&#8220;0px&#8220; header_text_shadow_vertical_length_tablet=&#8220;0px&#8220; header_text_shadow_blur_strength_tablet=&#8220;1px&#8220; body_text_shadow_horizontal_length_tablet=&#8220;0px&#8220; body_text_shadow_vertical_length_tablet=&#8220;0px&#8220; body_text_shadow_blur_strength_tablet=&#8220;1px&#8220; body_link_text_shadow_horizontal_length_tablet=&#8220;0px&#8220; body_link_text_shadow_vertical_length_tablet=&#8220;0px&#8220; body_link_text_shadow_blur_strength_tablet=&#8220;1px&#8220; body_ul_text_shadow_horizontal_length_tablet=&#8220;0px&#8220; body_ul_text_shadow_vertical_length_tablet=&#8220;0px&#8220; body_ul_text_shadow_blur_strength_tablet=&#8220;1px&#8220; body_ol_text_shadow_horizontal_length_tablet=&#8220;0px&#8220; body_ol_text_shadow_vertical_length_tablet=&#8220;0px&#8220; body_ol_text_shadow_blur_strength_tablet=&#8220;1px&#8220; body_quote_text_shadow_horizontal_length_tablet=&#8220;0px&#8220; body_quote_text_shadow_vertical_length_tablet=&#8220;0px&#8220; body_quote_text_shadow_blur_strength_tablet=&#8220;1px&#8220; border_color_bottom=&#8220;#44ccd6&#8243; border_width_all_image=&#8220;14px&#8220; border_color_all_image=&#8220;#ffffff&#8220; box_shadow_horizontal_tablet=&#8220;0px&#8220; box_shadow_vertical_tablet=&#8220;0px&#8220; box_shadow_blur_tablet=&#8220;40px&#8220; box_shadow_spread_tablet=&#8220;0px&#8220; text_shadow_horizontal_length_tablet=&#8220;0px&#8220; text_shadow_vertical_length_tablet=&#8220;0px&#8220; text_shadow_blur_strength_tablet=&#8220;1px&#8220;]<\/p>\n<p>Die Stimme ist ein Arbeitsinstrument, das von vielen Fachleuten (Lehrern, S\u00e4ngern, Werbefachleuten, F\u00fchrungskr\u00e4ften, Sprechern, Fachleuten im sozialen Bereich &#8230;) verwendet wird und das ein Leben lang gepflegt werden muss. In vielen F\u00e4llen, aufgrund von Missbrauch oder \u00fcberm\u00e4iger Belastung, k\u00f6nnen Probleme entstehen wie Kn\u00f6tchen, Polypen, Stimmverlust, Heiserkeit&#8230;<\/p>\n<p>[\/et_pb_blurb][\/et_pb_column][et_pb_column type=&#8220;1_2&#8243; _builder_version=&#8220;3.25&#8243; custom_padding=&#8220;|||&#8220; custom_padding__hover=&#8220;|||&#8220;][et_pb_blurb use_icon=&#8220;on&#8220; _builder_version=&#8220;4.9.4&#8243; header_level=&#8220;h3&#8243; header_font=&#8220;Roboto Slab|700|||||||&#8220; header_text_align=&#8220;left&#8220; header_text_color=&#8220;#44ccd6&#8243; header_font_size=&#8220;22px&#8220; header_line_height=&#8220;1.3em&#8220; body_font=&#8220;Roboto|300|||||||&#8220; body_text_align=&#8220;left&#8220; body_text_color=&#8220;#757575&#8243; body_font_size=&#8220;17px&#8220; body_line_height=&#8220;1.5em&#8220; text_orientation=&#8220;center&#8220; background_layout=&#8220;dark&#8220; custom_padding=&#8220;||24px|||&#8220; animation_style=&#8220;fade&#8220; animation=&#8220;off&#8220; z_index_tablet=&#8220;500&#8243; header_text_shadow_horizontal_length_tablet=&#8220;0px&#8220; header_text_shadow_vertical_length_tablet=&#8220;0px&#8220; header_text_shadow_blur_strength_tablet=&#8220;1px&#8220; body_text_shadow_horizontal_length_tablet=&#8220;0px&#8220; body_text_shadow_vertical_length_tablet=&#8220;0px&#8220; body_text_shadow_blur_strength_tablet=&#8220;1px&#8220; body_link_text_shadow_horizontal_length_tablet=&#8220;0px&#8220; body_link_text_shadow_vertical_length_tablet=&#8220;0px&#8220; body_link_text_shadow_blur_strength_tablet=&#8220;1px&#8220; body_ul_text_shadow_horizontal_length_tablet=&#8220;0px&#8220; body_ul_text_shadow_vertical_length_tablet=&#8220;0px&#8220; body_ul_text_shadow_blur_strength_tablet=&#8220;1px&#8220; body_ol_text_shadow_horizontal_length_tablet=&#8220;0px&#8220; body_ol_text_shadow_vertical_length_tablet=&#8220;0px&#8220; body_ol_text_shadow_blur_strength_tablet=&#8220;1px&#8220; body_quote_text_shadow_horizontal_length_tablet=&#8220;0px&#8220; body_quote_text_shadow_vertical_length_tablet=&#8220;0px&#8220; body_quote_text_shadow_blur_strength_tablet=&#8220;1px&#8220; border_color_bottom=&#8220;#44ccd6&#8243; border_width_all_image=&#8220;14px&#8220; border_color_all_image=&#8220;#ffffff&#8220; box_shadow_horizontal_tablet=&#8220;0px&#8220; box_shadow_vertical_tablet=&#8220;0px&#8220; box_shadow_blur_tablet=&#8220;40px&#8220; box_shadow_spread_tablet=&#8220;0px&#8220; text_shadow_horizontal_length_tablet=&#8220;0px&#8220; text_shadow_vertical_length_tablet=&#8220;0px&#8220; text_shadow_blur_strength_tablet=&#8220;1px&#8220;]<\/p>\n<p>Schwierigkeiten k\u00f6nnen auch bei Menschen mit neurologischen St\u00f6rungen (Parkinson, Alzheimer, ALS &#8230;) auftreten.<\/p>\n<p>[\/et_pb_blurb][\/et_pb_column][\/et_pb_row][et_pb_row _builder_version=&#8220;3.25&#8243; custom_padding=&#8220;48px||0px|||&#8220;][et_pb_column type=&#8220;4_4&#8243; _builder_version=&#8220;3.25&#8243; custom_padding=&#8220;|||&#8220; custom_padding__hover=&#8220;|||&#8220;][et_pb_text _builder_version=&#8220;4.9.4&#8243; text_font=&#8220;Roboto|300|||||||&#8220; text_font_size=&#8220;19px&#8220; text_line_height=&#8220;1.8em&#8220; header_font=&#8220;||||||||&#8220; header_4_font=&#8220;Roboto Slab||||||||&#8220; header_4_text_color=&#8220;#44ccd6&#8243; header_4_font_size=&#8220;22px&#8220; header_4_line_height=&#8220;1.6em&#8220; header_6_font=&#8220;Muli|600|||||||&#8220; header_6_font_size=&#8220;22px&#8220; header_6_line_height=&#8220;1.8em&#8220; text_orientation=&#8220;center&#8220; background_layout=&#8220;dark&#8220; max_width=&#8220;800px&#8220; module_alignment=&#8220;center&#8220; text_font_size_tablet=&#8220;&#8220; text_font_size_phone=&#8220;14px&#8220; text_font_size_last_edited=&#8220;on|phone&#8220;]<\/p>\n<h4>Unser Logop\u00e4die-Service kann eine Untersuchung und Auswertung vornehmen mit dem Ziel, eine Rehabilitation und\/oder ein Umlernen durchf\u00fchren.<\/h4>\n<p>[\/et_pb_text][\/et_pb_column][\/et_pb_row][\/et_pb_section]<\/p>\n","protected":false},"excerpt":{"rendered":"<p>SprachtherapieStimmrehabilitationBei Kinderapia bieten wir Ihnen eine Therapie an, um die Stimme entweder nach Missbrauch oder wegen anderer neurologischen St\u00f6rungen zu rehabilitieren.Die Stimme ist ein Arbeitsinstrument, das von vielen Fachleuten (Lehrern, S\u00e4ngern, Werbefachleuten, F\u00fchrungskr\u00e4ften, Sprechern, Fachleuten im sozialen Bereich &#8230;) verwendet wird und das ein Leben lang gepflegt werden muss. In vielen F\u00e4llen, aufgrund von Missbrauch [&hellip;]<\/p>\n","protected":false},"author":4,"featured_media":0,"parent":3937,"menu_order":0,"comment_status":"closed","ping_status":"closed","template":"","meta":{"_et_pb_use_builder":"on","_et_pb_old_content":"","_et_gb_content_width":"","inline_featured_image":false,"footnotes":""},"class_list":["post-3952","page","type-page","status-publish","hentry"],"yoast_head":"<!-- This site is optimized with the Yoast SEO plugin v27.3 - https:\/\/yoast.com\/product\/yoast-seo-wordpress\/ -->\n<title>Stimmrehabilitation - Kinderapia<\/title>\n<meta name=\"robots\" content=\"index, follow, max-snippet:-1, max-image-preview:large, max-video-preview:-1\" \/>\n<link rel=\"canonical\" href=\"https:\/\/kinderapia.com\/de\/sprachtherapie\/stimmrehabilitation\" \/>\n<meta property=\"og:locale\" content=\"de_DE\" \/>\n<meta property=\"og:type\" content=\"article\" \/>\n<meta property=\"og:title\" content=\"Stimmrehabilitation - Kinderapia\" \/>\n<meta property=\"og:description\" content=\"SprachtherapieStimmrehabilitationBei Kinderapia bieten wir Ihnen eine Therapie an, um die Stimme entweder nach Missbrauch oder wegen anderer neurologischen St\u00f6rungen zu rehabilitieren.Die Stimme ist ein Arbeitsinstrument, das von vielen Fachleuten (Lehrern, S\u00e4ngern, Werbefachleuten, F\u00fchrungskr\u00e4ften, Sprechern, Fachleuten im sozialen Bereich ...) verwendet wird und das ein Leben lang gepflegt werden muss. In vielen F\u00e4llen, aufgrund von Missbrauch [&hellip;]\" \/>\n<meta property=\"og:url\" content=\"https:\/\/kinderapia.com\/de\/sprachtherapie\/stimmrehabilitation\" \/>\n<meta property=\"og:site_name\" content=\"Kinderapia\" \/>\n<meta property=\"article:modified_time\" content=\"2021-06-15T10:53:36+00:00\" \/>\n<meta name=\"twitter:card\" content=\"summary_large_image\" \/>\n<meta name=\"twitter:label1\" content=\"Gesch\u00e4tzte Lesezeit\" \/>\n\t<meta name=\"twitter:data1\" content=\"6\u00a0Minuten\" \/>\n<script type=\"application\/ld+json\" class=\"yoast-schema-graph\">{\"@context\":\"https:\\\/\\\/schema.org\",\"@graph\":[{\"@type\":\"WebPage\",\"@id\":\"https:\\\/\\\/kinderapia.com\\\/de\\\/sprachtherapie\\\/stimmrehabilitation\",\"url\":\"https:\\\/\\\/kinderapia.com\\\/de\\\/sprachtherapie\\\/stimmrehabilitation\",\"name\":\"Stimmrehabilitation - Kinderapia\",\"isPartOf\":{\"@id\":\"https:\\\/\\\/kinderapia.com\\\/#website\"},\"datePublished\":\"2019-07-02T15:22:16+00:00\",\"dateModified\":\"2021-06-15T10:53:36+00:00\",\"breadcrumb\":{\"@id\":\"https:\\\/\\\/kinderapia.com\\\/de\\\/sprachtherapie\\\/stimmrehabilitation#breadcrumb\"},\"inLanguage\":\"de\",\"potentialAction\":[{\"@type\":\"ReadAction\",\"target\":[\"https:\\\/\\\/kinderapia.com\\\/de\\\/sprachtherapie\\\/stimmrehabilitation\"]}]},{\"@type\":\"BreadcrumbList\",\"@id\":\"https:\\\/\\\/kinderapia.com\\\/de\\\/sprachtherapie\\\/stimmrehabilitation#breadcrumb\",\"itemListElement\":[{\"@type\":\"ListItem\",\"position\":1,\"name\":\"Home\",\"item\":\"https:\\\/\\\/kinderapia.com\\\/de\"},{\"@type\":\"ListItem\",\"position\":2,\"name\":\"Sprachtherapie\",\"item\":\"https:\\\/\\\/kinderapia.com\\\/de\\\/sprachtherapie\"},{\"@type\":\"ListItem\",\"position\":3,\"name\":\"Stimmrehabilitation\"}]},{\"@type\":\"WebSite\",\"@id\":\"https:\\\/\\\/kinderapia.com\\\/#website\",\"url\":\"https:\\\/\\\/kinderapia.com\\\/\",\"name\":\"Kinderapia\",\"description\":\"Centro de psicolog\u00eda aplicada en Esplugues de Llobregat\",\"publisher\":{\"@id\":\"https:\\\/\\\/kinderapia.com\\\/#organization\"},\"potentialAction\":[{\"@type\":\"SearchAction\",\"target\":{\"@type\":\"EntryPoint\",\"urlTemplate\":\"https:\\\/\\\/kinderapia.com\\\/?s={search_term_string}\"},\"query-input\":{\"@type\":\"PropertyValueSpecification\",\"valueRequired\":true,\"valueName\":\"search_term_string\"}}],\"inLanguage\":\"de\"},{\"@type\":\"Organization\",\"@id\":\"https:\\\/\\\/kinderapia.com\\\/#organization\",\"name\":\"Kinderapia\",\"url\":\"https:\\\/\\\/kinderapia.com\\\/\",\"logo\":{\"@type\":\"ImageObject\",\"inLanguage\":\"de\",\"@id\":\"https:\\\/\\\/kinderapia.com\\\/#\\\/schema\\\/logo\\\/image\\\/\",\"url\":\"https:\\\/\\\/kinderapia.com\\\/wp-content\\\/uploads\\\/2019\\\/06\\\/Logo-Kinderapia-adultos-1.png\",\"contentUrl\":\"https:\\\/\\\/kinderapia.com\\\/wp-content\\\/uploads\\\/2019\\\/06\\\/Logo-Kinderapia-adultos-1.png\",\"width\":230,\"height\":75,\"caption\":\"Kinderapia\"},\"image\":{\"@id\":\"https:\\\/\\\/kinderapia.com\\\/#\\\/schema\\\/logo\\\/image\\\/\"}}]}<\/script>\n<!-- \/ Yoast SEO plugin. -->","yoast_head_json":{"title":"Stimmrehabilitation - Kinderapia","robots":{"index":"index","follow":"follow","max-snippet":"max-snippet:-1","max-image-preview":"max-image-preview:large","max-video-preview":"max-video-preview:-1"},"canonical":"https:\/\/kinderapia.com\/de\/sprachtherapie\/stimmrehabilitation","og_locale":"de_DE","og_type":"article","og_title":"Stimmrehabilitation - Kinderapia","og_description":"SprachtherapieStimmrehabilitationBei Kinderapia bieten wir Ihnen eine Therapie an, um die Stimme entweder nach Missbrauch oder wegen anderer neurologischen St\u00f6rungen zu rehabilitieren.Die Stimme ist ein Arbeitsinstrument, das von vielen Fachleuten (Lehrern, S\u00e4ngern, Werbefachleuten, F\u00fchrungskr\u00e4ften, Sprechern, Fachleuten im sozialen Bereich ...) verwendet wird und das ein Leben lang gepflegt werden muss. In vielen F\u00e4llen, aufgrund von Missbrauch [&hellip;]","og_url":"https:\/\/kinderapia.com\/de\/sprachtherapie\/stimmrehabilitation","og_site_name":"Kinderapia","article_modified_time":"2021-06-15T10:53:36+00:00","twitter_card":"summary_large_image","twitter_misc":{"Gesch\u00e4tzte Lesezeit":"6\u00a0Minuten"},"schema":{"@context":"https:\/\/schema.org","@graph":[{"@type":"WebPage","@id":"https:\/\/kinderapia.com\/de\/sprachtherapie\/stimmrehabilitation","url":"https:\/\/kinderapia.com\/de\/sprachtherapie\/stimmrehabilitation","name":"Stimmrehabilitation - Kinderapia","isPartOf":{"@id":"https:\/\/kinderapia.com\/#website"},"datePublished":"2019-07-02T15:22:16+00:00","dateModified":"2021-06-15T10:53:36+00:00","breadcrumb":{"@id":"https:\/\/kinderapia.com\/de\/sprachtherapie\/stimmrehabilitation#breadcrumb"},"inLanguage":"de","potentialAction":[{"@type":"ReadAction","target":["https:\/\/kinderapia.com\/de\/sprachtherapie\/stimmrehabilitation"]}]},{"@type":"BreadcrumbList","@id":"https:\/\/kinderapia.com\/de\/sprachtherapie\/stimmrehabilitation#breadcrumb","itemListElement":[{"@type":"ListItem","position":1,"name":"Home","item":"https:\/\/kinderapia.com\/de"},{"@type":"ListItem","position":2,"name":"Sprachtherapie","item":"https:\/\/kinderapia.com\/de\/sprachtherapie"},{"@type":"ListItem","position":3,"name":"Stimmrehabilitation"}]},{"@type":"WebSite","@id":"https:\/\/kinderapia.com\/#website","url":"https:\/\/kinderapia.com\/","name":"Kinderapia","description":"Centro de psicolog\u00eda aplicada en Esplugues de Llobregat","publisher":{"@id":"https:\/\/kinderapia.com\/#organization"},"potentialAction":[{"@type":"SearchAction","target":{"@type":"EntryPoint","urlTemplate":"https:\/\/kinderapia.com\/?s={search_term_string}"},"query-input":{"@type":"PropertyValueSpecification","valueRequired":true,"valueName":"search_term_string"}}],"inLanguage":"de"},{"@type":"Organization","@id":"https:\/\/kinderapia.com\/#organization","name":"Kinderapia","url":"https:\/\/kinderapia.com\/","logo":{"@type":"ImageObject","inLanguage":"de","@id":"https:\/\/kinderapia.com\/#\/schema\/logo\/image\/","url":"https:\/\/kinderapia.com\/wp-content\/uploads\/2019\/06\/Logo-Kinderapia-adultos-1.png","contentUrl":"https:\/\/kinderapia.com\/wp-content\/uploads\/2019\/06\/Logo-Kinderapia-adultos-1.png","width":230,"height":75,"caption":"Kinderapia"},"image":{"@id":"https:\/\/kinderapia.com\/#\/schema\/logo\/image\/"}}]}},"_links":{"self":[{"href":"https:\/\/kinderapia.com\/de\/wp-json\/wp\/v2\/pages\/3952","targetHints":{"allow":["GET"]}}],"collection":[{"href":"https:\/\/kinderapia.com\/de\/wp-json\/wp\/v2\/pages"}],"about":[{"href":"https:\/\/kinderapia.com\/de\/wp-json\/wp\/v2\/types\/page"}],"author":[{"embeddable":true,"href":"https:\/\/kinderapia.com\/de\/wp-json\/wp\/v2\/users\/4"}],"replies":[{"embeddable":true,"href":"https:\/\/kinderapia.com\/de\/wp-json\/wp\/v2\/comments?post=3952"}],"version-history":[{"count":3,"href":"https:\/\/kinderapia.com\/de\/wp-json\/wp\/v2\/pages\/3952\/revisions"}],"predecessor-version":[{"id":4100,"href":"https:\/\/kinderapia.com\/de\/wp-json\/wp\/v2\/pages\/3952\/revisions\/4100"}],"up":[{"embeddable":true,"href":"https:\/\/kinderapia.com\/de\/wp-json\/wp\/v2\/pages\/3937"}],"wp:attachment":[{"href":"https:\/\/kinderapia.com\/de\/wp-json\/wp\/v2\/media?parent=3952"}],"curies":[{"name":"wp","href":"https:\/\/api.w.org\/{rel}","templated":true}]}}