{"id":3956,"date":"2019-07-03T15:03:11","date_gmt":"2019-07-03T15:03:11","guid":{"rendered":"http:\/\/kinderapia.com\/educacion-y-tecnicas-de-estudio"},"modified":"2021-06-15T08:15:59","modified_gmt":"2021-06-15T08:15:59","slug":"bildungs-und-lerntechniken","status":"publish","type":"page","link":"https:\/\/kinderapia.com\/de\/bildungs-und-lerntechniken","title":{"rendered":"Bildungs- und Lerntechniken"},"content":{"rendered":"<p>[et_pb_section fb_built=&#8220;1&#8243; admin_label=&#8220;Hero&#8220; _builder_version=&#8220;3.23.3&#8243; custom_padding=&#8220;0px|0px|0px|0px&#8220; animation_style=&#8220;zoom&#8220; animation_intensity_zoom=&#8220;4%&#8220; z_index_tablet=&#8220;500&#8243; box_shadow_horizontal_tablet=&#8220;0px&#8220; box_shadow_vertical_tablet=&#8220;0px&#8220; box_shadow_blur_tablet=&#8220;40px&#8220; box_shadow_spread_tablet=&#8220;0px&#8220;][et_pb_row column_structure=&#8220;1_2,1_2&#8243; use_custom_gutter=&#8220;on&#8220; gutter_width=&#8220;1&#8243; make_equal=&#8220;on&#8220; custom_padding_last_edited=&#8220;on|phone&#8220; module_class=&#8220; et_pb_row_fullwidth et_pb_row_fullwidth&#8220; _builder_version=&#8220;3.26.2&#8243; background_color=&#8220;#58bec8&#8243; background_image=&#8220;http:\/\/kinderapia.com\/wp-content\/uploads\/2019\/06\/circle-background-pattern.png&#8220; background_size=&#8220;initial&#8220; width=&#8220;100%&#8220; width_tablet=&#8220;100%&#8220; width_phone=&#8220;&#8220; width_last_edited=&#8220;on|desktop&#8220; max_width=&#8220;100%&#8220; max_width_tablet=&#8220;100%&#8220; max_width_phone=&#8220;&#8220; max_width_last_edited=&#8220;on|desktop&#8220; custom_padding=&#8220;0px||0px|||&#8220; custom_padding_tablet=&#8220;&#8220; custom_padding_phone=&#8220;50px||||false|false&#8220; animation_style=&#8220;slide&#8220; animation_direction=&#8220;top&#8220; animation_intensity_slide=&#8220;3%&#8220; make_fullwidth=&#8220;on&#8220;][et_pb_column type=&#8220;1_2&#8243; _builder_version=&#8220;3.25&#8243; custom_padding=&#8220;10%|8%|10%|8%&#8220; custom_padding__hover=&#8220;|||&#8220;][et_pb_text _builder_version=&#8220;4.9.4&#8243; text_font=&#8220;||||||||&#8220; header_font=&#8220;Roboto Slab|700|||||||&#8220; header_text_color=&#8220;#FFFFFF&#8220; header_font_size=&#8220;45px&#8220; header_2_font=&#8220;Roboto Slab|700|||||||&#8220; header_2_text_color=&#8220;#ffffff&#8220; header_2_font_size=&#8220;45px&#8220; header_2_line_height=&#8220;1.3em&#8220; header_4_font=&#8220;Roboto Slab|700|||||||&#8220; header_4_font_size=&#8220;35px&#8220; custom_margin=&#8220;-71px|||||&#8220; animation_style=&#8220;slide&#8220; animation_direction=&#8220;top&#8220; animation_intensity_slide=&#8220;5%&#8220; animation_starting_opacity=&#8220;100%&#8220;]<\/p>\n<h1>Ausbildung und Techniken<br \/>Studie<\/h1>\n<p>[\/et_pb_text][et_pb_text _builder_version=&#8220;4.9.4&#8243; text_font=&#8220;Roboto Slab||||||||&#8220; text_text_color=&#8220;#FFFFFF&#8220; text_font_size=&#8220;25px&#8220; header_font=&#8220;Roboto Slab||||||||&#8220; header_text_color=&#8220;#ffffff&#8220; header_font_size=&#8220;25px&#8220; header_line_height=&#8220;1.3em&#8220; header_2_font=&#8220;Roboto Slab||||||||&#8220; header_2_text_color=&#8220;#ffffff&#8220; header_2_font_size=&#8220;25px&#8220; header_2_line_height=&#8220;1.3em&#8220; custom_margin=&#8220;37px|||||&#8220; custom_padding=&#8220;||17px|||&#8220;]<\/p>\n<h2>Umerziehung, Bewehrungsklassen und Orientierung<\/h2>\n<p>[\/et_pb_text][et_pb_text _builder_version=&#8220;4.9.4&#8243; text_font=&#8220;Roboto|300|||||||&#8220; text_text_color=&#8220;#FFFFFF&#8220; text_font_size=&#8220;17px&#8220; text_line_height=&#8220;1.5em&#8220; header_font=&#8220;|700|||||||&#8220; animation_style=&#8220;slide&#8220; animation_direction=&#8220;top&#8220; animation_intensity_slide=&#8220;5%&#8220; animation_starting_opacity=&#8220;100%&#8220;]<\/p>\n<p>Bei Kinderapia liegt uns die Zukunft von Kindern und Jugendlichen am Herzen. Deshalb haben wir psychop\u00e4dagogische Umerziehungsangebote, Verst\u00e4rkungskurse und pers\u00f6nliche und berufliche Orientierung geschaffen.<\/p>\n<p>[\/et_pb_text][\/et_pb_column][et_pb_column type=&#8220;1_2&#8243; _builder_version=&#8220;3.25&#8243; background_image=&#8220;http:\/\/kinderapia.com\/wp-content\/uploads\/2019\/07\/Kinderapia-educacion-tecnicas-estudio.jpg&#8220; custom_padding=&#8220;|||&#8220; custom_padding__hover=&#8220;|||&#8220;][\/et_pb_column][\/et_pb_row][\/et_pb_section][et_pb_section fb_built=&#8220;1&#8243; _builder_version=&#8220;3.23.3&#8243; background_color=&#8220;#ffb24f&#8220; width=&#8220;100%&#8220; max_width=&#8220;100%&#8220; custom_padding=&#8220;0px||0px|||&#8220;][et_pb_row column_structure=&#8220;1_4,1_4,1_4,1_4&#8243; make_equal=&#8220;on&#8220; _builder_version=&#8220;3.25&#8243; width=&#8220;100%&#8220; max_width=&#8220;90%&#8220; custom_padding=&#8220;||0px|||&#8220;][et_pb_column type=&#8220;1_4&#8243; _builder_version=&#8220;3.25&#8243; custom_padding=&#8220;|||&#8220; custom_padding__hover=&#8220;|||&#8220;][et_pb_text quote_border_color=&#8220;#ffffff&#8220; _builder_version=&#8220;4.9.4&#8243; text_font=&#8220;Roboto|300|||||||&#8220; text_font_size=&#8220;19px&#8220; text_line_height=&#8220;1.8em&#8220; quote_font=&#8220;||||||||&#8220; quote_text_color=&#8220;#ffffff&#8220; header_font=&#8220;||||||||&#8220; header_3_font=&#8220;Roboto Slab||||||||&#8220; header_3_text_align=&#8220;left&#8220; header_3_text_color=&#8220;#ffffff&#8220; header_3_font_size=&#8220;18px&#8220; header_3_line_height=&#8220;1.4em&#8220; header_4_font=&#8220;Roboto Slab||||||||&#8220; header_4_text_color=&#8220;#44ccd6&#8243; header_4_font_size=&#8220;20px&#8220; header_4_line_height=&#8220;1.5em&#8220; header_6_font=&#8220;Muli|600|||||||&#8220; header_6_font_size=&#8220;22px&#8220; header_6_line_height=&#8220;1.8em&#8220; text_orientation=&#8220;center&#8220; background_layout=&#8220;dark&#8220; max_width=&#8220;800px&#8220; module_alignment=&#8220;center&#8220; custom_padding=&#8220;||0px|||&#8220; text_font_size_tablet=&#8220;&#8220; text_font_size_phone=&#8220;14px&#8220; text_font_size_last_edited=&#8220;on|phone&#8220;]<\/p>\n<blockquote>\n<h3>Bewehrungsklassen<\/h3>\n<\/blockquote>\n<p>[\/et_pb_text][\/et_pb_column][et_pb_column type=&#8220;1_4&#8243; _builder_version=&#8220;3.25&#8243; custom_padding=&#8220;|||&#8220; custom_padding__hover=&#8220;|||&#8220;][et_pb_text quote_border_color=&#8220;#ffffff&#8220; _builder_version=&#8220;4.9.4&#8243; text_font=&#8220;Roboto|300|||||||&#8220; text_font_size=&#8220;19px&#8220; text_line_height=&#8220;1.8em&#8220; quote_font=&#8220;||||||||&#8220; header_font=&#8220;||||||||&#8220; header_3_font=&#8220;Roboto Slab||||||||&#8220; header_3_text_align=&#8220;left&#8220; header_3_text_color=&#8220;#ffffff&#8220; header_3_font_size=&#8220;18px&#8220; header_3_line_height=&#8220;1.4em&#8220; header_4_font=&#8220;Roboto Slab||||||||&#8220; header_4_text_color=&#8220;#44ccd6&#8243; header_4_font_size=&#8220;20px&#8220; header_4_line_height=&#8220;1.5em&#8220; header_6_font=&#8220;Muli|600|||||||&#8220; header_6_font_size=&#8220;22px&#8220; header_6_line_height=&#8220;1.8em&#8220; text_orientation=&#8220;center&#8220; background_layout=&#8220;dark&#8220; max_width=&#8220;800px&#8220; module_alignment=&#8220;center&#8220; text_font_size_tablet=&#8220;&#8220; text_font_size_phone=&#8220;14px&#8220; text_font_size_last_edited=&#8220;on|phone&#8220;]<\/p>\n<blockquote>\n<h3>Berufsorientierung<\/h3>\n<\/blockquote>\n<p>[\/et_pb_text][\/et_pb_column][et_pb_column type=&#8220;1_4&#8243; _builder_version=&#8220;3.25&#8243; custom_padding=&#8220;|||&#8220; custom_padding__hover=&#8220;|||&#8220;][et_pb_text quote_border_color=&#8220;#ffffff&#8220; _builder_version=&#8220;4.9.4&#8243; text_font=&#8220;Roboto|300|||||||&#8220; text_font_size=&#8220;19px&#8220; text_line_height=&#8220;1.8em&#8220; quote_font=&#8220;||||||||&#8220; header_font=&#8220;||||||||&#8220; header_3_font=&#8220;Roboto Slab||||||||&#8220; header_3_text_align=&#8220;left&#8220; header_3_text_color=&#8220;#ffffff&#8220; header_3_font_size=&#8220;18px&#8220; header_3_line_height=&#8220;1.4em&#8220; header_4_font=&#8220;Roboto Slab||||||||&#8220; header_4_text_color=&#8220;#44ccd6&#8243; header_4_font_size=&#8220;20px&#8220; header_4_line_height=&#8220;1.5em&#8220; header_6_font=&#8220;Muli|600|||||||&#8220; header_6_font_size=&#8220;22px&#8220; header_6_line_height=&#8220;1.8em&#8220; text_orientation=&#8220;center&#8220; background_layout=&#8220;dark&#8220; max_width=&#8220;800px&#8220; module_alignment=&#8220;center&#8220; text_font_size_tablet=&#8220;&#8220; text_font_size_phone=&#8220;14px&#8220; text_font_size_last_edited=&#8220;on|phone&#8220;]<\/p>\n<blockquote>\n<h3>Umerziehung<\/h3>\n<\/blockquote>\n<p>[\/et_pb_text][\/et_pb_column][et_pb_column type=&#8220;1_4&#8243; _builder_version=&#8220;3.25&#8243; custom_padding=&#8220;|||&#8220; custom_padding__hover=&#8220;|||&#8220;][et_pb_text quote_border_color=&#8220;#ffffff&#8220; _builder_version=&#8220;4.9.4&#8243; text_font=&#8220;Roboto|300|||||||&#8220; text_font_size=&#8220;19px&#8220; text_line_height=&#8220;1.8em&#8220; quote_font=&#8220;||||||||&#8220; header_font=&#8220;||||||||&#8220; header_3_font=&#8220;Roboto Slab||||||||&#8220; header_3_text_align=&#8220;left&#8220; header_3_text_color=&#8220;#ffffff&#8220; header_3_font_size=&#8220;18px&#8220; header_3_line_height=&#8220;1.4em&#8220; header_4_font=&#8220;Roboto Slab||||||||&#8220; header_4_text_color=&#8220;#44ccd6&#8243; header_4_font_size=&#8220;20px&#8220; header_4_line_height=&#8220;1.5em&#8220; header_6_font=&#8220;Muli|600|||||||&#8220; header_6_font_size=&#8220;22px&#8220; header_6_line_height=&#8220;1.8em&#8220; text_orientation=&#8220;center&#8220; background_layout=&#8220;dark&#8220; max_width=&#8220;800px&#8220; module_alignment=&#8220;center&#8220; text_font_size_tablet=&#8220;&#8220; text_font_size_phone=&#8220;14px&#8220; text_font_size_last_edited=&#8220;on|phone&#8220;]<\/p>\n<blockquote>\n<h3>Workshop zu Lerntechniken<\/h3>\n<\/blockquote>\n<p>[\/et_pb_text][\/et_pb_column][\/et_pb_row][\/et_pb_section][et_pb_section fb_built=&#8220;1&#8243; _builder_version=&#8220;3.23.3&#8243; max_width=&#8220;100%&#8220; custom_padding=&#8220;0px||0px|||&#8220;][et_pb_row column_structure=&#8220;1_2,1_2&#8243; use_custom_gutter=&#8220;on&#8220; gutter_width=&#8220;2&#8243; make_equal=&#8220;on&#8220; custom_padding_last_edited=&#8220;on|desktop&#8220; module_id=&#8220;menudiv1&#8243; _builder_version=&#8220;3.26.2&#8243; width=&#8220;100%&#8220; max_width=&#8220;100%&#8220; custom_padding=&#8220;0px||43px|||&#8220; custom_padding_tablet=&#8220;&#8220; custom_padding_phone=&#8220;|30px||30px|false|false&#8220;][et_pb_column type=&#8220;1_2&#8243; _builder_version=&#8220;3.25&#8243; background_image=&#8220;http:\/\/kinderapia.com\/wp-content\/uploads\/2019\/07\/Kinderapia-clases-de-refuerzo.jpg&#8220; custom_padding=&#8220;|||&#8220; custom_padding__hover=&#8220;|||&#8220;][\/et_pb_column][et_pb_column type=&#8220;1_2&#8243; _builder_version=&#8220;3.25&#8243; custom_padding=&#8220;|||&#8220; custom_padding__hover=&#8220;|||&#8220;][et_pb_text _builder_version=&#8220;4.9.4&#8243; text_font=&#8220;||||||||&#8220; header_font=&#8220;||||||||&#8220; header_text_color=&#8220;#262f71&#8243; header_2_font=&#8220;Roboto Slab|700|||||||&#8220; header_2_text_color=&#8220;#58bec8&#8243; header_2_font_size=&#8220;35px&#8220; header_2_line_height=&#8220;1.3em&#8220; min_height=&#8220;26px&#8220; custom_margin=&#8220;60px|||||&#8220; custom_padding=&#8220;0px|||||&#8220; animation_style=&#8220;slide&#8220; animation_direction=&#8220;top&#8220; animation_intensity_slide=&#8220;5%&#8220; animation_starting_opacity=&#8220;100%&#8220; locked=&#8220;off&#8220;]<\/p>\n<h2>Bewehrungsklassen und<br \/>Pr\u00fcfungsvorbereitung<\/h2>\n<p>[\/et_pb_text][et_pb_text _builder_version=&#8220;4.9.4&#8243; text_font=&#8220;Roboto|300|||||||&#8220; text_text_color=&#8220;#757575&#8243; text_font_size=&#8220;17px&#8220; text_line_height=&#8220;1.5em&#8220; header_font=&#8220;||||||||&#8220; header_5_font=&#8220;||||||||&#8220; header_5_font_size=&#8220;18px&#8220; header_5_line_height=&#8220;1.4em&#8220; custom_margin_tablet=&#8220;&#8220; custom_margin_phone=&#8220;&#8220; custom_margin_last_edited=&#8220;on|desktop&#8220; custom_padding=&#8220;0px||66px||false|false&#8220;]<\/p>\n<p>Wiederholungsklassen oder Pr\u00fcfungsvorbereitung k\u00f6nnen notwendige Ma\u00dfnahmen sein, um unseren Kindern zu helfen, einige F\u00e4cher des Lehrplans erfolgreich zu bestehen. Bei Kinderapia haben wir ein Team von Fachleuten, die ihnen helfen, die F\u00e4cher zu \u00fcberwinden, in denen sie Schwierigkeiten haben, und wir bieten ihnen einen angepassten Raum und eine geeignete Umgebung zusammen mit den notwendigen Materialien, um die Pr\u00fcfungen erfolgreich zu bestehen.<\/p>\n<h5><\/h5>\n<h5><\/h5>\n<h5>Sie k\u00f6nnen einzeln oder in kleinen Gruppen (maximal 3 Sch\u00fcler pro Lehrer) sein.<\/h5>\n<p>[\/et_pb_text][\/et_pb_column][\/et_pb_row][et_pb_row column_structure=&#8220;1_2,1_2&#8243; use_custom_gutter=&#8220;on&#8220; gutter_width=&#8220;2&#8243; make_equal=&#8220;on&#8220; custom_padding_last_edited=&#8220;on|desktop&#8220; module_id=&#8220;menudiv2&#8243; _builder_version=&#8220;3.26.2&#8243; width=&#8220;100%&#8220; max_width=&#8220;100%&#8220; custom_padding=&#8220;0px||43px|||&#8220; custom_padding_tablet=&#8220;&#8220; custom_padding_phone=&#8220;|30px||30px|false|false&#8220;][et_pb_column type=&#8220;1_2&#8243; _builder_version=&#8220;3.25&#8243; background_image=&#8220;http:\/\/kinderapia.com\/wp-content\/uploads\/2019\/07\/Kinderapia-orientacion-profesional.jpg&#8220; custom_padding=&#8220;|||&#8220; custom_padding__hover=&#8220;|||&#8220;][\/et_pb_column][et_pb_column type=&#8220;1_2&#8243; _builder_version=&#8220;3.25&#8243; custom_padding=&#8220;|||&#8220; custom_padding__hover=&#8220;|||&#8220;][et_pb_text _builder_version=&#8220;4.9.4&#8243; text_font=&#8220;||||||||&#8220; header_font=&#8220;||||||||&#8220; header_text_color=&#8220;#262f71&#8243; header_2_font=&#8220;Roboto Slab|700|||||||&#8220; header_2_text_color=&#8220;#58bec8&#8243; header_2_font_size=&#8220;35px&#8220; header_2_line_height=&#8220;1.3em&#8220; min_height=&#8220;26px&#8220; custom_margin=&#8220;60px|||||&#8220; custom_padding=&#8220;0px|||||&#8220; animation_style=&#8220;slide&#8220; animation_direction=&#8220;top&#8220; animation_intensity_slide=&#8220;5%&#8220; animation_starting_opacity=&#8220;100%&#8220; locked=&#8220;off&#8220;]<\/p>\n<h2>Berufsorientierung<\/h2>\n<p>[\/et_pb_text][et_pb_text _builder_version=&#8220;4.9.4&#8243; text_font=&#8220;Roboto|300|||||||&#8220; text_text_color=&#8220;#757575&#8243; text_font_size=&#8220;17px&#8220; text_line_height=&#8220;1.5em&#8220; header_font=&#8220;||||||||&#8220; header_5_font=&#8220;||||||||&#8220; header_5_font_size=&#8220;18px&#8220; header_5_line_height=&#8220;1.4em&#8220; custom_margin_tablet=&#8220;&#8220; custom_margin_phone=&#8220;&#8220; custom_margin_last_edited=&#8220;on|phone&#8220; custom_padding=&#8220;0px||66px||false|false&#8220;]<\/p>\n<p>Mit dem Herannahen des Endes der Schulpflicht kommen bei den Jugendlichen Zweifel an der unmittelbaren Zukunft auf. Da wir uns dessen bewusst sind, bieten wir eine umfassende Orientierung, sowohl in der nahen Zukunft als auch langfristig. Wir beraten sie auch curricular zu Ausbildungszyklen, Studienabschl\u00fcssen, Studieng\u00e4ngen oder Studienzentren oder zu allen notwendigen Evaluationsm\u00f6glichkeiten.<\/p>\n<h5><\/h5>\n<h5><\/h5>\n<h5>Wir begleiten Sie bei der Entscheidung, welchen Weg Sie einschlagen m\u00f6chten<\/h5>\n<p>[\/et_pb_text][\/et_pb_column][\/et_pb_row][et_pb_row column_structure=&#8220;1_2,1_2&#8243; use_custom_gutter=&#8220;on&#8220; gutter_width=&#8220;2&#8243; make_equal=&#8220;on&#8220; custom_padding_last_edited=&#8220;on|desktop&#8220; module_id=&#8220;menudiv3&#8243; _builder_version=&#8220;3.26.2&#8243; width=&#8220;100%&#8220; max_width=&#8220;100%&#8220; custom_padding=&#8220;0px||43px|||&#8220; custom_padding_tablet=&#8220;&#8220; custom_padding_phone=&#8220;|30px||30px|false|false&#8220;][et_pb_column type=&#8220;1_2&#8243; _builder_version=&#8220;3.25&#8243; background_image=&#8220;http:\/\/kinderapia.com\/wp-content\/uploads\/2019\/07\/Kinderapia-reeducacion-psicopedagogica.jpg&#8220; custom_padding=&#8220;|||&#8220; custom_padding__hover=&#8220;|||&#8220;][\/et_pb_column][et_pb_column type=&#8220;1_2&#8243; _builder_version=&#8220;3.25&#8243; custom_padding=&#8220;|||&#8220; custom_padding__hover=&#8220;|||&#8220;][et_pb_text _builder_version=&#8220;4.9.4&#8243; text_font=&#8220;||||||||&#8220; header_font=&#8220;||||||||&#8220; header_text_color=&#8220;#262f71&#8243; header_2_font=&#8220;Roboto Slab|700|||||||&#8220; header_2_text_color=&#8220;#58bec8&#8243; header_2_font_size=&#8220;35px&#8220; header_2_line_height=&#8220;1.3em&#8220; min_height=&#8220;26px&#8220; custom_margin=&#8220;60px|||||&#8220; custom_padding=&#8220;0px|||||&#8220; animation_style=&#8220;slide&#8220; animation_direction=&#8220;top&#8220; animation_intensity_slide=&#8220;5%&#8220; animation_starting_opacity=&#8220;100%&#8220; locked=&#8220;off&#8220;]<\/p>\n<h2>Psychop\u00e4dagogische Umerziehung<\/h2>\n<p>[\/et_pb_text][et_pb_text _builder_version=&#8220;4.9.4&#8243; text_font=&#8220;Roboto|300|||||||&#8220; text_text_color=&#8220;#757575&#8243; text_font_size=&#8220;17px&#8220; text_line_height=&#8220;1.5em&#8220; header_font=&#8220;||||||||&#8220; header_5_font=&#8220;||||||||&#8220; header_5_font_size=&#8220;18px&#8220; header_5_line_height=&#8220;1.4em&#8220; custom_margin_tablet=&#8220;&#8220; custom_margin_phone=&#8220;&#8220; custom_margin_last_edited=&#8220;on|desktop&#8220; custom_padding=&#8220;0px||66px||false|false&#8220;]<\/p>\n<p>Umerziehung ist eine Reihe von Techniken, die auf verschiedene Probleme im Zusammenhang mit der schulischen Umgebung reagieren. Sein Ziel ist es, die Beziehung des Kindes oder Jugendlichen zu seinen Lernprozessen zu verbessern, und es funktioniert durch Konzentration, Aufmerksamkeit und Ged\u00e4chtnis; und Studientechniken und Arbeitsplanung.<\/p>\n<h5><\/h5>\n<h5><\/h5>\n<h5>Es ist ein grundlegendes Werkzeug bei Problemen wie: Legasthenie, Dyskalkulie, TEL, ADD, TEA, Menschen mit Impulsivit\u00e4t oder Konzentrationsschw\u00e4che &#8230;<\/h5>\n<p>[\/et_pb_text][\/et_pb_column][\/et_pb_row][\/et_pb_section]<\/p>\n","protected":false},"excerpt":{"rendered":"<p>Ausbildung und TechnikenStudieUmerziehung, Bewehrungsklassen und OrientierungBei Kinderapia liegt uns die Zukunft von Kindern und Jugendlichen am Herzen. Deshalb haben wir psychop\u00e4dagogische Umerziehungsangebote, Verst\u00e4rkungskurse und pers\u00f6nliche und berufliche Orientierung geschaffen. Bewehrungsklassen Berufsorientierung Umerziehung Workshop zu Lerntechniken Bewehrungsklassen undPr\u00fcfungsvorbereitungWiederholungsklassen oder Pr\u00fcfungsvorbereitung k\u00f6nnen notwendige Ma\u00dfnahmen sein, um unseren Kindern zu helfen, einige F\u00e4cher des Lehrplans erfolgreich zu bestehen. [&hellip;]<\/p>\n","protected":false},"author":4,"featured_media":0,"parent":0,"menu_order":0,"comment_status":"closed","ping_status":"closed","template":"","meta":{"_et_pb_use_builder":"on","_et_pb_old_content":"","_et_gb_content_width":"","inline_featured_image":false,"footnotes":""},"class_list":["post-3956","page","type-page","status-publish","hentry"],"yoast_head":"<!-- This site is optimized with the Yoast SEO plugin v27.2 - https:\/\/yoast.com\/product\/yoast-seo-wordpress\/ -->\n<title>Bildungs- und Lerntechniken - Kinderapia<\/title>\n<meta name=\"robots\" content=\"index, follow, max-snippet:-1, max-image-preview:large, max-video-preview:-1\" \/>\n<link rel=\"canonical\" href=\"https:\/\/kinderapia.com\/de\/bildungs-und-lerntechniken\" \/>\n<meta property=\"og:locale\" content=\"de_DE\" \/>\n<meta property=\"og:type\" content=\"article\" \/>\n<meta property=\"og:title\" content=\"Bildungs- und Lerntechniken - Kinderapia\" \/>\n<meta property=\"og:description\" content=\"Ausbildung und TechnikenStudieUmerziehung, Bewehrungsklassen und OrientierungBei Kinderapia liegt uns die Zukunft von Kindern und Jugendlichen am Herzen. Deshalb haben wir psychop\u00e4dagogische Umerziehungsangebote, Verst\u00e4rkungskurse und pers\u00f6nliche und berufliche Orientierung geschaffen. Bewehrungsklassen Berufsorientierung Umerziehung Workshop zu Lerntechniken Bewehrungsklassen undPr\u00fcfungsvorbereitungWiederholungsklassen oder Pr\u00fcfungsvorbereitung k\u00f6nnen notwendige Ma\u00dfnahmen sein, um unseren Kindern zu helfen, einige F\u00e4cher des Lehrplans erfolgreich zu bestehen. [&hellip;]\" \/>\n<meta property=\"og:url\" content=\"https:\/\/kinderapia.com\/de\/bildungs-und-lerntechniken\" \/>\n<meta property=\"og:site_name\" content=\"Kinderapia\" \/>\n<meta property=\"article:modified_time\" content=\"2021-06-15T08:15:59+00:00\" \/>\n<meta name=\"twitter:card\" content=\"summary_large_image\" \/>\n<meta name=\"twitter:label1\" content=\"Gesch\u00e4tzte Lesezeit\" \/>\n\t<meta name=\"twitter:data1\" content=\"8\u00a0Minuten\" \/>\n<script type=\"application\/ld+json\" class=\"yoast-schema-graph\">{\"@context\":\"https:\/\/schema.org\",\"@graph\":[{\"@type\":\"WebPage\",\"@id\":\"https:\/\/kinderapia.com\/de\/bildungs-und-lerntechniken\",\"url\":\"https:\/\/kinderapia.com\/de\/bildungs-und-lerntechniken\",\"name\":\"Bildungs- und Lerntechniken - Kinderapia\",\"isPartOf\":{\"@id\":\"https:\/\/kinderapia.com\/#website\"},\"datePublished\":\"2019-07-03T15:03:11+00:00\",\"dateModified\":\"2021-06-15T08:15:59+00:00\",\"breadcrumb\":{\"@id\":\"https:\/\/kinderapia.com\/de\/bildungs-und-lerntechniken#breadcrumb\"},\"inLanguage\":\"de\",\"potentialAction\":[{\"@type\":\"ReadAction\",\"target\":[\"https:\/\/kinderapia.com\/de\/bildungs-und-lerntechniken\"]}]},{\"@type\":\"BreadcrumbList\",\"@id\":\"https:\/\/kinderapia.com\/de\/bildungs-und-lerntechniken#breadcrumb\",\"itemListElement\":[{\"@type\":\"ListItem\",\"position\":1,\"name\":\"Home\",\"item\":\"https:\/\/kinderapia.com\/de\"},{\"@type\":\"ListItem\",\"position\":2,\"name\":\"Bildungs- und Lerntechniken\"}]},{\"@type\":\"WebSite\",\"@id\":\"https:\/\/kinderapia.com\/#website\",\"url\":\"https:\/\/kinderapia.com\/\",\"name\":\"Kinderapia\",\"description\":\"Centro de psicolog\u00eda aplicada en Esplugues de Llobregat\",\"publisher\":{\"@id\":\"https:\/\/kinderapia.com\/#organization\"},\"potentialAction\":[{\"@type\":\"SearchAction\",\"target\":{\"@type\":\"EntryPoint\",\"urlTemplate\":\"https:\/\/kinderapia.com\/?s={search_term_string}\"},\"query-input\":{\"@type\":\"PropertyValueSpecification\",\"valueRequired\":true,\"valueName\":\"search_term_string\"}}],\"inLanguage\":\"de\"},{\"@type\":\"Organization\",\"@id\":\"https:\/\/kinderapia.com\/#organization\",\"name\":\"Kinderapia\",\"url\":\"https:\/\/kinderapia.com\/\",\"logo\":{\"@type\":\"ImageObject\",\"inLanguage\":\"de\",\"@id\":\"https:\/\/kinderapia.com\/#\/schema\/logo\/image\/\",\"url\":\"http:\/\/kinderapia.com\/wp-content\/uploads\/2019\/06\/Logo-Kinderapia-adultos-1.png\",\"contentUrl\":\"http:\/\/kinderapia.com\/wp-content\/uploads\/2019\/06\/Logo-Kinderapia-adultos-1.png\",\"width\":230,\"height\":75,\"caption\":\"Kinderapia\"},\"image\":{\"@id\":\"https:\/\/kinderapia.com\/#\/schema\/logo\/image\/\"}}]}<\/script>\n<!-- \/ Yoast SEO plugin. -->","yoast_head_json":{"title":"Bildungs- und Lerntechniken - Kinderapia","robots":{"index":"index","follow":"follow","max-snippet":"max-snippet:-1","max-image-preview":"max-image-preview:large","max-video-preview":"max-video-preview:-1"},"canonical":"https:\/\/kinderapia.com\/de\/bildungs-und-lerntechniken","og_locale":"de_DE","og_type":"article","og_title":"Bildungs- und Lerntechniken - Kinderapia","og_description":"Ausbildung und TechnikenStudieUmerziehung, Bewehrungsklassen und OrientierungBei Kinderapia liegt uns die Zukunft von Kindern und Jugendlichen am Herzen. Deshalb haben wir psychop\u00e4dagogische Umerziehungsangebote, Verst\u00e4rkungskurse und pers\u00f6nliche und berufliche Orientierung geschaffen. Bewehrungsklassen Berufsorientierung Umerziehung Workshop zu Lerntechniken Bewehrungsklassen undPr\u00fcfungsvorbereitungWiederholungsklassen oder Pr\u00fcfungsvorbereitung k\u00f6nnen notwendige Ma\u00dfnahmen sein, um unseren Kindern zu helfen, einige F\u00e4cher des Lehrplans erfolgreich zu bestehen. [&hellip;]","og_url":"https:\/\/kinderapia.com\/de\/bildungs-und-lerntechniken","og_site_name":"Kinderapia","article_modified_time":"2021-06-15T08:15:59+00:00","twitter_card":"summary_large_image","twitter_misc":{"Gesch\u00e4tzte Lesezeit":"8\u00a0Minuten"},"schema":{"@context":"https:\/\/schema.org","@graph":[{"@type":"WebPage","@id":"https:\/\/kinderapia.com\/de\/bildungs-und-lerntechniken","url":"https:\/\/kinderapia.com\/de\/bildungs-und-lerntechniken","name":"Bildungs- und Lerntechniken - Kinderapia","isPartOf":{"@id":"https:\/\/kinderapia.com\/#website"},"datePublished":"2019-07-03T15:03:11+00:00","dateModified":"2021-06-15T08:15:59+00:00","breadcrumb":{"@id":"https:\/\/kinderapia.com\/de\/bildungs-und-lerntechniken#breadcrumb"},"inLanguage":"de","potentialAction":[{"@type":"ReadAction","target":["https:\/\/kinderapia.com\/de\/bildungs-und-lerntechniken"]}]},{"@type":"BreadcrumbList","@id":"https:\/\/kinderapia.com\/de\/bildungs-und-lerntechniken#breadcrumb","itemListElement":[{"@type":"ListItem","position":1,"name":"Home","item":"https:\/\/kinderapia.com\/de"},{"@type":"ListItem","position":2,"name":"Bildungs- und Lerntechniken"}]},{"@type":"WebSite","@id":"https:\/\/kinderapia.com\/#website","url":"https:\/\/kinderapia.com\/","name":"Kinderapia","description":"Centro de psicolog\u00eda aplicada en Esplugues de Llobregat","publisher":{"@id":"https:\/\/kinderapia.com\/#organization"},"potentialAction":[{"@type":"SearchAction","target":{"@type":"EntryPoint","urlTemplate":"https:\/\/kinderapia.com\/?s={search_term_string}"},"query-input":{"@type":"PropertyValueSpecification","valueRequired":true,"valueName":"search_term_string"}}],"inLanguage":"de"},{"@type":"Organization","@id":"https:\/\/kinderapia.com\/#organization","name":"Kinderapia","url":"https:\/\/kinderapia.com\/","logo":{"@type":"ImageObject","inLanguage":"de","@id":"https:\/\/kinderapia.com\/#\/schema\/logo\/image\/","url":"http:\/\/kinderapia.com\/wp-content\/uploads\/2019\/06\/Logo-Kinderapia-adultos-1.png","contentUrl":"http:\/\/kinderapia.com\/wp-content\/uploads\/2019\/06\/Logo-Kinderapia-adultos-1.png","width":230,"height":75,"caption":"Kinderapia"},"image":{"@id":"https:\/\/kinderapia.com\/#\/schema\/logo\/image\/"}}]}},"_links":{"self":[{"href":"https:\/\/kinderapia.com\/de\/wp-json\/wp\/v2\/pages\/3956","targetHints":{"allow":["GET"]}}],"collection":[{"href":"https:\/\/kinderapia.com\/de\/wp-json\/wp\/v2\/pages"}],"about":[{"href":"https:\/\/kinderapia.com\/de\/wp-json\/wp\/v2\/types\/page"}],"author":[{"embeddable":true,"href":"https:\/\/kinderapia.com\/de\/wp-json\/wp\/v2\/users\/4"}],"replies":[{"embeddable":true,"href":"https:\/\/kinderapia.com\/de\/wp-json\/wp\/v2\/comments?post=3956"}],"version-history":[{"count":4,"href":"https:\/\/kinderapia.com\/de\/wp-json\/wp\/v2\/pages\/3956\/revisions"}],"predecessor-version":[{"id":3972,"href":"https:\/\/kinderapia.com\/de\/wp-json\/wp\/v2\/pages\/3956\/revisions\/3972"}],"wp:attachment":[{"href":"https:\/\/kinderapia.com\/de\/wp-json\/wp\/v2\/media?parent=3956"}],"curies":[{"name":"wp","href":"https:\/\/api.w.org\/{rel}","templated":true}]}}