{"id":3964,"date":"2019-07-02T15:55:48","date_gmt":"2019-07-02T15:55:48","guid":{"rendered":"http:\/\/kinderapia.com\/trastorno-del-espectro-autista"},"modified":"2021-06-15T10:55:56","modified_gmt":"2021-06-15T10:55:56","slug":"autismus-spektrum-stoerungen","status":"publish","type":"page","link":"https:\/\/kinderapia.com\/de\/autismus-spektrum-stoerungen","title":{"rendered":"Autismus-Spektrum-St\u00f6rungen"},"content":{"rendered":"<p>[et_pb_section fb_built=&#8220;1&#8243; admin_label=&#8220;Hero&#8220; _builder_version=&#8220;3.23.3&#8243; custom_padding=&#8220;0px|0px|0px|0px&#8220; animation_style=&#8220;zoom&#8220; animation_intensity_zoom=&#8220;4%&#8220; z_index_tablet=&#8220;500&#8243; box_shadow_horizontal_tablet=&#8220;0px&#8220; box_shadow_vertical_tablet=&#8220;0px&#8220; box_shadow_blur_tablet=&#8220;40px&#8220; box_shadow_spread_tablet=&#8220;0px&#8220;][et_pb_row column_structure=&#8220;1_2,1_2&#8243; use_custom_gutter=&#8220;on&#8220; gutter_width=&#8220;1&#8243; make_equal=&#8220;on&#8220; custom_padding_last_edited=&#8220;on|phone&#8220; module_class=&#8220; et_pb_row_fullwidth et_pb_row_fullwidth&#8220; _builder_version=&#8220;3.26.2&#8243; background_color=&#8220;#58bec8&#8243; background_image=&#8220;http:\/\/kinderapia.com\/wp-content\/uploads\/2019\/06\/circle-background-pattern.png&#8220; background_size=&#8220;initial&#8220; width=&#8220;100%&#8220; width_tablet=&#8220;100%&#8220; width_phone=&#8220;&#8220; width_last_edited=&#8220;on|desktop&#8220; max_width=&#8220;100%&#8220; max_width_tablet=&#8220;100%&#8220; max_width_phone=&#8220;&#8220; max_width_last_edited=&#8220;on|desktop&#8220; custom_padding=&#8220;0px||0px|||&#8220; custom_padding_tablet=&#8220;&#8220; custom_padding_phone=&#8220;50px||||false|false&#8220; animation_style=&#8220;slide&#8220; animation_direction=&#8220;top&#8220; animation_intensity_slide=&#8220;3%&#8220; make_fullwidth=&#8220;on&#8220;][et_pb_column type=&#8220;1_2&#8243; _builder_version=&#8220;3.25&#8243; custom_padding=&#8220;10%|8%|10%|8%&#8220; custom_padding__hover=&#8220;|||&#8220;][et_pb_text _builder_version=&#8220;4.9.4&#8243; text_font=&#8220;||||||||&#8220; header_font=&#8220;Roboto Slab|700|||||||&#8220; header_text_color=&#8220;#FFFFFF&#8220; header_font_size=&#8220;45px&#8220; header_2_font=&#8220;Roboto Slab|700|||||||&#8220; header_2_text_color=&#8220;#ffffff&#8220; header_2_font_size=&#8220;45px&#8220; header_2_line_height=&#8220;1.3em&#8220; header_4_font=&#8220;Roboto Slab|700|||||||&#8220; header_4_font_size=&#8220;35px&#8220; custom_margin=&#8220;-71px|||||&#8220; animation_style=&#8220;slide&#8220; animation_direction=&#8220;top&#8220; animation_intensity_slide=&#8220;5%&#8220; animation_starting_opacity=&#8220;100%&#8220;]<\/p>\n<h2>ASD<\/h2>\n<p>[\/et_pb_text][et_pb_text _builder_version=&#8220;4.9.4&#8243; text_font=&#8220;Roboto Slab||||||||&#8220; text_text_color=&#8220;#FFFFFF&#8220; text_font_size=&#8220;25px&#8220; header_font=&#8220;Roboto Slab||||||||&#8220; header_text_color=&#8220;#ffffff&#8220; header_font_size=&#8220;25px&#8220; header_line_height=&#8220;1.3em&#8220; custom_margin=&#8220;37px|||||&#8220; custom_padding=&#8220;||17px|||&#8220;]<\/p>\n<h1>Autismus-Spektrum-St\u00f6rungen (Autismus und Asperger)<\/h1>\n<p>[\/et_pb_text][et_pb_text _builder_version=&#8220;4.9.4&#8243; text_font=&#8220;Roboto|300|||||||&#8220; text_text_color=&#8220;#FFFFFF&#8220; text_font_size=&#8220;17px&#8220; text_line_height=&#8220;1.5em&#8220; header_font=&#8220;|700|||||||&#8220; animation_style=&#8220;slide&#8220; animation_direction=&#8220;top&#8220; animation_intensity_slide=&#8220;5%&#8220; animation_starting_opacity=&#8220;100%&#8220;]<\/p>\n<p>Die Autismus-Spektrum-St\u00f6rung (ASD) ist eine neurobiologische St\u00f6rung, von der etwa 1 von 100 in Spanien geborenen Kindern betroffen ist.<\/p>\n<p>[\/et_pb_text][\/et_pb_column][et_pb_column type=&#8220;1_2&#8243; _builder_version=&#8220;3.25&#8243; background_image=&#8220;http:\/\/kinderapia.com\/wp-content\/uploads\/2019\/07\/Kinderapia-tea.jpg&#8220; custom_padding=&#8220;|||&#8220; custom_padding__hover=&#8220;|||&#8220;][\/et_pb_column][\/et_pb_row][\/et_pb_section][et_pb_section fb_built=&#8220;1&#8243; admin_label=&#8220;Feature&#8220; _builder_version=&#8220;3.23.3&#8243; background_image=&#8220;http:\/\/kinderapia.com\/wp-content\/uploads\/2019\/07\/Fondo-Kinderapia-centro-de-psicologia.png&#8220; parallax=&#8220;on&#8220; parallax_method=&#8220;off&#8220; custom_padding=&#8220;0px||6px|||&#8220;][et_pb_row column_structure=&#8220;1_2,1_2&#8243; use_custom_gutter=&#8220;on&#8220; _builder_version=&#8220;3.25&#8243; custom_padding=&#8220;41px||0px|||&#8220;][et_pb_column type=&#8220;1_2&#8243; _builder_version=&#8220;3.25&#8243; custom_padding=&#8220;|||&#8220; custom_padding__hover=&#8220;|||&#8220;][et_pb_image src=&#8220;http:\/\/kinderapia.com\/wp-content\/uploads\/2019\/07\/Kinderapia-tea.jpg&#8220; disabled_on=&#8220;off|on|on&#8220; _builder_version=&#8220;3.26.2&#8243;][\/et_pb_image][et_pb_text _builder_version=&#8220;4.9.4&#8243; text_font=&#8220;Roboto|300|||||||&#8220; text_text_color=&#8220;#757575&#8243; text_font_size=&#8220;17px&#8220; text_line_height=&#8220;1.5em&#8220;]<\/p>\n<p>Obwohl es keine aktuellen Studien zur Inzidenz gibt, haben die diagnostizierten und behandelten F\u00e4lle in den letzten Jahren dank besserer Schulungen und verbesserter Erkennungsinstrumente zugenommen. Dies ist eine positive Tatsache, da die F\u00e4higkeit, die St\u00f6rung in einem fr\u00fchen Alter zu erkennen und zu intervenieren, die Lebensqualit\u00e4t sowohl des Kindes als auch seiner Umgebung verbessert.<\/p>\n<p>Dabei ist zu ber\u00fccksichtigen, dass es sich um eine St\u00f6rung mit einem breiten Spektrum handelt und dass die Variabilit\u00e4t der Symptome und deren Intensit\u00e4t je nach Art der Affektion variiert.<\/p>\n<p>Menschen mit Autismus-Spektrum-St\u00f6rung haben im Allgemeinen Schwierigkeiten mit sozialen Beziehungen, indem sie \u00fcberm\u00e4\u00dfig enge Beziehungen zu anderen pflegen, ohne genau zu wissen, wie sie sich verhalten sollen; oder im Gegenteil, Verhaltensweisen der sozialen Isolation zu pr\u00e4sentieren.<\/p>\n<p>Ebenso zeigen sie einige Besonderheiten in Bezug auf die verbale und nonverbale Kommunikation, die vom Fehlen der m\u00fcndlichen Sprache bis zum Vorhandensein einer schlecht flie\u00dfenden und schlecht funktionierenden Kommunikation reichen. Dar\u00fcber hinaus sind ihre F\u00e4higkeiten, sich die Emotionen und Absichten anderer vorzustellen und zu verstehen, begrenzt oder nicht vorhanden, was es schwierig macht, in einem sozialen Umfeld angemessen zu funktionieren.<\/p>\n<p>[\/et_pb_text][\/et_pb_column][et_pb_column type=&#8220;1_2&#8243; _builder_version=&#8220;3.25&#8243; custom_padding=&#8220;|||&#8220; custom_padding__hover=&#8220;|||&#8220;][et_pb_text _builder_version=&#8220;4.9.4&#8243; text_font=&#8220;Roboto|300|||||||&#8220; text_text_color=&#8220;#757575&#8243; text_font_size=&#8220;17px&#8220; text_line_height=&#8220;1.5em&#8220;]<\/p>\n<p>Dar\u00fcber hinaus neigen sie dazu, ein begrenztes Repertoire an Interessen und Verhaltensweisen zu haben, neigen zu sich wiederholenden Verhaltensweisen und haben Schwierigkeiten, mit Ver\u00e4nderungen in ihrer Umgebung umzugehen, selbst wenn sie minimal sind.<\/p>\n<p>Obwohl es sich um eine St\u00f6rung handelt, die sie ihr ganzes Leben lang begleitet, gibt es verschiedene Behandlungsmethoden, die es ihnen erm\u00f6glichen, ihre Lebensqualit\u00e4t und die ihrer Umgebung zu verbessern, obwohl es keinen Konsens \u00fcber eine Standardbehandlung gibt.<\/p>\n<p>Je fr\u00fcher eine angemessene Behandlung f\u00fcr das Kind und sein Umfeld eingeleitet wird, desto gr\u00f6\u00dfer sind die Chancen, positivere Auswirkungen auf Symptome und F\u00e4higkeiten zu haben. Die Behandlungen umfassen Verhaltens- und Kommunikations-, F\u00e4higkeitsentwicklung und \/ oder pharmakologische Therapien, um bei Bedarf einige Symptome zu kontrollieren.<\/p>\n<p>Ein grundlegender Aspekt ist die Entwicklung von kommunikativen und sozialen F\u00e4higkeiten und bei Kinderapia arbeiten wir einzeln und auch in einer Gruppe daran, mit einer kleinen Gruppe von Kindern mit \u00e4hnlichen Eigenschaften, um diese F\u00e4higkeiten vollst\u00e4ndiger zu erarbeiten.<\/p>\n<p>[\/et_pb_text][\/et_pb_column][\/et_pb_row][et_pb_row _builder_version=&#8220;3.25&#8243; custom_padding=&#8220;54px||44px|||&#8220;][et_pb_column type=&#8220;4_4&#8243; _builder_version=&#8220;3.25&#8243; custom_padding=&#8220;|||&#8220; custom_padding__hover=&#8220;|||&#8220;][et_pb_text _builder_version=&#8220;4.9.4&#8243; text_font=&#8220;Roboto|300|||||||&#8220; text_font_size=&#8220;19px&#8220; text_line_height=&#8220;1.8em&#8220; header_font=&#8220;||||||||&#8220; header_4_font=&#8220;Roboto Slab||||||||&#8220; header_4_text_color=&#8220;#44ccd6&#8243; header_4_font_size=&#8220;20px&#8220; header_4_line_height=&#8220;1.5em&#8220; header_6_font=&#8220;Muli|600|||||||&#8220; header_6_font_size=&#8220;22px&#8220; header_6_line_height=&#8220;1.8em&#8220; text_orientation=&#8220;center&#8220; background_layout=&#8220;dark&#8220; max_width=&#8220;800px&#8220; module_alignment=&#8220;center&#8220; text_font_size_tablet=&#8220;&#8220; text_font_size_phone=&#8220;14px&#8220; text_font_size_last_edited=&#8220;on|phone&#8220;]<\/p>\n<h4>Bei Kinderapia arbeiten wir je nach Einzelfall aus unterschiedlichen Perspektiven, immer angepasst an den Patienten und seine Familie, denn es ist sehr wichtig, direkt mit dem Kind aber auch mit der Familie und seinem schulischen Umfeld zu arbeiten, um alle in die gleiche Richtung zu gehen und decken alle Bereiche Ihres t\u00e4glichen Lebens ab.<\/h4>\n<p>[\/et_pb_text][\/et_pb_column][\/et_pb_row][\/et_pb_section]<\/p>\n","protected":false},"excerpt":{"rendered":"<p>ASDAutismus-Spektrum-St\u00f6rungen (Autismus und Asperger)Die Autismus-Spektrum-St\u00f6rung (ASD) ist eine neurobiologische St\u00f6rung, von der etwa 1 von 100 in Spanien geborenen Kindern betroffen ist.Obwohl es keine aktuellen Studien zur Inzidenz gibt, haben die diagnostizierten und behandelten F\u00e4lle in den letzten Jahren dank besserer Schulungen und verbesserter Erkennungsinstrumente zugenommen. Dies ist eine positive Tatsache, da die F\u00e4higkeit, die [&hellip;]<\/p>\n","protected":false},"author":4,"featured_media":0,"parent":0,"menu_order":0,"comment_status":"closed","ping_status":"closed","template":"","meta":{"_et_pb_use_builder":"on","_et_pb_old_content":"","_et_gb_content_width":"","inline_featured_image":false,"footnotes":""},"class_list":["post-3964","page","type-page","status-publish","hentry"],"yoast_head":"<!-- This site is optimized with the Yoast SEO plugin v27.2 - https:\/\/yoast.com\/product\/yoast-seo-wordpress\/ -->\n<title>Autismus-Spektrum-St\u00f6rungen - Kinderapia<\/title>\n<meta name=\"robots\" content=\"index, follow, max-snippet:-1, max-image-preview:large, max-video-preview:-1\" \/>\n<link rel=\"canonical\" href=\"https:\/\/kinderapia.com\/de\/autismus-spektrum-stoerungen\" \/>\n<meta property=\"og:locale\" content=\"de_DE\" \/>\n<meta property=\"og:type\" content=\"article\" \/>\n<meta property=\"og:title\" content=\"Autismus-Spektrum-St\u00f6rungen - Kinderapia\" \/>\n<meta property=\"og:description\" content=\"ASDAutismus-Spektrum-St\u00f6rungen (Autismus und Asperger)Die Autismus-Spektrum-St\u00f6rung (ASD) ist eine neurobiologische St\u00f6rung, von der etwa 1 von 100 in Spanien geborenen Kindern betroffen ist.Obwohl es keine aktuellen Studien zur Inzidenz gibt, haben die diagnostizierten und behandelten F\u00e4lle in den letzten Jahren dank besserer Schulungen und verbesserter Erkennungsinstrumente zugenommen. Dies ist eine positive Tatsache, da die F\u00e4higkeit, die [&hellip;]\" \/>\n<meta property=\"og:url\" content=\"https:\/\/kinderapia.com\/de\/autismus-spektrum-stoerungen\" \/>\n<meta property=\"og:site_name\" content=\"Kinderapia\" \/>\n<meta property=\"article:modified_time\" content=\"2021-06-15T10:55:56+00:00\" \/>\n<meta name=\"twitter:card\" content=\"summary_large_image\" \/>\n<meta name=\"twitter:label1\" content=\"Gesch\u00e4tzte Lesezeit\" \/>\n\t<meta name=\"twitter:data1\" content=\"5\u00a0Minuten\" \/>\n<script type=\"application\/ld+json\" class=\"yoast-schema-graph\">{\"@context\":\"https:\/\/schema.org\",\"@graph\":[{\"@type\":\"WebPage\",\"@id\":\"https:\/\/kinderapia.com\/de\/autismus-spektrum-stoerungen\",\"url\":\"https:\/\/kinderapia.com\/de\/autismus-spektrum-stoerungen\",\"name\":\"Autismus-Spektrum-St\u00f6rungen - Kinderapia\",\"isPartOf\":{\"@id\":\"https:\/\/kinderapia.com\/#website\"},\"datePublished\":\"2019-07-02T15:55:48+00:00\",\"dateModified\":\"2021-06-15T10:55:56+00:00\",\"breadcrumb\":{\"@id\":\"https:\/\/kinderapia.com\/de\/autismus-spektrum-stoerungen#breadcrumb\"},\"inLanguage\":\"de\",\"potentialAction\":[{\"@type\":\"ReadAction\",\"target\":[\"https:\/\/kinderapia.com\/de\/autismus-spektrum-stoerungen\"]}]},{\"@type\":\"BreadcrumbList\",\"@id\":\"https:\/\/kinderapia.com\/de\/autismus-spektrum-stoerungen#breadcrumb\",\"itemListElement\":[{\"@type\":\"ListItem\",\"position\":1,\"name\":\"Home\",\"item\":\"https:\/\/kinderapia.com\/de\"},{\"@type\":\"ListItem\",\"position\":2,\"name\":\"Autismus-Spektrum-St\u00f6rungen\"}]},{\"@type\":\"WebSite\",\"@id\":\"https:\/\/kinderapia.com\/#website\",\"url\":\"https:\/\/kinderapia.com\/\",\"name\":\"Kinderapia\",\"description\":\"Centro de psicolog\u00eda aplicada en Esplugues de Llobregat\",\"publisher\":{\"@id\":\"https:\/\/kinderapia.com\/#organization\"},\"potentialAction\":[{\"@type\":\"SearchAction\",\"target\":{\"@type\":\"EntryPoint\",\"urlTemplate\":\"https:\/\/kinderapia.com\/?s={search_term_string}\"},\"query-input\":{\"@type\":\"PropertyValueSpecification\",\"valueRequired\":true,\"valueName\":\"search_term_string\"}}],\"inLanguage\":\"de\"},{\"@type\":\"Organization\",\"@id\":\"https:\/\/kinderapia.com\/#organization\",\"name\":\"Kinderapia\",\"url\":\"https:\/\/kinderapia.com\/\",\"logo\":{\"@type\":\"ImageObject\",\"inLanguage\":\"de\",\"@id\":\"https:\/\/kinderapia.com\/#\/schema\/logo\/image\/\",\"url\":\"http:\/\/kinderapia.com\/wp-content\/uploads\/2019\/06\/Logo-Kinderapia-adultos-1.png\",\"contentUrl\":\"http:\/\/kinderapia.com\/wp-content\/uploads\/2019\/06\/Logo-Kinderapia-adultos-1.png\",\"width\":230,\"height\":75,\"caption\":\"Kinderapia\"},\"image\":{\"@id\":\"https:\/\/kinderapia.com\/#\/schema\/logo\/image\/\"}}]}<\/script>\n<!-- \/ Yoast SEO plugin. -->","yoast_head_json":{"title":"Autismus-Spektrum-St\u00f6rungen - Kinderapia","robots":{"index":"index","follow":"follow","max-snippet":"max-snippet:-1","max-image-preview":"max-image-preview:large","max-video-preview":"max-video-preview:-1"},"canonical":"https:\/\/kinderapia.com\/de\/autismus-spektrum-stoerungen","og_locale":"de_DE","og_type":"article","og_title":"Autismus-Spektrum-St\u00f6rungen - Kinderapia","og_description":"ASDAutismus-Spektrum-St\u00f6rungen (Autismus und Asperger)Die Autismus-Spektrum-St\u00f6rung (ASD) ist eine neurobiologische St\u00f6rung, von der etwa 1 von 100 in Spanien geborenen Kindern betroffen ist.Obwohl es keine aktuellen Studien zur Inzidenz gibt, haben die diagnostizierten und behandelten F\u00e4lle in den letzten Jahren dank besserer Schulungen und verbesserter Erkennungsinstrumente zugenommen. Dies ist eine positive Tatsache, da die F\u00e4higkeit, die [&hellip;]","og_url":"https:\/\/kinderapia.com\/de\/autismus-spektrum-stoerungen","og_site_name":"Kinderapia","article_modified_time":"2021-06-15T10:55:56+00:00","twitter_card":"summary_large_image","twitter_misc":{"Gesch\u00e4tzte Lesezeit":"5\u00a0Minuten"},"schema":{"@context":"https:\/\/schema.org","@graph":[{"@type":"WebPage","@id":"https:\/\/kinderapia.com\/de\/autismus-spektrum-stoerungen","url":"https:\/\/kinderapia.com\/de\/autismus-spektrum-stoerungen","name":"Autismus-Spektrum-St\u00f6rungen - Kinderapia","isPartOf":{"@id":"https:\/\/kinderapia.com\/#website"},"datePublished":"2019-07-02T15:55:48+00:00","dateModified":"2021-06-15T10:55:56+00:00","breadcrumb":{"@id":"https:\/\/kinderapia.com\/de\/autismus-spektrum-stoerungen#breadcrumb"},"inLanguage":"de","potentialAction":[{"@type":"ReadAction","target":["https:\/\/kinderapia.com\/de\/autismus-spektrum-stoerungen"]}]},{"@type":"BreadcrumbList","@id":"https:\/\/kinderapia.com\/de\/autismus-spektrum-stoerungen#breadcrumb","itemListElement":[{"@type":"ListItem","position":1,"name":"Home","item":"https:\/\/kinderapia.com\/de"},{"@type":"ListItem","position":2,"name":"Autismus-Spektrum-St\u00f6rungen"}]},{"@type":"WebSite","@id":"https:\/\/kinderapia.com\/#website","url":"https:\/\/kinderapia.com\/","name":"Kinderapia","description":"Centro de psicolog\u00eda aplicada en Esplugues de Llobregat","publisher":{"@id":"https:\/\/kinderapia.com\/#organization"},"potentialAction":[{"@type":"SearchAction","target":{"@type":"EntryPoint","urlTemplate":"https:\/\/kinderapia.com\/?s={search_term_string}"},"query-input":{"@type":"PropertyValueSpecification","valueRequired":true,"valueName":"search_term_string"}}],"inLanguage":"de"},{"@type":"Organization","@id":"https:\/\/kinderapia.com\/#organization","name":"Kinderapia","url":"https:\/\/kinderapia.com\/","logo":{"@type":"ImageObject","inLanguage":"de","@id":"https:\/\/kinderapia.com\/#\/schema\/logo\/image\/","url":"http:\/\/kinderapia.com\/wp-content\/uploads\/2019\/06\/Logo-Kinderapia-adultos-1.png","contentUrl":"http:\/\/kinderapia.com\/wp-content\/uploads\/2019\/06\/Logo-Kinderapia-adultos-1.png","width":230,"height":75,"caption":"Kinderapia"},"image":{"@id":"https:\/\/kinderapia.com\/#\/schema\/logo\/image\/"}}]}},"_links":{"self":[{"href":"https:\/\/kinderapia.com\/de\/wp-json\/wp\/v2\/pages\/3964","targetHints":{"allow":["GET"]}}],"collection":[{"href":"https:\/\/kinderapia.com\/de\/wp-json\/wp\/v2\/pages"}],"about":[{"href":"https:\/\/kinderapia.com\/de\/wp-json\/wp\/v2\/types\/page"}],"author":[{"embeddable":true,"href":"https:\/\/kinderapia.com\/de\/wp-json\/wp\/v2\/users\/4"}],"replies":[{"embeddable":true,"href":"https:\/\/kinderapia.com\/de\/wp-json\/wp\/v2\/comments?post=3964"}],"version-history":[{"count":4,"href":"https:\/\/kinderapia.com\/de\/wp-json\/wp\/v2\/pages\/3964\/revisions"}],"predecessor-version":[{"id":4104,"href":"https:\/\/kinderapia.com\/de\/wp-json\/wp\/v2\/pages\/3964\/revisions\/4104"}],"wp:attachment":[{"href":"https:\/\/kinderapia.com\/de\/wp-json\/wp\/v2\/media?parent=3964"}],"curies":[{"name":"wp","href":"https:\/\/api.w.org\/{rel}","templated":true}]}}