{"id":3975,"date":"2019-07-02T15:44:10","date_gmt":"2019-07-02T15:44:10","guid":{"rendered":"http:\/\/kinderapia.com\/altas-capacidades"},"modified":"2021-06-15T11:28:12","modified_gmt":"2021-06-15T11:28:12","slug":"hohe-kapazitaeten","status":"publish","type":"page","link":"https:\/\/kinderapia.com\/de\/hohe-kapazitaeten","title":{"rendered":"Hohe Kapazit\u00e4ten"},"content":{"rendered":"<p>[et_pb_section fb_built=&#8220;1&#8243; admin_label=&#8220;Hero&#8220; _builder_version=&#8220;3.23.3&#8243; custom_padding=&#8220;0px|0px|0px|0px&#8220; animation_style=&#8220;zoom&#8220; animation_intensity_zoom=&#8220;4%&#8220; z_index_tablet=&#8220;500&#8243; box_shadow_horizontal_tablet=&#8220;0px&#8220; box_shadow_vertical_tablet=&#8220;0px&#8220; box_shadow_blur_tablet=&#8220;40px&#8220; box_shadow_spread_tablet=&#8220;0px&#8220;][et_pb_row column_structure=&#8220;1_2,1_2&#8243; use_custom_gutter=&#8220;on&#8220; gutter_width=&#8220;1&#8243; make_equal=&#8220;on&#8220; custom_padding_last_edited=&#8220;on|phone&#8220; module_class=&#8220; et_pb_row_fullwidth et_pb_row_fullwidth&#8220; _builder_version=&#8220;3.26.2&#8243; background_color=&#8220;#58bec8&#8243; background_image=&#8220;http:\/\/kinderapia.com\/wp-content\/uploads\/2019\/06\/circle-background-pattern.png&#8220; background_size=&#8220;initial&#8220; width=&#8220;100%&#8220; width_tablet=&#8220;100%&#8220; width_phone=&#8220;&#8220; width_last_edited=&#8220;on|desktop&#8220; max_width=&#8220;100%&#8220; max_width_tablet=&#8220;100%&#8220; max_width_phone=&#8220;&#8220; max_width_last_edited=&#8220;on|desktop&#8220; custom_padding=&#8220;0px||0px|||&#8220; custom_padding_tablet=&#8220;&#8220; custom_padding_phone=&#8220;50px||||false|false&#8220; animation_style=&#8220;slide&#8220; animation_direction=&#8220;top&#8220; animation_intensity_slide=&#8220;3%&#8220; make_fullwidth=&#8220;on&#8220;][et_pb_column type=&#8220;1_2&#8243; _builder_version=&#8220;3.25&#8243; custom_padding=&#8220;10%|8%|10%|8%&#8220; custom_padding__hover=&#8220;|||&#8220;][et_pb_text _builder_version=&#8220;4.9.4&#8243; text_font=&#8220;||||||||&#8220; header_font=&#8220;Roboto Slab|700|||||||&#8220; header_text_color=&#8220;#FFFFFF&#8220; header_font_size=&#8220;45px&#8220; header_2_font=&#8220;Fredoka One||||||||&#8220; header_2_text_color=&#8220;#262f71&#8243; header_2_font_size=&#8220;46px&#8220; header_2_line_height=&#8220;1.3em&#8220; header_4_font=&#8220;Roboto Slab|700|||||||&#8220; header_4_font_size=&#8220;35px&#8220; custom_margin=&#8220;-71px|||||&#8220; animation_style=&#8220;slide&#8220; animation_direction=&#8220;top&#8220; animation_intensity_slide=&#8220;5%&#8220; animation_starting_opacity=&#8220;100%&#8220;]<\/p>\n<h1>Hochbegabung<\/h1>\n<p>[\/et_pb_text][et_pb_text _builder_version=&#8220;4.9.4&#8243; text_font=&#8220;Roboto Slab||||||||&#8220; text_text_color=&#8220;#FFFFFF&#8220; text_font_size=&#8220;25px&#8220; header_font=&#8220;Roboto Slab||||||||&#8220; header_text_color=&#8220;#ffffff&#8220; header_font_size=&#8220;25px&#8220; header_line_height=&#8220;1.3em&#8220; custom_margin=&#8220;37px|||||&#8220; custom_padding=&#8220;||17px|||&#8220;]<\/p>\n<h1>Wie k\u00f6nnen wir wissen, ob unser Kind hochbegabt ist oder hohe Kapazit\u00e4ten besitzt?<\/h1>\n<p>[\/et_pb_text][et_pb_text _builder_version=&#8220;4.9.4&#8243; text_font=&#8220;Roboto|300|||||||&#8220; text_text_color=&#8220;#FFFFFF&#8220; text_font_size=&#8220;17px&#8220; text_line_height=&#8220;1.5em&#8220; header_font=&#8220;|700|||||||&#8220; animation_style=&#8220;slide&#8220; animation_direction=&#8220;top&#8220; animation_intensity_slide=&#8220;5%&#8220; animation_starting_opacity=&#8220;100%&#8220;]<\/p>\n<p>Wir sprechen von Hochbegabung, wenn eine Person intellektuell \u00fcber dem Gro\u00dfeil der anderen liegt.<\/p>\n<p>[\/et_pb_text][\/et_pb_column][et_pb_column type=&#8220;1_2&#8243; _builder_version=&#8220;3.25&#8243; background_image=&#8220;http:\/\/kinderapia.com\/wp-content\/uploads\/2019\/07\/Kinderapia-altas-capacidades.jpg&#8220; custom_padding=&#8220;|||&#8220; custom_padding__hover=&#8220;|||&#8220;][\/et_pb_column][\/et_pb_row][\/et_pb_section][et_pb_section fb_built=&#8220;1&#8243; admin_label=&#8220;Feature&#8220; _builder_version=&#8220;3.23.3&#8243; background_image=&#8220;http:\/\/kinderapia.com\/wp-content\/uploads\/2019\/07\/Fondo-Kinderapia-centro-de-psicologia.png&#8220; parallax=&#8220;on&#8220; parallax_method=&#8220;off&#8220; custom_padding=&#8220;0px||6px|||&#8220;][et_pb_row column_structure=&#8220;1_2,1_2&#8243; use_custom_gutter=&#8220;on&#8220; _builder_version=&#8220;3.25&#8243; custom_padding=&#8220;41px||0px|||&#8220;][et_pb_column type=&#8220;1_2&#8243; _builder_version=&#8220;3.25&#8243; custom_padding=&#8220;|||&#8220; custom_padding__hover=&#8220;|||&#8220;][et_pb_image src=&#8220;http:\/\/kinderapia.com\/wp-content\/uploads\/2019\/07\/Kinderapia-altas-capacidades.jpg&#8220; disabled_on=&#8220;off|on|on&#8220; _builder_version=&#8220;3.26.2&#8243;][\/et_pb_image][et_pb_text _builder_version=&#8220;4.9.4&#8243; text_font=&#8220;Roboto|300|||||||&#8220; text_text_color=&#8220;#757575&#8243; text_font_size=&#8220;17px&#8220; text_line_height=&#8220;1.5em&#8220;]<\/p>\n<p>Probleme der Jugendlichen in der Schule k\u00f6nnen aus vielen Gr\u00fcnden auftreten. Einer der unbekanntesten sind die hohen Kapazit\u00e4ten. Es wird davon ausgegangen, dass Menschen mit besonders hohen F\u00e4higkeiten Menschen sind, die eine weit \u00fcberlegene Lernf\u00e4higkeit besitzen und eine ganz andere Art des Lernens haben, die sie vom Rest ihrer Altersgruppe unterscheidet. Manchmal werden sie mit Kindern verwechselt, die abgelenkt sind, Dr\u00fcckeberger oder sogar faul.<\/p>\n<p>[\/et_pb_text][\/et_pb_column][et_pb_column type=&#8220;1_2&#8243; _builder_version=&#8220;3.25&#8243; custom_padding=&#8220;|||&#8220; custom_padding__hover=&#8220;|||&#8220;][et_pb_text _builder_version=&#8220;4.9.4&#8243; text_font=&#8220;Roboto|300|||||||&#8220; text_text_color=&#8220;#757575&#8243; text_font_size=&#8220;17px&#8220; text_line_height=&#8220;1.5em&#8220;]<\/p>\n<p>Einige der Anzeichen, die helfen, diese Kinder zu identifizieren, k\u00f6nnen sein:<\/p>\n<ul>\n<li>Selbstkritiker und Perfektionisten<\/li>\n<li>Hohes Ma\u00df an Frustration, oftmals mit starken Wutanf\u00e4llen<\/li>\n<li>St\u00f6ren im Unterricht<\/li>\n<li>Hinterfragen von Autorit\u00e4t und Regeln<\/li>\n<li>Ein erstaunliches Ged\u00e4chtnis<\/li>\n<li>Fr\u00fches Erlernen von Lesen und Schreiben<\/li>\n<li>Reicher, pr\u00e4ziser und breiter Wortschatz<\/li>\n<li>Oftmals sind sie der Spott der Klassenkameraden<\/li>\n<\/ul>\n<p>[\/et_pb_text][\/et_pb_column][\/et_pb_row][et_pb_row _builder_version=&#8220;3.25&#8243;][et_pb_column type=&#8220;4_4&#8243; _builder_version=&#8220;3.25&#8243; custom_padding=&#8220;|||&#8220; custom_padding__hover=&#8220;|||&#8220;][et_pb_text _builder_version=&#8220;4.9.4&#8243; text_font=&#8220;Roboto|300|||||||&#8220; text_font_size=&#8220;19px&#8220; text_line_height=&#8220;1.8em&#8220; header_font=&#8220;||||||||&#8220; header_4_font=&#8220;Roboto Slab||||||||&#8220; header_4_text_color=&#8220;#44ccd6&#8243; header_4_font_size=&#8220;20px&#8220; header_4_line_height=&#8220;1.5em&#8220; header_6_font=&#8220;Muli|600|||||||&#8220; header_6_font_size=&#8220;22px&#8220; header_6_line_height=&#8220;1.8em&#8220; text_orientation=&#8220;center&#8220; background_layout=&#8220;dark&#8220; max_width=&#8220;800px&#8220; module_alignment=&#8220;center&#8220; text_font_size_tablet=&#8220;&#8220; text_font_size_phone=&#8220;14px&#8220; text_font_size_last_edited=&#8220;on|phone&#8220;]<\/p>\n<h4>Von unserem Zentrum aus k\u00f6nnen wir eine neuropsychologische Diagnose durchf\u00fchren, um den Grad der globalen Intelligenz, sowie der verschiedener Bereiche, zu bewerten.<br \/>Sobald die Diagnose best\u00e4tigt ist, k\u00f6nnen wir den Betroffenen helfen, mit den Schwierigkeiten umzugehen, auf die sie zukommen, und die F\u00e4higkeiten jedes Einzelnen zu st\u00e4rken.<\/h4>\n<p>[\/et_pb_text][\/et_pb_column][\/et_pb_row][\/et_pb_section]<\/p>\n","protected":false},"excerpt":{"rendered":"<p>HochbegabungWie k\u00f6nnen wir wissen, ob unser Kind hochbegabt ist oder hohe Kapazit\u00e4ten besitzt?Wir sprechen von Hochbegabung, wenn eine Person intellektuell \u00fcber dem Gro\u00dfeil der anderen liegt.Probleme der Jugendlichen in der Schule k\u00f6nnen aus vielen Gr\u00fcnden auftreten. Einer der unbekanntesten sind die hohen Kapazit\u00e4ten. Es wird davon ausgegangen, dass Menschen mit besonders hohen F\u00e4higkeiten Menschen sind, [&hellip;]<\/p>\n","protected":false},"author":4,"featured_media":0,"parent":0,"menu_order":0,"comment_status":"closed","ping_status":"closed","template":"","meta":{"_et_pb_use_builder":"on","_et_pb_old_content":"","_et_gb_content_width":"","inline_featured_image":false,"footnotes":""},"class_list":["post-3975","page","type-page","status-publish","hentry"],"yoast_head":"<!-- This site is optimized with the Yoast SEO plugin v27.2 - https:\/\/yoast.com\/product\/yoast-seo-wordpress\/ -->\n<title>Hohe Kapazit\u00e4ten - Kinderapia<\/title>\n<meta name=\"robots\" content=\"index, follow, max-snippet:-1, max-image-preview:large, max-video-preview:-1\" \/>\n<link rel=\"canonical\" href=\"https:\/\/kinderapia.com\/de\/hohe-kapazitaeten\" \/>\n<meta property=\"og:locale\" content=\"de_DE\" \/>\n<meta property=\"og:type\" content=\"article\" \/>\n<meta property=\"og:title\" content=\"Hohe Kapazit\u00e4ten - Kinderapia\" \/>\n<meta property=\"og:description\" content=\"HochbegabungWie k\u00f6nnen wir wissen, ob unser Kind hochbegabt ist oder hohe Kapazit\u00e4ten besitzt?Wir sprechen von Hochbegabung, wenn eine Person intellektuell \u00fcber dem Gro\u00dfeil der anderen liegt.Probleme der Jugendlichen in der Schule k\u00f6nnen aus vielen Gr\u00fcnden auftreten. Einer der unbekanntesten sind die hohen Kapazit\u00e4ten. Es wird davon ausgegangen, dass Menschen mit besonders hohen F\u00e4higkeiten Menschen sind, [&hellip;]\" \/>\n<meta property=\"og:url\" content=\"https:\/\/kinderapia.com\/de\/hohe-kapazitaeten\" \/>\n<meta property=\"og:site_name\" content=\"Kinderapia\" \/>\n<meta property=\"article:modified_time\" content=\"2021-06-15T11:28:12+00:00\" \/>\n<meta name=\"twitter:card\" content=\"summary_large_image\" \/>\n<meta name=\"twitter:label1\" content=\"Gesch\u00e4tzte Lesezeit\" \/>\n\t<meta name=\"twitter:data1\" content=\"4\u00a0Minuten\" \/>\n<script type=\"application\/ld+json\" class=\"yoast-schema-graph\">{\"@context\":\"https:\/\/schema.org\",\"@graph\":[{\"@type\":\"WebPage\",\"@id\":\"https:\/\/kinderapia.com\/de\/hohe-kapazitaeten\",\"url\":\"https:\/\/kinderapia.com\/de\/hohe-kapazitaeten\",\"name\":\"Hohe Kapazit\u00e4ten - Kinderapia\",\"isPartOf\":{\"@id\":\"https:\/\/kinderapia.com\/#website\"},\"datePublished\":\"2019-07-02T15:44:10+00:00\",\"dateModified\":\"2021-06-15T11:28:12+00:00\",\"breadcrumb\":{\"@id\":\"https:\/\/kinderapia.com\/de\/hohe-kapazitaeten#breadcrumb\"},\"inLanguage\":\"de\",\"potentialAction\":[{\"@type\":\"ReadAction\",\"target\":[\"https:\/\/kinderapia.com\/de\/hohe-kapazitaeten\"]}]},{\"@type\":\"BreadcrumbList\",\"@id\":\"https:\/\/kinderapia.com\/de\/hohe-kapazitaeten#breadcrumb\",\"itemListElement\":[{\"@type\":\"ListItem\",\"position\":1,\"name\":\"Home\",\"item\":\"https:\/\/kinderapia.com\/de\"},{\"@type\":\"ListItem\",\"position\":2,\"name\":\"Hohe Kapazit\u00e4ten\"}]},{\"@type\":\"WebSite\",\"@id\":\"https:\/\/kinderapia.com\/#website\",\"url\":\"https:\/\/kinderapia.com\/\",\"name\":\"Kinderapia\",\"description\":\"Centro de psicolog\u00eda aplicada en Esplugues de Llobregat\",\"publisher\":{\"@id\":\"https:\/\/kinderapia.com\/#organization\"},\"potentialAction\":[{\"@type\":\"SearchAction\",\"target\":{\"@type\":\"EntryPoint\",\"urlTemplate\":\"https:\/\/kinderapia.com\/?s={search_term_string}\"},\"query-input\":{\"@type\":\"PropertyValueSpecification\",\"valueRequired\":true,\"valueName\":\"search_term_string\"}}],\"inLanguage\":\"de\"},{\"@type\":\"Organization\",\"@id\":\"https:\/\/kinderapia.com\/#organization\",\"name\":\"Kinderapia\",\"url\":\"https:\/\/kinderapia.com\/\",\"logo\":{\"@type\":\"ImageObject\",\"inLanguage\":\"de\",\"@id\":\"https:\/\/kinderapia.com\/#\/schema\/logo\/image\/\",\"url\":\"http:\/\/kinderapia.com\/wp-content\/uploads\/2019\/06\/Logo-Kinderapia-adultos-1.png\",\"contentUrl\":\"http:\/\/kinderapia.com\/wp-content\/uploads\/2019\/06\/Logo-Kinderapia-adultos-1.png\",\"width\":230,\"height\":75,\"caption\":\"Kinderapia\"},\"image\":{\"@id\":\"https:\/\/kinderapia.com\/#\/schema\/logo\/image\/\"}}]}<\/script>\n<!-- \/ Yoast SEO plugin. -->","yoast_head_json":{"title":"Hohe Kapazit\u00e4ten - Kinderapia","robots":{"index":"index","follow":"follow","max-snippet":"max-snippet:-1","max-image-preview":"max-image-preview:large","max-video-preview":"max-video-preview:-1"},"canonical":"https:\/\/kinderapia.com\/de\/hohe-kapazitaeten","og_locale":"de_DE","og_type":"article","og_title":"Hohe Kapazit\u00e4ten - Kinderapia","og_description":"HochbegabungWie k\u00f6nnen wir wissen, ob unser Kind hochbegabt ist oder hohe Kapazit\u00e4ten besitzt?Wir sprechen von Hochbegabung, wenn eine Person intellektuell \u00fcber dem Gro\u00dfeil der anderen liegt.Probleme der Jugendlichen in der Schule k\u00f6nnen aus vielen Gr\u00fcnden auftreten. Einer der unbekanntesten sind die hohen Kapazit\u00e4ten. Es wird davon ausgegangen, dass Menschen mit besonders hohen F\u00e4higkeiten Menschen sind, [&hellip;]","og_url":"https:\/\/kinderapia.com\/de\/hohe-kapazitaeten","og_site_name":"Kinderapia","article_modified_time":"2021-06-15T11:28:12+00:00","twitter_card":"summary_large_image","twitter_misc":{"Gesch\u00e4tzte Lesezeit":"4\u00a0Minuten"},"schema":{"@context":"https:\/\/schema.org","@graph":[{"@type":"WebPage","@id":"https:\/\/kinderapia.com\/de\/hohe-kapazitaeten","url":"https:\/\/kinderapia.com\/de\/hohe-kapazitaeten","name":"Hohe Kapazit\u00e4ten - Kinderapia","isPartOf":{"@id":"https:\/\/kinderapia.com\/#website"},"datePublished":"2019-07-02T15:44:10+00:00","dateModified":"2021-06-15T11:28:12+00:00","breadcrumb":{"@id":"https:\/\/kinderapia.com\/de\/hohe-kapazitaeten#breadcrumb"},"inLanguage":"de","potentialAction":[{"@type":"ReadAction","target":["https:\/\/kinderapia.com\/de\/hohe-kapazitaeten"]}]},{"@type":"BreadcrumbList","@id":"https:\/\/kinderapia.com\/de\/hohe-kapazitaeten#breadcrumb","itemListElement":[{"@type":"ListItem","position":1,"name":"Home","item":"https:\/\/kinderapia.com\/de"},{"@type":"ListItem","position":2,"name":"Hohe Kapazit\u00e4ten"}]},{"@type":"WebSite","@id":"https:\/\/kinderapia.com\/#website","url":"https:\/\/kinderapia.com\/","name":"Kinderapia","description":"Centro de psicolog\u00eda aplicada en Esplugues de Llobregat","publisher":{"@id":"https:\/\/kinderapia.com\/#organization"},"potentialAction":[{"@type":"SearchAction","target":{"@type":"EntryPoint","urlTemplate":"https:\/\/kinderapia.com\/?s={search_term_string}"},"query-input":{"@type":"PropertyValueSpecification","valueRequired":true,"valueName":"search_term_string"}}],"inLanguage":"de"},{"@type":"Organization","@id":"https:\/\/kinderapia.com\/#organization","name":"Kinderapia","url":"https:\/\/kinderapia.com\/","logo":{"@type":"ImageObject","inLanguage":"de","@id":"https:\/\/kinderapia.com\/#\/schema\/logo\/image\/","url":"http:\/\/kinderapia.com\/wp-content\/uploads\/2019\/06\/Logo-Kinderapia-adultos-1.png","contentUrl":"http:\/\/kinderapia.com\/wp-content\/uploads\/2019\/06\/Logo-Kinderapia-adultos-1.png","width":230,"height":75,"caption":"Kinderapia"},"image":{"@id":"https:\/\/kinderapia.com\/#\/schema\/logo\/image\/"}}]}},"_links":{"self":[{"href":"https:\/\/kinderapia.com\/de\/wp-json\/wp\/v2\/pages\/3975","targetHints":{"allow":["GET"]}}],"collection":[{"href":"https:\/\/kinderapia.com\/de\/wp-json\/wp\/v2\/pages"}],"about":[{"href":"https:\/\/kinderapia.com\/de\/wp-json\/wp\/v2\/types\/page"}],"author":[{"embeddable":true,"href":"https:\/\/kinderapia.com\/de\/wp-json\/wp\/v2\/users\/4"}],"replies":[{"embeddable":true,"href":"https:\/\/kinderapia.com\/de\/wp-json\/wp\/v2\/comments?post=3975"}],"version-history":[{"count":5,"href":"https:\/\/kinderapia.com\/de\/wp-json\/wp\/v2\/pages\/3975\/revisions"}],"predecessor-version":[{"id":4108,"href":"https:\/\/kinderapia.com\/de\/wp-json\/wp\/v2\/pages\/3975\/revisions\/4108"}],"wp:attachment":[{"href":"https:\/\/kinderapia.com\/de\/wp-json\/wp\/v2\/media?parent=3975"}],"curies":[{"name":"wp","href":"https:\/\/api.w.org\/{rel}","templated":true}]}}