{"id":4030,"date":"2019-07-03T14:25:53","date_gmt":"2019-07-03T14:25:53","guid":{"rendered":"http:\/\/kinderapia.com\/multisensorischer-stimulationsraum-snoezelen\/terapia-ocupacional"},"modified":"2021-06-15T11:55:59","modified_gmt":"2021-06-15T11:55:59","slug":"ergotherapie","status":"publish","type":"page","link":"https:\/\/kinderapia.com\/de\/multisensorischer-stimulationsraum-snoezelen\/ergotherapie","title":{"rendered":"Ergotherapie"},"content":{"rendered":"<p>[et_pb_section fb_built=&#8220;1&#8243; admin_label=&#8220;Hero&#8220; _builder_version=&#8220;3.23.3&#8243; custom_padding=&#8220;0px|0px|0px|0px&#8220; animation_style=&#8220;zoom&#8220; animation_intensity_zoom=&#8220;4%&#8220; z_index_tablet=&#8220;500&#8243; box_shadow_horizontal_tablet=&#8220;0px&#8220; box_shadow_vertical_tablet=&#8220;0px&#8220; box_shadow_blur_tablet=&#8220;40px&#8220; box_shadow_spread_tablet=&#8220;0px&#8220;][et_pb_row column_structure=&#8220;1_2,1_2&#8243; use_custom_gutter=&#8220;on&#8220; gutter_width=&#8220;1&#8243; make_equal=&#8220;on&#8220; custom_padding_last_edited=&#8220;on|phone&#8220; module_class=&#8220; et_pb_row_fullwidth et_pb_row_fullwidth&#8220; _builder_version=&#8220;3.26.2&#8243; background_color=&#8220;#58bec8&#8243; background_image=&#8220;http:\/\/kinderapia.com\/wp-content\/uploads\/2019\/06\/circle-background-pattern.png&#8220; background_size=&#8220;initial&#8220; width=&#8220;100%&#8220; width_tablet=&#8220;100%&#8220; width_phone=&#8220;&#8220; width_last_edited=&#8220;on|desktop&#8220; max_width=&#8220;100%&#8220; max_width_tablet=&#8220;100%&#8220; max_width_phone=&#8220;&#8220; max_width_last_edited=&#8220;on|desktop&#8220; custom_padding=&#8220;0px||0px|||&#8220; custom_padding_tablet=&#8220;&#8220; custom_padding_phone=&#8220;50px||||false|false&#8220; animation_style=&#8220;slide&#8220; animation_direction=&#8220;top&#8220; animation_intensity_slide=&#8220;3%&#8220; make_fullwidth=&#8220;on&#8220;][et_pb_column type=&#8220;1_2&#8243; _builder_version=&#8220;3.25&#8243; custom_padding=&#8220;10%|8%|10%|8%&#8220; custom_padding__hover=&#8220;|||&#8220;][et_pb_text _builder_version=&#8220;4.9.4&#8243; text_font=&#8220;||||||||&#8220; header_font=&#8220;Roboto Slab|700|||||||&#8220; header_text_color=&#8220;#FFFFFF&#8220; header_font_size=&#8220;45px&#8220; header_2_font=&#8220;Fredoka One||||||||&#8220; header_2_text_color=&#8220;#262f71&#8243; header_2_font_size=&#8220;46px&#8220; header_2_line_height=&#8220;1.3em&#8220; header_4_font=&#8220;Roboto Slab|700|||||||&#8220; header_4_font_size=&#8220;35px&#8220; custom_margin=&#8220;-71px|||||&#8220; animation_style=&#8220;slide&#8220; animation_direction=&#8220;top&#8220; animation_intensity_slide=&#8220;5%&#8220; animation_starting_opacity=&#8220;100%&#8220;]<\/p>\n<h1>Ergotherapie<\/h1>\n<p>[\/et_pb_text][et_pb_text _builder_version=&#8220;4.9.4&#8243; text_font=&#8220;Roboto Slab||||||||&#8220; text_text_color=&#8220;#FFFFFF&#8220; text_font_size=&#8220;25px&#8220; header_font=&#8220;|700|||||||&#8220; header_2_font=&#8220;Roboto Slab||||||||&#8220; header_2_text_color=&#8220;#ffffff&#8220; header_2_font_size=&#8220;25px&#8220; header_2_line_height=&#8220;1.2em&#8220; custom_margin=&#8220;37px|||||&#8220; custom_padding=&#8220;||17px|||&#8220;]<\/p>\n<h2>Therapie, die bei Menschen mit k\u00f6rperlichen St\u00f6rungen funktioniert<\/h2>\n<p>[\/et_pb_text][et_pb_text _builder_version=&#8220;4.9.4&#8243; text_font=&#8220;Roboto|300|||||||&#8220; text_text_color=&#8220;#FFFFFF&#8220; text_font_size=&#8220;17px&#8220; text_line_height=&#8220;1.5em&#8220; header_font=&#8220;|700|||||||&#8220; animation_style=&#8220;slide&#8220; animation_direction=&#8220;top&#8220; animation_intensity_slide=&#8220;5%&#8220; animation_starting_opacity=&#8220;100%&#8220;]<\/p>\n<p>Der Ergotherapeut arbeitet mit denjenigen Personen oder Bev\u00f6lkerungsgruppen, die aufgrund einer Ver\u00e4nderung des Gesundheitszustands unter Beeintr\u00e4chtigungen einer K\u00f6rperstruktur oder -funktion leiden und daher Einschr\u00e4nkungen in ihrem t\u00e4glichen Leben erfahren.<\/p>\n<p>[\/et_pb_text][\/et_pb_column][et_pb_column type=&#8220;1_2&#8243; _builder_version=&#8220;3.25&#8243; background_image=&#8220;http:\/\/kinderapia.com\/wp-content\/uploads\/2019\/07\/Kinderapia-terapia-ocupacional.jpg&#8220; custom_padding=&#8220;|||&#8220; custom_padding__hover=&#8220;|||&#8220;][\/et_pb_column][\/et_pb_row][\/et_pb_section][et_pb_section fb_built=&#8220;1&#8243; admin_label=&#8220;Feature&#8220; _builder_version=&#8220;3.23.3&#8243; background_image=&#8220;http:\/\/kinderapia.com\/wp-content\/uploads\/2019\/07\/Fondo-Kinderapia-centro-de-psicologia.png&#8220; parallax=&#8220;on&#8220; parallax_method=&#8220;off&#8220; custom_padding=&#8220;0px|||||&#8220;][et_pb_row column_structure=&#8220;1_2,1_2&#8243; use_custom_gutter=&#8220;on&#8220; _builder_version=&#8220;3.25&#8243; custom_padding=&#8220;41px||0px|||&#8220;][et_pb_column type=&#8220;1_2&#8243; _builder_version=&#8220;3.25&#8243; custom_padding=&#8220;|||&#8220; custom_padding__hover=&#8220;|||&#8220;][et_pb_image src=&#8220;http:\/\/kinderapia.com\/wp-content\/uploads\/2019\/07\/Kinderapia-terapia-ocupacional.jpg&#8220; disabled_on=&#8220;off|on|on&#8220; _builder_version=&#8220;3.26.2&#8243;][\/et_pb_image][et_pb_text _builder_version=&#8220;4.9.4&#8243; text_font=&#8220;Roboto|300|||||||&#8220; text_text_color=&#8220;#757575&#8243; text_font_size=&#8220;17px&#8220; text_line_height=&#8220;1.5em&#8220;]<\/p>\n<p>Ergotherapie ist darauf spezialisiert, die Person in die Lage zu versetzen, ein H\u00f6chstma\u00df an Unabh\u00e4ngigkeit im t\u00e4glichen Leben zu erreichen. Dazu ist es notwendig, die physischen, psychischen, sensorischen und sozialen F\u00e4higkeiten und Probleme des Einzelnen zu bewerten. Aus dieser Auswertung wird ein Arbeitsplan abgeleitet. Einige der Probleme, die mit Ergotherapie behandelt werden, sind:<\/p>\n<p>[\/et_pb_text][\/et_pb_column][et_pb_column type=&#8220;1_2&#8243; _builder_version=&#8220;3.25&#8243; custom_padding=&#8220;|||&#8220; custom_padding__hover=&#8220;|||&#8220;][et_pb_text _builder_version=&#8220;4.9.4&#8243; text_font=&#8220;Roboto|300|||||||&#8220; text_text_color=&#8220;#757575&#8243; text_font_size=&#8220;17px&#8220; text_line_height=&#8220;1.5em&#8220;]<\/p>\n<ul>\n<li>Unkoordination der Motorik<\/li>\n<li>Dysgraphie<\/li>\n<li>Manipulative Aktivit\u00e4ten und\/oder Feinmotorik<\/li>\n<li>Grundlegende Aktivit\u00e4ten des t\u00e4glichen Lebens wie Essen, Anziehen, Schlie\u00dfmuskelkontrolle, pers\u00f6nliche Hygiene<\/li>\n<li>Behinderungen vorbeugen und\/oder deren Verlauf zu verlangsamen<\/li>\n<li>Verbesserung der Funktion der oberen Extremit\u00e4t: das Erreichen verschiedener Objekte, Entwicklung der Handpr\u00e4ferenz f\u00f6rdern, okulomanuelle und bimanuelle Koordination.<\/li>\n<li>Erh\u00f6hen des Selbstwertgef\u00fchles des Kindes, indem dessen Aktivit\u00e4ten und Ausf\u00fchrungskontexte ge\u00e4ndert und\/oder angepasst werden.<\/li>\n<li>F\u00f6rderung der richtigen Positionierung und K\u00f6rperhaltung<\/li>\n<\/ul>\n<p>[\/et_pb_text][\/et_pb_column][\/et_pb_row][\/et_pb_section][et_pb_section fb_built=&#8220;1&#8243; admin_label=&#8220;Call to Action&#8220; _builder_version=&#8220;3.23.3&#8243; background_color=&#8220;#58bec8&#8243; background_color_gradient_direction=&#8220;75deg&#8220; background_image=&#8220;http:\/\/kinderapia.com\/wp-content\/uploads\/2019\/06\/day_care_bg_02.png&#8220; background_size=&#8220;initial&#8220; max_width=&#8220;90%&#8220; module_alignment=&#8220;center&#8220; custom_margin=&#8220;-18px||62px|||&#8220; custom_margin_tablet=&#8220;40px||||false&#8220; custom_margin_phone=&#8220;&#8220; custom_margin_last_edited=&#8220;on|phone&#8220; custom_padding=&#8220;0vw||0vw||true|false&#8220; border_radii=&#8220;on|38px|38px|38px|38px&#8220; box_shadow_style=&#8220;preset3&#8243; box_shadow_vertical=&#8220;10px&#8220; box_shadow_color=&#8220;rgba(0,0,0,0.22)&#8220;][et_pb_row _builder_version=&#8220;3.25&#8243; custom_padding=&#8220;||19px|||&#8220;][et_pb_column type=&#8220;4_4&#8243; _builder_version=&#8220;3.25&#8243; custom_padding=&#8220;|||&#8220; custom_padding__hover=&#8220;|||&#8220;][et_pb_text _builder_version=&#8220;4.9.4&#8243; text_font=&#8220;||||||||&#8220; header_font=&#8220;||||||||&#8220; header_2_font=&#8220;Fredoka One||||||||&#8220; header_2_font_size=&#8220;60px&#8220; header_2_line_height=&#8220;1.2em&#8220; header_4_font=&#8220;Roboto Slab|700|||||||&#8220; header_4_text_color=&#8220;#ffffff&#8220; header_4_font_size=&#8220;35px&#8220; header_5_font=&#8220;Roboto Slab|700|||||||&#8220; header_5_font_size=&#8220;35px&#8220; text_orientation=&#8220;center&#8220; background_layout=&#8220;dark&#8220; custom_margin=&#8220;15px||16px|||&#8220; header_2_font_size_tablet=&#8220;50px&#8220; header_2_font_size_phone=&#8220;30px&#8220; header_2_font_size_last_edited=&#8220;on|phone&#8220;]<\/p>\n<h4>Snoezelen multisensorischer Stimulationsraum<\/h4>\n<p>[\/et_pb_text][et_pb_text _builder_version=&#8220;4.9.4&#8243; text_font=&#8220;Roboto Slab||||||||&#8220; text_font_size=&#8220;18px&#8220; header_font=&#8220;||||||||&#8220; header_2_font=&#8220;Fredoka One||||||||&#8220; header_2_font_size=&#8220;60px&#8220; header_2_line_height=&#8220;1.2em&#8220; header_4_font=&#8220;Roboto Slab|700|||||||&#8220; header_4_text_color=&#8220;#ffffff&#8220; header_4_font_size=&#8220;35px&#8220; header_5_font=&#8220;Roboto Slab|700|||||||&#8220; header_5_font_size=&#8220;35px&#8220; text_orientation=&#8220;center&#8220; background_layout=&#8220;dark&#8220; custom_margin=&#8220;15px||16px|||&#8220; header_2_font_size_tablet=&#8220;50px&#8220; header_2_font_size_phone=&#8220;30px&#8220; header_2_font_size_last_edited=&#8220;on|phone&#8220;]<\/p>\n<p>Die Therapie kann im multisensorischen Stimulationsraum Snoezelen durchgef\u00fchrt werden<\/p>\n<p>[\/et_pb_text][\/et_pb_column][\/et_pb_row][et_pb_row make_equal=&#8220;on&#8220; _builder_version=&#8220;3.25&#8243; width=&#8220;100%&#8220; max_width=&#8220;90%&#8220; custom_margin=&#8220;30px|||&#8220; custom_padding=&#8220;0px|||||&#8220;][et_pb_column type=&#8220;4_4&#8243; _builder_version=&#8220;3.25&#8243; custom_padding=&#8220;|||&#8220; custom_padding__hover=&#8220;|||&#8220;][et_pb_blurb title=&#8220;Snoezelen-Zimmer&#8220; use_icon=&#8220;on&#8220; _builder_version=&#8220;4.9.4&#8243; header_level=&#8220;h3&#8243; header_font=&#8220;Roboto Slab|700|||||||&#8220; header_font_size=&#8220;22px&#8220; header_line_height=&#8220;1.3em&#8220; body_font=&#8220;Roboto|300|||||||&#8220; body_font_size=&#8220;18px&#8220; text_orientation=&#8220;center&#8220; background_layout=&#8220;dark&#8220; animation_style=&#8220;fade&#8220; animation=&#8220;off&#8220; z_index_tablet=&#8220;500&#8243; header_text_shadow_horizontal_length_tablet=&#8220;0px&#8220; header_text_shadow_vertical_length_tablet=&#8220;0px&#8220; header_text_shadow_blur_strength_tablet=&#8220;1px&#8220; body_text_shadow_horizontal_length_tablet=&#8220;0px&#8220; body_text_shadow_vertical_length_tablet=&#8220;0px&#8220; body_text_shadow_blur_strength_tablet=&#8220;1px&#8220; body_link_text_shadow_horizontal_length_tablet=&#8220;0px&#8220; body_link_text_shadow_vertical_length_tablet=&#8220;0px&#8220; body_link_text_shadow_blur_strength_tablet=&#8220;1px&#8220; body_ul_text_shadow_horizontal_length_tablet=&#8220;0px&#8220; body_ul_text_shadow_vertical_length_tablet=&#8220;0px&#8220; body_ul_text_shadow_blur_strength_tablet=&#8220;1px&#8220; body_ol_text_shadow_horizontal_length_tablet=&#8220;0px&#8220; body_ol_text_shadow_vertical_length_tablet=&#8220;0px&#8220; body_ol_text_shadow_blur_strength_tablet=&#8220;1px&#8220; body_quote_text_shadow_horizontal_length_tablet=&#8220;0px&#8220; body_quote_text_shadow_vertical_length_tablet=&#8220;0px&#8220; body_quote_text_shadow_blur_strength_tablet=&#8220;1px&#8220; border_width_all_image=&#8220;14px&#8220; border_color_all_image=&#8220;#ffffff&#8220; box_shadow_horizontal_tablet=&#8220;0px&#8220; box_shadow_vertical_tablet=&#8220;0px&#8220; box_shadow_blur_tablet=&#8220;40px&#8220; box_shadow_spread_tablet=&#8220;0px&#8220; text_shadow_horizontal_length_tablet=&#8220;0px&#8220; text_shadow_vertical_length_tablet=&#8220;0px&#8220; text_shadow_blur_strength_tablet=&#8220;1px&#8220;]<\/p>\n<p>Der multisensorische Stimulationsraum Snoezelen verf\u00fcgt \u00fcber &#8230;<\/p>\n<p>[\/et_pb_blurb][et_pb_button button_url=&#8220;https:\/\/kinderapia.com\/de\/multisensorischer-stimulationsraum-snoezelen&#8220; button_text=&#8220;Mehr Informationen&#8220; button_alignment=&#8220;center&#8220; _builder_version=&#8220;4.9.4&#8243; custom_button=&#8220;on&#8220; button_text_size=&#8220;16px&#8220; button_text_color=&#8220;#58bec8&#8243; button_bg_color=&#8220;#FFFFFF&#8220; button_border_width=&#8220;0px&#8220; button_border_radius=&#8220;30px&#8220; button_font=&#8220;Roboto Slab|700|||||||&#8220; button_use_icon=&#8220;off&#8220; custom_margin=&#8220;-21px|||||&#8220; custom_padding=&#8220;14px|24px|14px|24px&#8220; hover_enabled=&#8220;0&#8243; z_index_tablet=&#8220;500&#8243; button_text_shadow_horizontal_length_tablet=&#8220;0px&#8220; button_text_shadow_vertical_length_tablet=&#8220;0px&#8220; button_text_shadow_blur_strength_tablet=&#8220;1px&#8220; box_shadow_horizontal_tablet=&#8220;0px&#8220; box_shadow_vertical_tablet=&#8220;0px&#8220; box_shadow_blur_tablet=&#8220;40px&#8220; box_shadow_spread_tablet=&#8220;0px&#8220; saved_tabs=&#8220;all&#8220; button_text_size__hover_enabled=&#8220;off&#8220; button_one_text_size__hover_enabled=&#8220;off&#8220; button_two_text_size__hover_enabled=&#8220;off&#8220; button_text_color__hover_enabled=&#8220;on&#8220; button_one_text_color__hover_enabled=&#8220;off&#8220; button_two_text_color__hover_enabled=&#8220;off&#8220; button_border_width__hover_enabled=&#8220;off&#8220; button_one_border_width__hover_enabled=&#8220;off&#8220; button_two_border_width__hover_enabled=&#8220;off&#8220; button_border_color__hover_enabled=&#8220;off&#8220; button_one_border_color__hover_enabled=&#8220;off&#8220; button_two_border_color__hover_enabled=&#8220;off&#8220; button_border_radius__hover_enabled=&#8220;off&#8220; button_one_border_radius__hover_enabled=&#8220;off&#8220; button_two_border_radius__hover_enabled=&#8220;off&#8220; button_letter_spacing__hover_enabled=&#8220;off&#8220; button_one_letter_spacing__hover_enabled=&#8220;off&#8220; button_two_letter_spacing__hover_enabled=&#8220;off&#8220; button_bg_color__hover_enabled=&#8220;on&#8220; button_one_bg_color__hover_enabled=&#8220;off&#8220; button_two_bg_color__hover_enabled=&#8220;off&#8220; button_bg_color__hover=&#8220;#ffb24f&#8220; button_text_color__hover=&#8220;#FFFFFF&#8220; sticky_enabled=&#8220;0&#8243;][\/et_pb_button][\/et_pb_column][\/et_pb_row][\/et_pb_section]<\/p>\n","protected":false},"excerpt":{"rendered":"<p>ErgotherapieTherapie, die bei Menschen mit k\u00f6rperlichen St\u00f6rungen funktioniertDer Ergotherapeut arbeitet mit denjenigen Personen oder Bev\u00f6lkerungsgruppen, die aufgrund einer Ver\u00e4nderung des Gesundheitszustands unter Beeintr\u00e4chtigungen einer K\u00f6rperstruktur oder -funktion leiden und daher Einschr\u00e4nkungen in ihrem t\u00e4glichen Leben erfahren.Ergotherapie ist darauf spezialisiert, die Person in die Lage zu versetzen, ein H\u00f6chstma\u00df an Unabh\u00e4ngigkeit im t\u00e4glichen Leben zu erreichen. [&hellip;]<\/p>\n","protected":false},"author":4,"featured_media":0,"parent":4024,"menu_order":0,"comment_status":"closed","ping_status":"closed","template":"","meta":{"_et_pb_use_builder":"on","_et_pb_old_content":"","_et_gb_content_width":"","inline_featured_image":false,"footnotes":""},"class_list":["post-4030","page","type-page","status-publish","hentry"],"yoast_head":"<!-- This site is optimized with the Yoast SEO plugin v27.2 - https:\/\/yoast.com\/product\/yoast-seo-wordpress\/ -->\n<title>Ergotherapie - Kinderapia<\/title>\n<meta name=\"robots\" content=\"index, follow, max-snippet:-1, max-image-preview:large, max-video-preview:-1\" \/>\n<link rel=\"canonical\" href=\"https:\/\/kinderapia.com\/de\/multisensorischer-stimulationsraum-snoezelen\/ergotherapie\" \/>\n<meta property=\"og:locale\" content=\"de_DE\" \/>\n<meta property=\"og:type\" content=\"article\" \/>\n<meta property=\"og:title\" content=\"Ergotherapie - Kinderapia\" \/>\n<meta property=\"og:description\" content=\"ErgotherapieTherapie, die bei Menschen mit k\u00f6rperlichen St\u00f6rungen funktioniertDer Ergotherapeut arbeitet mit denjenigen Personen oder Bev\u00f6lkerungsgruppen, die aufgrund einer Ver\u00e4nderung des Gesundheitszustands unter Beeintr\u00e4chtigungen einer K\u00f6rperstruktur oder -funktion leiden und daher Einschr\u00e4nkungen in ihrem t\u00e4glichen Leben erfahren.Ergotherapie ist darauf spezialisiert, die Person in die Lage zu versetzen, ein H\u00f6chstma\u00df an Unabh\u00e4ngigkeit im t\u00e4glichen Leben zu erreichen. [&hellip;]\" \/>\n<meta property=\"og:url\" content=\"https:\/\/kinderapia.com\/de\/multisensorischer-stimulationsraum-snoezelen\/ergotherapie\" \/>\n<meta property=\"og:site_name\" content=\"Kinderapia\" \/>\n<meta property=\"article:modified_time\" content=\"2021-06-15T11:55:59+00:00\" \/>\n<meta name=\"twitter:card\" content=\"summary_large_image\" \/>\n<meta name=\"twitter:label1\" content=\"Gesch\u00e4tzte Lesezeit\" \/>\n\t<meta name=\"twitter:data1\" content=\"7\u00a0Minuten\" \/>\n<script type=\"application\/ld+json\" class=\"yoast-schema-graph\">{\"@context\":\"https:\/\/schema.org\",\"@graph\":[{\"@type\":\"WebPage\",\"@id\":\"https:\/\/kinderapia.com\/de\/multisensorischer-stimulationsraum-snoezelen\/ergotherapie\",\"url\":\"https:\/\/kinderapia.com\/de\/multisensorischer-stimulationsraum-snoezelen\/ergotherapie\",\"name\":\"Ergotherapie - Kinderapia\",\"isPartOf\":{\"@id\":\"https:\/\/kinderapia.com\/#website\"},\"datePublished\":\"2019-07-03T14:25:53+00:00\",\"dateModified\":\"2021-06-15T11:55:59+00:00\",\"breadcrumb\":{\"@id\":\"https:\/\/kinderapia.com\/de\/multisensorischer-stimulationsraum-snoezelen\/ergotherapie#breadcrumb\"},\"inLanguage\":\"de\",\"potentialAction\":[{\"@type\":\"ReadAction\",\"target\":[\"https:\/\/kinderapia.com\/de\/multisensorischer-stimulationsraum-snoezelen\/ergotherapie\"]}]},{\"@type\":\"BreadcrumbList\",\"@id\":\"https:\/\/kinderapia.com\/de\/multisensorischer-stimulationsraum-snoezelen\/ergotherapie#breadcrumb\",\"itemListElement\":[{\"@type\":\"ListItem\",\"position\":1,\"name\":\"Home\",\"item\":\"https:\/\/kinderapia.com\/de\"},{\"@type\":\"ListItem\",\"position\":2,\"name\":\"Multisensorischer Stimulationsraum Snoezelen\",\"item\":\"https:\/\/kinderapia.com\/de\/multisensorischer-stimulationsraum-snoezelen\"},{\"@type\":\"ListItem\",\"position\":3,\"name\":\"Ergotherapie\"}]},{\"@type\":\"WebSite\",\"@id\":\"https:\/\/kinderapia.com\/#website\",\"url\":\"https:\/\/kinderapia.com\/\",\"name\":\"Kinderapia\",\"description\":\"Centro de psicolog\u00eda aplicada en Esplugues de Llobregat\",\"publisher\":{\"@id\":\"https:\/\/kinderapia.com\/#organization\"},\"potentialAction\":[{\"@type\":\"SearchAction\",\"target\":{\"@type\":\"EntryPoint\",\"urlTemplate\":\"https:\/\/kinderapia.com\/?s={search_term_string}\"},\"query-input\":{\"@type\":\"PropertyValueSpecification\",\"valueRequired\":true,\"valueName\":\"search_term_string\"}}],\"inLanguage\":\"de\"},{\"@type\":\"Organization\",\"@id\":\"https:\/\/kinderapia.com\/#organization\",\"name\":\"Kinderapia\",\"url\":\"https:\/\/kinderapia.com\/\",\"logo\":{\"@type\":\"ImageObject\",\"inLanguage\":\"de\",\"@id\":\"https:\/\/kinderapia.com\/#\/schema\/logo\/image\/\",\"url\":\"http:\/\/kinderapia.com\/wp-content\/uploads\/2019\/06\/Logo-Kinderapia-adultos-1.png\",\"contentUrl\":\"http:\/\/kinderapia.com\/wp-content\/uploads\/2019\/06\/Logo-Kinderapia-adultos-1.png\",\"width\":230,\"height\":75,\"caption\":\"Kinderapia\"},\"image\":{\"@id\":\"https:\/\/kinderapia.com\/#\/schema\/logo\/image\/\"}}]}<\/script>\n<!-- \/ Yoast SEO plugin. -->","yoast_head_json":{"title":"Ergotherapie - Kinderapia","robots":{"index":"index","follow":"follow","max-snippet":"max-snippet:-1","max-image-preview":"max-image-preview:large","max-video-preview":"max-video-preview:-1"},"canonical":"https:\/\/kinderapia.com\/de\/multisensorischer-stimulationsraum-snoezelen\/ergotherapie","og_locale":"de_DE","og_type":"article","og_title":"Ergotherapie - Kinderapia","og_description":"ErgotherapieTherapie, die bei Menschen mit k\u00f6rperlichen St\u00f6rungen funktioniertDer Ergotherapeut arbeitet mit denjenigen Personen oder Bev\u00f6lkerungsgruppen, die aufgrund einer Ver\u00e4nderung des Gesundheitszustands unter Beeintr\u00e4chtigungen einer K\u00f6rperstruktur oder -funktion leiden und daher Einschr\u00e4nkungen in ihrem t\u00e4glichen Leben erfahren.Ergotherapie ist darauf spezialisiert, die Person in die Lage zu versetzen, ein H\u00f6chstma\u00df an Unabh\u00e4ngigkeit im t\u00e4glichen Leben zu erreichen. [&hellip;]","og_url":"https:\/\/kinderapia.com\/de\/multisensorischer-stimulationsraum-snoezelen\/ergotherapie","og_site_name":"Kinderapia","article_modified_time":"2021-06-15T11:55:59+00:00","twitter_card":"summary_large_image","twitter_misc":{"Gesch\u00e4tzte Lesezeit":"7\u00a0Minuten"},"schema":{"@context":"https:\/\/schema.org","@graph":[{"@type":"WebPage","@id":"https:\/\/kinderapia.com\/de\/multisensorischer-stimulationsraum-snoezelen\/ergotherapie","url":"https:\/\/kinderapia.com\/de\/multisensorischer-stimulationsraum-snoezelen\/ergotherapie","name":"Ergotherapie - Kinderapia","isPartOf":{"@id":"https:\/\/kinderapia.com\/#website"},"datePublished":"2019-07-03T14:25:53+00:00","dateModified":"2021-06-15T11:55:59+00:00","breadcrumb":{"@id":"https:\/\/kinderapia.com\/de\/multisensorischer-stimulationsraum-snoezelen\/ergotherapie#breadcrumb"},"inLanguage":"de","potentialAction":[{"@type":"ReadAction","target":["https:\/\/kinderapia.com\/de\/multisensorischer-stimulationsraum-snoezelen\/ergotherapie"]}]},{"@type":"BreadcrumbList","@id":"https:\/\/kinderapia.com\/de\/multisensorischer-stimulationsraum-snoezelen\/ergotherapie#breadcrumb","itemListElement":[{"@type":"ListItem","position":1,"name":"Home","item":"https:\/\/kinderapia.com\/de"},{"@type":"ListItem","position":2,"name":"Multisensorischer Stimulationsraum Snoezelen","item":"https:\/\/kinderapia.com\/de\/multisensorischer-stimulationsraum-snoezelen"},{"@type":"ListItem","position":3,"name":"Ergotherapie"}]},{"@type":"WebSite","@id":"https:\/\/kinderapia.com\/#website","url":"https:\/\/kinderapia.com\/","name":"Kinderapia","description":"Centro de psicolog\u00eda aplicada en Esplugues de Llobregat","publisher":{"@id":"https:\/\/kinderapia.com\/#organization"},"potentialAction":[{"@type":"SearchAction","target":{"@type":"EntryPoint","urlTemplate":"https:\/\/kinderapia.com\/?s={search_term_string}"},"query-input":{"@type":"PropertyValueSpecification","valueRequired":true,"valueName":"search_term_string"}}],"inLanguage":"de"},{"@type":"Organization","@id":"https:\/\/kinderapia.com\/#organization","name":"Kinderapia","url":"https:\/\/kinderapia.com\/","logo":{"@type":"ImageObject","inLanguage":"de","@id":"https:\/\/kinderapia.com\/#\/schema\/logo\/image\/","url":"http:\/\/kinderapia.com\/wp-content\/uploads\/2019\/06\/Logo-Kinderapia-adultos-1.png","contentUrl":"http:\/\/kinderapia.com\/wp-content\/uploads\/2019\/06\/Logo-Kinderapia-adultos-1.png","width":230,"height":75,"caption":"Kinderapia"},"image":{"@id":"https:\/\/kinderapia.com\/#\/schema\/logo\/image\/"}}]}},"_links":{"self":[{"href":"https:\/\/kinderapia.com\/de\/wp-json\/wp\/v2\/pages\/4030","targetHints":{"allow":["GET"]}}],"collection":[{"href":"https:\/\/kinderapia.com\/de\/wp-json\/wp\/v2\/pages"}],"about":[{"href":"https:\/\/kinderapia.com\/de\/wp-json\/wp\/v2\/types\/page"}],"author":[{"embeddable":true,"href":"https:\/\/kinderapia.com\/de\/wp-json\/wp\/v2\/users\/4"}],"replies":[{"embeddable":true,"href":"https:\/\/kinderapia.com\/de\/wp-json\/wp\/v2\/comments?post=4030"}],"version-history":[{"count":5,"href":"https:\/\/kinderapia.com\/de\/wp-json\/wp\/v2\/pages\/4030\/revisions"}],"predecessor-version":[{"id":4141,"href":"https:\/\/kinderapia.com\/de\/wp-json\/wp\/v2\/pages\/4030\/revisions\/4141"}],"up":[{"embeddable":true,"href":"https:\/\/kinderapia.com\/de\/wp-json\/wp\/v2\/pages\/4024"}],"wp:attachment":[{"href":"https:\/\/kinderapia.com\/de\/wp-json\/wp\/v2\/media?parent=4030"}],"curies":[{"name":"wp","href":"https:\/\/api.w.org\/{rel}","templated":true}]}}