{"id":5875,"date":"2021-04-30T10:02:27","date_gmt":"2021-04-30T10:02:27","guid":{"rendered":"https:\/\/kinderapia.com\/team\/marta-pujol"},"modified":"2023-05-23T15:24:22","modified_gmt":"2023-05-23T15:24:22","slug":"marta-pujol","status":"publish","type":"page","link":"https:\/\/kinderapia.com\/de\/team\/marta-pujol","title":{"rendered":"Marta Pujol"},"content":{"rendered":"<p>[et_pb_section fb_built=&#8220;1&#8243; next_background_color=&#8220;#ffffff&#8220; admin_label=&#8220;Hero&#8220; _builder_version=&#8220;4.16&#8243; background_color=&#8220;#58bec8&#8243; background_color_gradient_direction=&#8220;62deg&#8220; background_image=&#8220;https:\/\/kinderapia.com\/wp-content\/uploads\/2019\/06\/prueba-banner-home-5.png&#8220; background_blend=&#8220;soft-light&#8220; custom_margin=&#8220;|||&#8220; custom_padding=&#8220;47px||40px|||&#8220; bottom_divider_style=&#8220;wave2&#8243; bottom_divider_height=&#8220;150px&#8220; global_colors_info=&#8220;{}&#8220;][et_pb_row _builder_version=&#8220;4.16&#8243; background_size=&#8220;initial&#8220; background_position=&#8220;top_left&#8220; background_repeat=&#8220;repeat&#8220; custom_padding=&#8220;0px|||||&#8220; global_colors_info=&#8220;{}&#8220;][et_pb_column type=&#8220;4_4&#8243; _builder_version=&#8220;4.16&#8243; custom_padding=&#8220;|||&#8220; global_colors_info=&#8220;{}&#8220; custom_padding__hover=&#8220;|||&#8220;][\/et_pb_column][\/et_pb_row][\/et_pb_section][et_pb_section fb_built=&#8220;1&#8243; admin_label=&#8220;About&#8220; _builder_version=&#8220;4.16&#8243; custom_padding=&#8220;120px|0px|111px|0px&#8220; global_colors_info=&#8220;{}&#8220;][et_pb_row column_structure=&#8220;1_2,1_2&#8243; _builder_version=&#8220;4.16&#8243; custom_margin=&#8220;-133px|auto|-24px|auto||&#8220; global_colors_info=&#8220;{}&#8220;][et_pb_column type=&#8220;1_2&#8243; _builder_version=&#8220;4.16&#8243; custom_padding=&#8220;|||&#8220; global_colors_info=&#8220;{}&#8220; custom_padding__hover=&#8220;|||&#8220;][et_pb_image src=&#8220;https:\/\/kinderapia.com\/wp-content\/uploads\/2022\/05\/kinderapia-equipo-marta-pujol.jpg&#8220; title_text=&#8220;kinderapia-equipo-marta-pujol&#8220; force_fullwidth=&#8220;on&#8220; align_tablet=&#8220;center&#8220; align_phone=&#8220;&#8220; align_last_edited=&#8220;on|desktop&#8220; _builder_version=&#8220;4.17.4&#8243; custom_margin=&#8220;||-22px|||&#8220; custom_padding=&#8220;||3px|||&#8220; animation_style=&#8220;fade&#8220; border_radii=&#8220;on|8px|8px|8px|8px&#8220; global_colors_info=&#8220;{}&#8220;][\/et_pb_image][\/et_pb_column][et_pb_column type=&#8220;1_2&#8243; _builder_version=&#8220;4.16&#8243; custom_padding=&#8220;|||&#8220; global_colors_info=&#8220;{}&#8220; custom_padding__hover=&#8220;|||&#8220;][et_pb_text _builder_version=&#8220;4.21.0&#8243; text_font=&#8220;Roboto|300|||||||&#8220; text_text_color=&#8220;#757575&#8243; text_font_size=&#8220;16px&#8220; text_line_height=&#8220;1.5em&#8220; header_font=&#8220;Roboto Slab|700|||||||&#8220; header_font_size=&#8220;21px&#8220; header_2_font=&#8220;Roboto Slab|700|||||||&#8220; header_2_text_color=&#8220;#58bec8&#8243; header_2_font_size=&#8220;36px&#8220; header_3_font=&#8220;||||||||&#8220; animation_style=&#8220;slide&#8220; animation_direction=&#8220;top&#8220; animation_intensity_slide=&#8220;5%&#8220; animation_starting_opacity=&#8220;100%&#8220; hover_enabled=&#8220;0&#8243; locked=&#8220;off&#8220; global_colors_info=&#8220;{}&#8220; sticky_enabled=&#8220;0&#8243;]<\/p>\n<h2>Marta Pujol<\/h2>\n<h1>Neurologop\u00e4din<\/h1>\n<p>Abschluss in Sprachtherapie an der Autonomen Universit\u00e4t Barcelona (UAB). Spezialisiert auf Neurologie mit Abschluss eines Masterstudiums in Neurologop\u00e4die. Mit Ausbildung in verschiedenen Bereichen der Sprachtherapie wie Intervention bei ASD, Intervention und Bewertung bei TDL sowie Bewertung und Intervention bei spezifischer schriftlicher Lernst\u00f6rung.<\/p>\n<p>[\/et_pb_text][et_pb_button button_url=&#8220;mailto:%20info@kinderapia.com &#8220; button_text=&#8220;Eine Anfrage stellen&#8220; _builder_version=&#8220;4.21.0&#8243; custom_button=&#8220;on&#8220; button_text_size=&#8220;15px&#8220; button_text_color=&#8220;#ffffff&#8220; button_bg_color=&#8220;#58bec8&#8243; button_border_width=&#8220;0px&#8220; button_border_radius=&#8220;100px&#8220; button_font=&#8220;Roboto Slab|700|||||||&#8220; button_use_icon=&#8220;off&#8220; custom_margin=&#8220;||-34px|||&#8220; custom_padding=&#8220;14px|24px|14px|24px&#8220; hover_enabled=&#8220;0&#8243; z_index_tablet=&#8220;500&#8243; button_text_shadow_horizontal_length_tablet=&#8220;0px&#8220; button_text_shadow_vertical_length_tablet=&#8220;0px&#8220; button_text_shadow_blur_strength_tablet=&#8220;1px&#8220; box_shadow_horizontal_tablet=&#8220;0px&#8220; box_shadow_vertical_tablet=&#8220;0px&#8220; box_shadow_blur_tablet=&#8220;40px&#8220; box_shadow_spread_tablet=&#8220;0px&#8220; global_colors_info=&#8220;{}&#8220; button_bg_color__hover_enabled=&#8220;on&#8220; button_bg_color__hover=&#8220;#ffb24f&#8220; sticky_enabled=&#8220;0&#8243;][\/et_pb_button][\/et_pb_column][\/et_pb_row][\/et_pb_section]<\/p>\n","protected":false},"excerpt":{"rendered":"<p>Marta Pujol Neurologop\u00e4din Abschluss in Sprachtherapie an der Autonomen Universit\u00e4t Barcelona (UAB). Spezialisiert auf Neurologie mit Abschluss eines Masterstudiums in Neurologop\u00e4die. Mit Ausbildung in verschiedenen Bereichen der Sprachtherapie wie Intervention bei ASD, Intervention und Bewertung bei TDL sowie Bewertung und Intervention bei spezifischer schriftlicher Lernst\u00f6rung.<\/p>\n","protected":false},"author":4,"featured_media":0,"parent":4045,"menu_order":0,"comment_status":"closed","ping_status":"closed","template":"","meta":{"_et_pb_use_builder":"on","_et_pb_old_content":"","_et_gb_content_width":"","inline_featured_image":false,"footnotes":""},"class_list":["post-5875","page","type-page","status-publish","hentry"],"yoast_head":"<!-- This site is optimized with the Yoast SEO plugin v27.3 - https:\/\/yoast.com\/product\/yoast-seo-wordpress\/ -->\n<title>Marta Pujol - Kinderapia<\/title>\n<meta name=\"robots\" content=\"index, follow, max-snippet:-1, max-image-preview:large, max-video-preview:-1\" \/>\n<link rel=\"canonical\" href=\"https:\/\/kinderapia.com\/de\/team\/marta-pujol\" \/>\n<meta property=\"og:locale\" content=\"de_DE\" \/>\n<meta property=\"og:type\" content=\"article\" \/>\n<meta property=\"og:title\" content=\"Marta Pujol - Kinderapia\" \/>\n<meta property=\"og:description\" content=\"Marta Pujol Neurologop\u00e4din Abschluss in Sprachtherapie an der Autonomen Universit\u00e4t Barcelona (UAB). Spezialisiert auf Neurologie mit Abschluss eines Masterstudiums in Neurologop\u00e4die. Mit Ausbildung in verschiedenen Bereichen der Sprachtherapie wie Intervention bei ASD, Intervention und Bewertung bei TDL sowie Bewertung und Intervention bei spezifischer schriftlicher Lernst\u00f6rung.\" \/>\n<meta property=\"og:url\" content=\"https:\/\/kinderapia.com\/de\/team\/marta-pujol\" \/>\n<meta property=\"og:site_name\" content=\"Kinderapia\" \/>\n<meta property=\"article:modified_time\" content=\"2023-05-23T15:24:22+00:00\" \/>\n<meta name=\"twitter:card\" content=\"summary_large_image\" \/>\n<meta name=\"twitter:label1\" content=\"Gesch\u00e4tzte Lesezeit\" \/>\n\t<meta name=\"twitter:data1\" content=\"1\u00a0Minute\" \/>\n<script type=\"application\/ld+json\" class=\"yoast-schema-graph\">{\"@context\":\"https:\\\/\\\/schema.org\",\"@graph\":[{\"@type\":\"WebPage\",\"@id\":\"https:\\\/\\\/kinderapia.com\\\/de\\\/team\\\/marta-pujol\",\"url\":\"https:\\\/\\\/kinderapia.com\\\/de\\\/team\\\/marta-pujol\",\"name\":\"Marta Pujol - Kinderapia\",\"isPartOf\":{\"@id\":\"https:\\\/\\\/kinderapia.com\\\/#website\"},\"datePublished\":\"2021-04-30T10:02:27+00:00\",\"dateModified\":\"2023-05-23T15:24:22+00:00\",\"breadcrumb\":{\"@id\":\"https:\\\/\\\/kinderapia.com\\\/de\\\/team\\\/marta-pujol#breadcrumb\"},\"inLanguage\":\"de\",\"potentialAction\":[{\"@type\":\"ReadAction\",\"target\":[\"https:\\\/\\\/kinderapia.com\\\/de\\\/team\\\/marta-pujol\"]}]},{\"@type\":\"BreadcrumbList\",\"@id\":\"https:\\\/\\\/kinderapia.com\\\/de\\\/team\\\/marta-pujol#breadcrumb\",\"itemListElement\":[{\"@type\":\"ListItem\",\"position\":1,\"name\":\"Home\",\"item\":\"https:\\\/\\\/kinderapia.com\\\/de\"},{\"@type\":\"ListItem\",\"position\":2,\"name\":\"Team\",\"item\":\"https:\\\/\\\/kinderapia.com\\\/de\\\/team\"},{\"@type\":\"ListItem\",\"position\":3,\"name\":\"Marta Pujol\"}]},{\"@type\":\"WebSite\",\"@id\":\"https:\\\/\\\/kinderapia.com\\\/#website\",\"url\":\"https:\\\/\\\/kinderapia.com\\\/\",\"name\":\"Kinderapia\",\"description\":\"Centro de psicolog\u00eda aplicada en Esplugues de Llobregat\",\"publisher\":{\"@id\":\"https:\\\/\\\/kinderapia.com\\\/#organization\"},\"potentialAction\":[{\"@type\":\"SearchAction\",\"target\":{\"@type\":\"EntryPoint\",\"urlTemplate\":\"https:\\\/\\\/kinderapia.com\\\/?s={search_term_string}\"},\"query-input\":{\"@type\":\"PropertyValueSpecification\",\"valueRequired\":true,\"valueName\":\"search_term_string\"}}],\"inLanguage\":\"de\"},{\"@type\":\"Organization\",\"@id\":\"https:\\\/\\\/kinderapia.com\\\/#organization\",\"name\":\"Kinderapia\",\"url\":\"https:\\\/\\\/kinderapia.com\\\/\",\"logo\":{\"@type\":\"ImageObject\",\"inLanguage\":\"de\",\"@id\":\"https:\\\/\\\/kinderapia.com\\\/#\\\/schema\\\/logo\\\/image\\\/\",\"url\":\"https:\\\/\\\/kinderapia.com\\\/wp-content\\\/uploads\\\/2019\\\/06\\\/Logo-Kinderapia-adultos-1.png\",\"contentUrl\":\"https:\\\/\\\/kinderapia.com\\\/wp-content\\\/uploads\\\/2019\\\/06\\\/Logo-Kinderapia-adultos-1.png\",\"width\":230,\"height\":75,\"caption\":\"Kinderapia\"},\"image\":{\"@id\":\"https:\\\/\\\/kinderapia.com\\\/#\\\/schema\\\/logo\\\/image\\\/\"}}]}<\/script>\n<!-- \/ Yoast SEO plugin. -->","yoast_head_json":{"title":"Marta Pujol - Kinderapia","robots":{"index":"index","follow":"follow","max-snippet":"max-snippet:-1","max-image-preview":"max-image-preview:large","max-video-preview":"max-video-preview:-1"},"canonical":"https:\/\/kinderapia.com\/de\/team\/marta-pujol","og_locale":"de_DE","og_type":"article","og_title":"Marta Pujol - Kinderapia","og_description":"Marta Pujol Neurologop\u00e4din Abschluss in Sprachtherapie an der Autonomen Universit\u00e4t Barcelona (UAB). Spezialisiert auf Neurologie mit Abschluss eines Masterstudiums in Neurologop\u00e4die. Mit Ausbildung in verschiedenen Bereichen der Sprachtherapie wie Intervention bei ASD, Intervention und Bewertung bei TDL sowie Bewertung und Intervention bei spezifischer schriftlicher Lernst\u00f6rung.","og_url":"https:\/\/kinderapia.com\/de\/team\/marta-pujol","og_site_name":"Kinderapia","article_modified_time":"2023-05-23T15:24:22+00:00","twitter_card":"summary_large_image","twitter_misc":{"Gesch\u00e4tzte Lesezeit":"1\u00a0Minute"},"schema":{"@context":"https:\/\/schema.org","@graph":[{"@type":"WebPage","@id":"https:\/\/kinderapia.com\/de\/team\/marta-pujol","url":"https:\/\/kinderapia.com\/de\/team\/marta-pujol","name":"Marta Pujol - Kinderapia","isPartOf":{"@id":"https:\/\/kinderapia.com\/#website"},"datePublished":"2021-04-30T10:02:27+00:00","dateModified":"2023-05-23T15:24:22+00:00","breadcrumb":{"@id":"https:\/\/kinderapia.com\/de\/team\/marta-pujol#breadcrumb"},"inLanguage":"de","potentialAction":[{"@type":"ReadAction","target":["https:\/\/kinderapia.com\/de\/team\/marta-pujol"]}]},{"@type":"BreadcrumbList","@id":"https:\/\/kinderapia.com\/de\/team\/marta-pujol#breadcrumb","itemListElement":[{"@type":"ListItem","position":1,"name":"Home","item":"https:\/\/kinderapia.com\/de"},{"@type":"ListItem","position":2,"name":"Team","item":"https:\/\/kinderapia.com\/de\/team"},{"@type":"ListItem","position":3,"name":"Marta Pujol"}]},{"@type":"WebSite","@id":"https:\/\/kinderapia.com\/#website","url":"https:\/\/kinderapia.com\/","name":"Kinderapia","description":"Centro de psicolog\u00eda aplicada en Esplugues de Llobregat","publisher":{"@id":"https:\/\/kinderapia.com\/#organization"},"potentialAction":[{"@type":"SearchAction","target":{"@type":"EntryPoint","urlTemplate":"https:\/\/kinderapia.com\/?s={search_term_string}"},"query-input":{"@type":"PropertyValueSpecification","valueRequired":true,"valueName":"search_term_string"}}],"inLanguage":"de"},{"@type":"Organization","@id":"https:\/\/kinderapia.com\/#organization","name":"Kinderapia","url":"https:\/\/kinderapia.com\/","logo":{"@type":"ImageObject","inLanguage":"de","@id":"https:\/\/kinderapia.com\/#\/schema\/logo\/image\/","url":"https:\/\/kinderapia.com\/wp-content\/uploads\/2019\/06\/Logo-Kinderapia-adultos-1.png","contentUrl":"https:\/\/kinderapia.com\/wp-content\/uploads\/2019\/06\/Logo-Kinderapia-adultos-1.png","width":230,"height":75,"caption":"Kinderapia"},"image":{"@id":"https:\/\/kinderapia.com\/#\/schema\/logo\/image\/"}}]}},"_links":{"self":[{"href":"https:\/\/kinderapia.com\/de\/wp-json\/wp\/v2\/pages\/5875","targetHints":{"allow":["GET"]}}],"collection":[{"href":"https:\/\/kinderapia.com\/de\/wp-json\/wp\/v2\/pages"}],"about":[{"href":"https:\/\/kinderapia.com\/de\/wp-json\/wp\/v2\/types\/page"}],"author":[{"embeddable":true,"href":"https:\/\/kinderapia.com\/de\/wp-json\/wp\/v2\/users\/4"}],"replies":[{"embeddable":true,"href":"https:\/\/kinderapia.com\/de\/wp-json\/wp\/v2\/comments?post=5875"}],"version-history":[{"count":1,"href":"https:\/\/kinderapia.com\/de\/wp-json\/wp\/v2\/pages\/5875\/revisions"}],"predecessor-version":[{"id":5877,"href":"https:\/\/kinderapia.com\/de\/wp-json\/wp\/v2\/pages\/5875\/revisions\/5877"}],"up":[{"embeddable":true,"href":"https:\/\/kinderapia.com\/de\/wp-json\/wp\/v2\/pages\/4045"}],"wp:attachment":[{"href":"https:\/\/kinderapia.com\/de\/wp-json\/wp\/v2\/media?parent=5875"}],"curies":[{"name":"wp","href":"https:\/\/api.w.org\/{rel}","templated":true}]}}